{"id":153094,"date":"2025-12-18T06:04:16","date_gmt":"2025-12-18T03:04:16","guid":{"rendered":"https:\/\/baldumarket.lt\/?post_type=product&#038;p=153094"},"modified":"2026-02-03T23:33:40","modified_gmt":"2026-02-03T20:33:40","slug":"naroznik-voss-xl-lewy-gr1","status":"publish","type":"product","link":"https:\/\/baldumarket.lt\/lt\/product\/naroznik-voss-xl-lewy-gr1\/","title":{"rendered":"Voss XL kampin\u0117 sofa, kair\u0117, Gr1"},"content":{"rendered":"<h5><span style=\"color: #54859b\">Apsilankykite m\u016bs\u0173 virtualioje WERSAL prek\u0117s \u017eenklo parduotuv\u0117je<\/span><\/h5>\n<p> <a href=\"https:\/\/my.matterport.com\/show\/?m=SjRhosZFbQJ\" target=\"_blank\" rel=\"noopener\"><span style=\"color: #e47025\">https:\/\/my.matterport.com\/<\/span><\/a><\/p>\n<p>Erdv\u0117 reikliausiems<br \/>\n\u201eVoss XL\u201c kampin\u0117 sofa \u2013 puikus pasirinkimas tiems, kurie vertina modern\u0173 dizain\u0105 ir auk\u0161\u010diausi\u0105 funkcionalumo lyg\u012f. Erdvi, 373 cm plo\u010dio ir 218 cm gylio s\u0117dyn\u0117 lengvai talpina daug \u017emoni\u0173, tod\u0117l puikiai tinka erdvioms svetain\u0117ms ir tampa bet kokio i\u0161d\u0117stymo traukos centru. Didel\u0117, mink\u0161ta s\u0117dyn\u0117, u\u017epildyta poliuretano put\u0173 ir vingiuot\u0173 spyruokli\u0173 deriniu, garantuoja komfort\u0105 ir lankstum\u0105, kuris patenkins tiek \u0161eimos nari\u0173, tiek sve\u010di\u0173 poreikius net ir ilgo s\u0117d\u0117jimo metu. Bendras sofos auk\u0161tis yra 94 cm, o auk\u0161tos, lieknos kojel\u0117s suteikia sofai lengvumo poj\u016bt\u012f ir palengvina \u0161var\u0105 po apa\u010dia.<br \/>\nFunkcionalumas kasdieniam naudojimui ir ypatingoms progoms<br \/>\n\u201eVoss XL\u201c kampin\u0117 sofa buvo sukurta galvojant apie universalum\u0105. Vienas did\u017eiausi\u0173 jos privalum\u0173 \u2013 delfino stiliaus miegojimo funkcija, leid\u017eianti greitai ir lengvai i\u0161skleisti sof\u0105, sukuriant didel\u012f 140 x 312 cm miegojimo plot\u0105. \u0160is sprendimas puikiai tinka sve\u010diams arba kai reikia papildomos miegojimo vietos. Be to, sofoje yra patalyn\u0117s skyrius, leid\u017eiantis lengvai susid\u0117ti b\u016btiniausius daiktus ir i\u0161laikyti tvark\u0105 svetain\u0117je. Daugelis \u017emoni\u0173 taip pat \u012fvertins poilsio funkcij\u0105, kuri suteikia patogi\u0105 koj\u0173 ir nugaros atram\u0105, o galvos atramos ir porankiai dar labiau padidina kasdienio naudojimo komfort\u0105.<br \/>\nStilius, kuris patraukia ak\u012f<br \/>\nVizualiai \u201eVoss XL\u201c kampin\u0117 sofa atrodo labai moderniai ir eleganti\u0161kai. Apmu\u0161al\u0173 audinys su matoma, subtilia tekst\u016bra ir tvirtas med\u017eio pagrindas suteikia visai sofai rafinuot\u0105 charakter\u012f. Auk\u0161tos, lieknos kojel\u0117s pabr\u0117\u017eia modern\u0173 sofos stili\u0173 ir, nepaisant \u012fsp\u016bdingo dyd\u017eio, suteikia jai lengvumo bei subtilumo. Paprastos linijos, \u0161iek tiek u\u017eapvalinti kra\u0161tai ir si\u016bl\u0117s s\u0117dyn\u0117je suteikia kampinei sofai unikalaus, nesenstan\u010dio \u017eavesio, kuris puikiai papildys tiek minimalistin\u012f, tiek jauk\u0173 interjer\u0105.<br \/>\nPuikiai tinka j\u016bs\u0173 svetainei<br \/>\n\u201eVoss XL\u201c kampin\u0117 sofa buvo sukurta ne tik kaip \u012fsp\u016bdingas, bet ir prakti\u0161kas j\u016bs\u0173 svetain\u0117s papildymas. Ji puikiai tinka atsipalaiduoti visai \u0161eimai, u\u017etikrinant komfort\u0105 \u017ei\u016brint filmus, skaitant ar susitinkant su draugais. Didel\u0117, plati s\u0117dyn\u0117 u\u017etikrina komfort\u0105 net ir ilgo poilsio metu, o reguliuojamos galvos atramos leid\u017eia kiekvienam rasti tobul\u0105 pad\u0117t\u012f pagal savo poreikius. \u012emontuota daiktad\u0117\u017e\u0117 leid\u017eia lengvai tvarkyti daiktus, o universalus kampin\u0117s sofos stilius leid\u017eia lanks\u010diai pritaikyti interjer\u0105 pagal j\u016bs\u0173 pageidavimus. \u0160is baldas patenkins net ir i\u0161rankiausi\u0173 vartotoj\u0173 l\u016bkes\u010dius, derindamas komfort\u0105, tvirt\u0105 apdirbim\u0105 ir unikali\u0105 i\u0161vaizd\u0105.<\/p>","protected":false},"excerpt":{"rendered":"<p>Plotis: 373 cm<br \/>\nAuk\u0161tis: 94 cm<br \/>\nGylis: 218 cm<br \/>\nS\u0117dyn\u0117s gylis: 75 cm<br \/>\nMiegamosios dalies ilgis: 140 cm<br \/>\nMiegamosios zonos plotis: 312 cm<br \/>\nPatalyn\u0117 su saugykla: su saugykla<br \/>\nAtrama: ant koj\u0173<br \/>\nProdukto b\u016bkl\u0117: savaranki\u0161kas surinkimas<\/p>","protected":false},"featured_media":153170,"comment_status":"open","ping_status":"closed","template":"","meta":[],"product_brand":[],"product_cat":[9386,616,1982,4104],"product_tag":[],"class_list":{"0":"post-153094","1":"product","2":"type-product","3":"status-publish","4":"has-post-thumbnail","6":"product_cat-avangarde-wersal-upholstered-furniture","7":"product_cat-corners","8":"product_cat-corners-u","9":"product_cat-wersal","11":"first","12":"instock","13":"shipping-taxable","14":"purchasable","15":"product-type-variable","16":"wvs-archive-product-wrapper"},"_links":{"self":[{"href":"https:\/\/baldumarket.lt\/lt\/wp-json\/wp\/v2\/product\/153094","targetHints":{"allow":["GET"]}}],"collection":[{"href":"https:\/\/baldumarket.lt\/lt\/wp-json\/wp\/v2\/product"}],"about":[{"href":"https:\/\/baldumarket.lt\/lt\/wp-json\/wp\/v2\/types\/product"}],"replies":[{"embeddable":true,"href":"https:\/\/baldumarket.lt\/lt\/wp-json\/wp\/v2\/comments?post=153094"}],"wp:featuredmedia":[{"embeddable":true,"href":"https:\/\/baldumarket.lt\/lt\/wp-json\/wp\/v2\/media\/153170"}],"wp:attachment":[{"href":"https:\/\/baldumarket.lt\/lt\/wp-json\/wp\/v2\/media?parent=153094"}],"wp:term":[{"taxonomy":"product_brand","embeddable":true,"href":"https:\/\/baldumarket.lt\/lt\/wp-json\/wp\/v2\/product_brand?post=153094"},{"taxonomy":"product_cat","embeddable":true,"href":"https:\/\/baldumarket.lt\/lt\/wp-json\/wp\/v2\/product_cat?post=153094"},{"taxonomy":"product_tag","embeddable":true,"href":"https:\/\/baldumarket.lt\/lt\/wp-json\/wp\/v2\/product_tag?post=153094"}],"curies":[{"name":"wp","href":"https:\/\/api.w.org\/{rel}","templated":true}]}}