{"id":153092,"date":"2025-12-18T06:04:14","date_gmt":"2025-12-18T03:04:14","guid":{"rendered":"https:\/\/baldumarket.lt\/?post_type=product&#038;p=153092"},"modified":"2026-02-03T23:33:40","modified_gmt":"2026-02-03T20:33:40","slug":"naroznik-voss-s-prawy-gr1","status":"publish","type":"product","link":"https:\/\/baldumarket.lt\/lt\/product\/naroznik-voss-s-prawy-gr1\/","title":{"rendered":"Voss kampin\u0117 sofa S de\u0161in\u0117 Gr1"},"content":{"rendered":"<h5><span style=\"color: #54859b\">Apsilankykite m\u016bs\u0173 virtualioje WERSAL prek\u0117s \u017eenklo parduotuv\u0117je<\/span><\/h5>\n<p> <a href=\"https:\/\/my.matterport.com\/show\/?m=SjRhosZFbQJ\" target=\"_blank\" rel=\"noopener\"><span style=\"color: #e47025\">https:\/\/my.matterport.com\/<\/span><\/a><\/p>\n<p>Kasdienio komforto erdv\u0117<br \/>\nKampin\u0117 sofa \u201eVoss S\u201c puikiai tinka tiems, kurie vertina kasdienio poilsio komfort\u0105 neaukodami modernaus dizaino. 271 cm plotis leid\u017eia patogiai \u012fsitaisyti iki trij\u0173 \u017emoni\u0173, o 75 cm gylio s\u0117dyn\u0117 suteikia patogi\u0105 viet\u0105 atsipalaiduoti tiek s\u0117dint, tiek gulint. Mink\u0161ta s\u0117dyn\u0117 sukurta su banguota spyruokle ir poliuretano putomis, sukurian\u010diomis spyruoklin\u012f efekt\u0105, kur\u012f \u012fvertins kiekvienas naudotojas ilgais vakarais, praleistais kalbantis, skaitant ar \u017ei\u016brint filmus. Papildoma pla\u010di\u0173 poranki\u0173 ir reguliuojam\u0173 galvos atram\u0173 atrama padidina komfort\u0105 ir sukuria jauki\u0105 erdv\u0119 visai \u0161eimai.<br \/>\nPrakti\u0161ki sprendimai viename balde<br \/>\nKampin\u0117 sofa \u201eVoss S\u201c pasi\u017eymi daugybe funkcij\u0173, kurios tikrai patiks ie\u0161kantiems prakti\u0161k\u0173 sprendim\u0173 savo svetainei. Viena i\u0161 \u0161i\u0173 savybi\u0173 \u2013 miegojimo funkcija, pagr\u012fsta delfin\u0173 sistema \u2013 \u0161is mechanizmas leid\u017eia greitai ir efektyviai transformuoti kampin\u0119 sof\u0105 \u012f patogi\u0105 226 cm ilgio ir 140 cm plo\u010dio lov\u0105. Tai puikus pasirinkimas tiems, kurie nori sve\u010diams pasi\u016blyti pilno dyd\u017eio poilsio viet\u0105, nereikalaujant atskiro miegamojo. Kampin\u0117je sofoje taip pat yra patalyn\u0117s skyrius, kuris leid\u017eia lengvai palaikyti tvark\u0105 kambaryje ir laikyti b\u016btiniausius daiktus po ranka.<br \/>\nModernus dizainas, kuris papildys bet kok\u012f interjer\u0105<br \/>\n\u201eVoss S\u201c kampin\u0117s sofos dizainas buvo kruop\u0161\u010diai apgalvotas, kad harmoningai der\u0117t\u0173 tiek prie modernaus, tiek prie klasikinio interjero. D\u0117l liekn\u0173, auk\u0161t\u0173 kojeli\u0173 baldas atrodo itin lengvai, o tai ne tik suteikia estetinio patrauklumo, bet ir palengvina kasdien\u012f sofos apmu\u0161al\u0173 valym\u0105. Patvarus audinio apmu\u0161alas kartu su mediniais elementais pabr\u0117\u017eia tvirt\u0105 konstrukcij\u0105, o universali forma leid\u017eia j\u0105 pastatyti tiek erdviose svetain\u0117se, tiek ir jaukesn\u0117se erdv\u0117se. Paprastos linijos, minimalistinis dizainas ir subtiliai dygsniuota s\u0117dyn\u0117 paver\u010dia \u0161i\u0105 kampin\u0119 sof\u0105 subtiliu bet kurios svetain\u0117s akcentu.<br \/>\nDaugiafunkcionalumas ranka pasiekiamas<br \/>\n\u0160is baldas puikiai tinka tiek kaip pagrindinis \u0161eimos susib\u016brim\u0173 centras, tiek kaip rami vieta popiet\u0117s miegui ar nuotoliniam darbui. Atsipalaidavimo funkcija leid\u017eia individualiai reguliuoti s\u0117d\u0117jimo pad\u0117t\u012f pagal savo poreikius, u\u017etikrinant komfort\u0105 vis\u0105 dien\u0105. Tvirta konstrukcija ir auk\u0161tos kokyb\u0117s med\u017eiagos garantuoja ilgaam\u017ei\u0161kum\u0105 ir patog\u0173 kasdien\u012f naudojim\u0105. Kampin\u0117 sofa \u201eVoss S\u201c yra puikus pasirinkimas visiems, kurie i\u0161 savo bald\u0173 tikisi daugiau nei vien funkcionalumo \u2013 ji si\u016blo patogum\u0105, estetik\u0105 ir prakti\u0161kum\u0105 viename, puikiai atitinkant\u012f \u0161iuolaikinius poreikius.<\/p>","protected":false},"excerpt":{"rendered":"<p>Plotis: 271 cm<br \/>\nAuk\u0161tis: 94 cm<br \/>\nGylis: 177 cm<br \/>\nS\u0117dyn\u0117s gylis: 75 cm<br \/>\nMiegamosios dalies ilgis: 226 cm<br \/>\nMiegamosios dalies plotis: 140 cm<br \/>\nPatalyn\u0117 su saugykla: su saugykla<br \/>\nAtrama: ant koj\u0173<br \/>\nProdukto b\u016bkl\u0117: savaranki\u0161kas surinkimas<\/p>","protected":false},"featured_media":153161,"comment_status":"open","ping_status":"closed","template":"","meta":[],"product_brand":[],"product_cat":[9386,616,1983,4104],"product_tag":[],"class_list":{"0":"post-153092","1":"product","2":"type-product","3":"status-publish","4":"has-post-thumbnail","6":"product_cat-avangarde-wersal-upholstered-furniture","7":"product_cat-corners","8":"product_cat-corners-l","9":"product_cat-wersal","11":"first","12":"instock","13":"shipping-taxable","14":"purchasable","15":"product-type-variable","16":"wvs-archive-product-wrapper"},"_links":{"self":[{"href":"https:\/\/baldumarket.lt\/lt\/wp-json\/wp\/v2\/product\/153092","targetHints":{"allow":["GET"]}}],"collection":[{"href":"https:\/\/baldumarket.lt\/lt\/wp-json\/wp\/v2\/product"}],"about":[{"href":"https:\/\/baldumarket.lt\/lt\/wp-json\/wp\/v2\/types\/product"}],"replies":[{"embeddable":true,"href":"https:\/\/baldumarket.lt\/lt\/wp-json\/wp\/v2\/comments?post=153092"}],"wp:featuredmedia":[{"embeddable":true,"href":"https:\/\/baldumarket.lt\/lt\/wp-json\/wp\/v2\/media\/153161"}],"wp:attachment":[{"href":"https:\/\/baldumarket.lt\/lt\/wp-json\/wp\/v2\/media?parent=153092"}],"wp:term":[{"taxonomy":"product_brand","embeddable":true,"href":"https:\/\/baldumarket.lt\/lt\/wp-json\/wp\/v2\/product_brand?post=153092"},{"taxonomy":"product_cat","embeddable":true,"href":"https:\/\/baldumarket.lt\/lt\/wp-json\/wp\/v2\/product_cat?post=153092"},{"taxonomy":"product_tag","embeddable":true,"href":"https:\/\/baldumarket.lt\/lt\/wp-json\/wp\/v2\/product_tag?post=153092"}],"curies":[{"name":"wp","href":"https:\/\/api.w.org\/{rel}","templated":true}]}}