{"id":153073,"date":"2025-12-18T06:03:49","date_gmt":"2025-12-18T03:03:49","guid":{"rendered":"https:\/\/baldumarket.lt\/?post_type=product&#038;p=153073"},"modified":"2026-02-03T23:33:40","modified_gmt":"2026-02-03T20:33:40","slug":"naroznik-voss-l-prawy-gr1","status":"publish","type":"product","link":"https:\/\/baldumarket.lt\/lt\/product\/naroznik-voss-l-prawy-gr1\/","title":{"rendered":"Voss kampin\u0117 sofa L de\u0161in\u0117 Gr1"},"content":{"rendered":"<h5><span style=\"color: #54859b\">Apsilankykite m\u016bs\u0173 virtualioje WERSAL prek\u0117s \u017eenklo parduotuv\u0117je<\/span><\/h5>\n<p> <a href=\"https:\/\/my.matterport.com\/show\/?m=SjRhosZFbQJ\" target=\"_blank\" rel=\"noopener\"><span style=\"color: #e47025\">https:\/\/my.matterport.com\/<\/span><\/a><\/p>\n<p>Kasdienis komfortas ir ypatingos progos<br \/>\n\u201eVoss\u201c kampin\u0117 sofa puikiai tinka ie\u0161kantiems baldo, kuris u\u017etikrint\u0173 komfort\u0105 tiek kasdienio poilsio metu, tiek sve\u010di\u0173 apsilankymo metu. Erdvi, 75 cm gylio ir 285 cm plo\u010dio s\u0117dyn\u0117 lengvai talpina keturis \u017emones, u\u017etikrindama, kad visi jaust\u0173si patogiai \u017ei\u016br\u0117dami televizori\u0173, bendraudami ar skaitydami m\u0117gstam\u0105 knyg\u0105. Vingiuota spyruokl\u0117 kartu su poliuretano putomis suteikia sofai lankstumo ir puikiai prisitaiko prie k\u016bno form\u0173, u\u017etikrindama tinkam\u0105 atram\u0105 kiekviename naudojimo etape. Be to, kampin\u0117 sofa turi porankius ir reguliuojamas galvos atramas, kurios padidina komfort\u0105 ir leid\u017eia laisvai reguliuoti pad\u0117t\u012f pagal savo poreikius.<br \/>\nJ\u016bs\u0173 poreikiams pritaikytas funkcionalumas<br \/>\n\u201eVoss\u201c kampin\u0117 sofa buvo sukurta atsi\u017evelgiant \u012f funkcionalum\u0105, tod\u0117l ji tinka tiek svetainei, tiek miegamajam. Delfino stiliaus i\u0161lankstymo sistema leid\u017eia greitai ir patogiai paruo\u0161ti 140 \u00d7 220 cm miegojimo plot\u0105, u\u017etikrinant patog\u0173 mieg\u0105 dviem. Prakti\u0161kas patalyn\u0117s skyrius padeda tvarkingai susid\u0117ti daiktus ir suteikia patog\u0173 laikym\u0105 antklod\u0117ms, pagalv\u0117ms ir kitiems aksesuarams dienos metu. Unikali savyb\u0117 \u2013 poilsio funkcija, leid\u017eianti atsipalaiduoti m\u0117gstamoje pad\u0117tyje ir paver\u010dianti sof\u0105 poilsio centru j\u016bs\u0173 namuose.<br \/>\nModernus stilius ir ilgaam\u017ei\u0161kumas ateinantiems metams<br \/>\n\u0160i sofa pasi\u017eymi moderniu, universaliu dizainu, tod\u0117l j\u0105 lengva pritaikyti prie \u012fvairi\u0173 interjero dizain\u0173. Auk\u0161tos kokyb\u0117s audinio apmu\u0161alai kartu su mediniais elementais garantuoja ilgaam\u017ei\u0161kum\u0105 ir atsparum\u0105 kasdieniam naudojimui. Visas baldas stovi ant liekn\u0173, stabili\u0173 kojeli\u0173, kurios suteikia kampinei sofai lengvumo poj\u016bt\u012f ir pabr\u0117\u017eia jos \u0161iuolaiki\u0161k\u0105 charakter\u012f. Harmoningos proporcijos ir gerai apgalvotas dizainas daro \u0161i\u0105 kampin\u0119 sof\u0105 ne tik puikios i\u0161vaizdos, bet ir prakti\u0161k\u0105 bei patogi\u0105 kasdieniam naudojimui.<br \/>\nPuikus pasirinkimas bet kuriai svetainei<br \/>\nKampin\u0117 sofa \u201eVoss\u201c puikiai tinka tiek didel\u0117ms, atviroms erdv\u0117ms, tiek jaukesn\u0117ms svetain\u0117ms. J\u0105 galima pastatyti svetain\u0117s centre, sukuriant patogi\u0105 poilsio zon\u0105 visai \u0161eimai, arba naudoti kaip skiriam\u0105j\u012f element\u0105 tarp skirting\u0173 kambario zon\u0173. D\u0117l daugyb\u0117s funkcij\u0173 ir modernaus dizaino \u0161is baldas bus ne tik prakti\u0161kas, bet ir dekoratyvus interjero papildymas. Tai puikus pasirinkimas tiems, kurie kasdieniame gyvenime vertina komforto, estetikos ir funkcionalumo derin\u012f.<\/p>","protected":false},"excerpt":{"rendered":"<p>Plotis: 285 cm<br \/>\nAuk\u0161tis: 93 cm<br \/>\nGylis: 218 cm<br \/>\nS\u0117dyn\u0117s gylis: 75 cm<br \/>\nMiegamosios dalies ilgis: 140 cm<br \/>\nMiegamosios zonos plotis: 220 cm<br \/>\nPatalyn\u0117 su saugykla: su saugykla<br \/>\nAtrama: ant koj\u0173<br \/>\nProdukto b\u016bkl\u0117: savaranki\u0161kas surinkimas<\/p>","protected":false},"featured_media":153145,"comment_status":"open","ping_status":"closed","template":"","meta":[],"product_brand":[],"product_cat":[9386,616,1983,4104],"product_tag":[],"class_list":{"0":"post-153073","1":"product","2":"type-product","3":"status-publish","4":"has-post-thumbnail","6":"product_cat-avangarde-wersal-upholstered-furniture","7":"product_cat-corners","8":"product_cat-corners-l","9":"product_cat-wersal","11":"first","12":"instock","13":"shipping-taxable","14":"purchasable","15":"product-type-variable","16":"wvs-archive-product-wrapper"},"_links":{"self":[{"href":"https:\/\/baldumarket.lt\/lt\/wp-json\/wp\/v2\/product\/153073","targetHints":{"allow":["GET"]}}],"collection":[{"href":"https:\/\/baldumarket.lt\/lt\/wp-json\/wp\/v2\/product"}],"about":[{"href":"https:\/\/baldumarket.lt\/lt\/wp-json\/wp\/v2\/types\/product"}],"replies":[{"embeddable":true,"href":"https:\/\/baldumarket.lt\/lt\/wp-json\/wp\/v2\/comments?post=153073"}],"wp:featuredmedia":[{"embeddable":true,"href":"https:\/\/baldumarket.lt\/lt\/wp-json\/wp\/v2\/media\/153145"}],"wp:attachment":[{"href":"https:\/\/baldumarket.lt\/lt\/wp-json\/wp\/v2\/media?parent=153073"}],"wp:term":[{"taxonomy":"product_brand","embeddable":true,"href":"https:\/\/baldumarket.lt\/lt\/wp-json\/wp\/v2\/product_brand?post=153073"},{"taxonomy":"product_cat","embeddable":true,"href":"https:\/\/baldumarket.lt\/lt\/wp-json\/wp\/v2\/product_cat?post=153073"},{"taxonomy":"product_tag","embeddable":true,"href":"https:\/\/baldumarket.lt\/lt\/wp-json\/wp\/v2\/product_tag?post=153073"}],"curies":[{"name":"wp","href":"https:\/\/api.w.org\/{rel}","templated":true}]}}