{"id":153035,"date":"2025-12-18T06:02:56","date_gmt":"2025-12-18T03:02:56","guid":{"rendered":"https:\/\/baldumarket.lt\/?post_type=product&#038;p=153035"},"modified":"2026-02-03T23:33:40","modified_gmt":"2026-02-03T20:33:40","slug":"naroznik-tigabox-lewostronny-z-elektrycznie-wysuwanym-siedziskiem-i-pojemnikiem-na-posciel-gr1","status":"publish","type":"product","link":"https:\/\/baldumarket.lt\/lt\/product\/naroznik-tigabox-lewostronny-z-elektrycznie-wysuwanym-siedziskiem-i-pojemnikiem-na-posciel-gr1\/","title":{"rendered":"\u201eTigabox\u201c kair\u0117s pus\u0117s kampin\u0117 sofa su elektra i\u0161traukiama s\u0117dyn\u0117 ir patalyn\u0117s d\u0117\u017e\u0117 Gr1"},"content":{"rendered":"<h5><span style=\"color: #54859b\">Apsilankykite m\u016bs\u0173 virtualioje WERSAL prek\u0117s \u017eenklo parduotuv\u0117je<\/span><\/h5>\n<p> <a href=\"https:\/\/my.matterport.com\/show\/?m=SjRhosZFbQJ\" target=\"_blank\" rel=\"noopener\"><span style=\"color: #e47025\">https:\/\/my.matterport.com\/<\/span><\/a><\/p>\n<p>L formos \u201eTigabox\u201c kampin\u0117 sofa turi elektra i\u0161traukiam\u0105 s\u0117dyn\u0119 (iki 27 cm), kuri suteikia papildom\u0105 125 \u00d7 220 cm miegojimo viet\u0105, ir patalyn\u0117s d\u0117\u017e\u0119, esan\u010di\u0105 176 x 100 x 14 cm dyd\u017eio pufe. Didel\u012f komfort\u0105 kasdienio poilsio metu u\u017etikrina A tipo zigzago spyruokli\u0173 ir labai elasting\u0173 HR 30040 ir N30 tipo put\u0173 u\u017epildas. S\u0117dyn\u0117 dekoruota giliomis si\u016bl\u0117mis. Kampin\u0117 sofa turi dideles atlo\u0161o pagalv\u0117les ir kelet\u0105 ma\u017eesni\u0173 dekoratyvini\u0173 pagalv\u0117li\u0173. Atlo\u0161as u\u017epildytas T21 poliuretano putomis. Konstrukcija turi 5 cm auk\u0161\u010dio juodas plastikines kojeles. \u201eTigabox\u201c yra kairin\u0117s ir de\u0161inin\u0117s versijos, pla\u010dioje spalv\u0173 gamoje. Taip pat galima \u012fsigyti kampin\u0119 versij\u0105 be d\u0117\u017e\u0117s.<\/p>","protected":false},"excerpt":{"rendered":"<p>Svoris: 146 kg<br \/>\nPlotis: 286 cm<br \/>\nGylis: 207 cm<br \/>\nAuk\u0161tis: 88 cm<br \/>\nAtsipalaidavimo funkcija: su atsipalaidavimo funkcija<br \/>\nPus\u0117: Kair\u0117<\/p>","protected":false},"featured_media":153117,"comment_status":"open","ping_status":"closed","template":"","meta":[],"product_brand":[],"product_cat":[9386,616,1983,4104],"product_tag":[],"class_list":{"0":"post-153035","1":"product","2":"type-product","3":"status-publish","4":"has-post-thumbnail","6":"product_cat-avangarde-wersal-upholstered-furniture","7":"product_cat-corners","8":"product_cat-corners-l","9":"product_cat-wersal","11":"first","12":"instock","13":"shipping-taxable","14":"purchasable","15":"product-type-variable","16":"wvs-archive-product-wrapper"},"_links":{"self":[{"href":"https:\/\/baldumarket.lt\/lt\/wp-json\/wp\/v2\/product\/153035","targetHints":{"allow":["GET"]}}],"collection":[{"href":"https:\/\/baldumarket.lt\/lt\/wp-json\/wp\/v2\/product"}],"about":[{"href":"https:\/\/baldumarket.lt\/lt\/wp-json\/wp\/v2\/types\/product"}],"replies":[{"embeddable":true,"href":"https:\/\/baldumarket.lt\/lt\/wp-json\/wp\/v2\/comments?post=153035"}],"wp:featuredmedia":[{"embeddable":true,"href":"https:\/\/baldumarket.lt\/lt\/wp-json\/wp\/v2\/media\/153117"}],"wp:attachment":[{"href":"https:\/\/baldumarket.lt\/lt\/wp-json\/wp\/v2\/media?parent=153035"}],"wp:term":[{"taxonomy":"product_brand","embeddable":true,"href":"https:\/\/baldumarket.lt\/lt\/wp-json\/wp\/v2\/product_brand?post=153035"},{"taxonomy":"product_cat","embeddable":true,"href":"https:\/\/baldumarket.lt\/lt\/wp-json\/wp\/v2\/product_cat?post=153035"},{"taxonomy":"product_tag","embeddable":true,"href":"https:\/\/baldumarket.lt\/lt\/wp-json\/wp\/v2\/product_tag?post=153035"}],"curies":[{"name":"wp","href":"https:\/\/api.w.org\/{rel}","templated":true}]}}