{"id":153033,"date":"2025-12-18T06:02:54","date_gmt":"2025-12-18T03:02:54","guid":{"rendered":"https:\/\/baldumarket.lt\/?post_type=product&#038;p=153033"},"modified":"2026-02-03T23:33:40","modified_gmt":"2026-02-03T20:33:40","slug":"naroznik-tiga-prawostronny-z-elektrycznie-wysuwanym-siedziskiem-gr1","status":"publish","type":"product","link":"https:\/\/baldumarket.lt\/lt\/product\/naroznik-tiga-prawostronny-z-elektrycznie-wysuwanym-siedziskiem-gr1\/","title":{"rendered":"Tiga de\u0161inin\u0117 kampin\u0117 sofa su elektra i\u0161traukiama s\u0117dyne Gr1"},"content":{"rendered":"<h5><span style=\"color: #54859b\">Apsilankykite m\u016bs\u0173 virtualioje WERSAL prek\u0117s \u017eenklo parduotuv\u0117je<\/span><\/h5>\n<p> <a href=\"https:\/\/my.matterport.com\/show\/?m=SjRhosZFbQJ\" target=\"_blank\" rel=\"noopener\"><span style=\"color: #e47025\">https:\/\/my.matterport.com\/<\/span><\/a><\/p>\n<p>\u201eTiga\u201c kampin\u0117 sofa \u2013 tai i\u0161skirtinai didelis ir patogus modelis su erdvia s\u0117dim\u0105ja dalimi su dekoratyvin\u0117mis detal\u0117mis, kvie\u010dian\u010diomis atsipalaiduoti ir pails\u0117ti. Dygsniuota s\u0117dyn\u0117 apr\u016bpinta daugybe dekoratyvini\u0173 u\u017etrauktukais u\u017esegam\u0173 pagalv\u0117li\u0173. \u0160is modelis neturi \u012fprastos miegojimo funkcijos, ta\u010diau elektra i\u0161traukiama s\u0117dyn\u0117 sukuria erdv\u0119 nakties poilsiui. I\u0161skleista sofa sukuria 125 \u00d7 220 cm erdv\u0119. S\u0117dyn\u0117 u\u017epildyta A tipo banguotomis spyruokl\u0117mis, N30 poliuretano putomis ir elastine juosmens juosta. Atlo\u0161as u\u017epildytas T21 poliuretano putomis ir elastine juosmens juosta. Kojel\u0117s pagamintos i\u0161 juodo plastiko, 5 cm auk\u0161\u010dio. Galima \u012fsigyti kair\u0117s ir de\u0161in\u0117s rank\u0173 versijas.<\/p>","protected":false},"excerpt":{"rendered":"<p>Svoris: 145 kg<br \/>\nPlotis: 285 cm<br \/>\nGylis: 205 cm<br \/>\nAuk\u0161tis: 72 cm<br \/>\nAtsipalaidavimo funkcija: su atsipalaidavimo funkcija<br \/>\nPus\u0117: De\u0161in\u0117<\/p>","protected":false},"featured_media":153105,"comment_status":"open","ping_status":"closed","template":"","meta":[],"product_brand":[],"product_cat":[9386,616,1983,4104],"product_tag":[],"class_list":{"0":"post-153033","1":"product","2":"type-product","3":"status-publish","4":"has-post-thumbnail","6":"product_cat-avangarde-wersal-upholstered-furniture","7":"product_cat-corners","8":"product_cat-corners-l","9":"product_cat-wersal","11":"first","12":"instock","13":"shipping-taxable","14":"purchasable","15":"product-type-variable","16":"wvs-archive-product-wrapper"},"_links":{"self":[{"href":"https:\/\/baldumarket.lt\/lt\/wp-json\/wp\/v2\/product\/153033","targetHints":{"allow":["GET"]}}],"collection":[{"href":"https:\/\/baldumarket.lt\/lt\/wp-json\/wp\/v2\/product"}],"about":[{"href":"https:\/\/baldumarket.lt\/lt\/wp-json\/wp\/v2\/types\/product"}],"replies":[{"embeddable":true,"href":"https:\/\/baldumarket.lt\/lt\/wp-json\/wp\/v2\/comments?post=153033"}],"wp:featuredmedia":[{"embeddable":true,"href":"https:\/\/baldumarket.lt\/lt\/wp-json\/wp\/v2\/media\/153105"}],"wp:attachment":[{"href":"https:\/\/baldumarket.lt\/lt\/wp-json\/wp\/v2\/media?parent=153033"}],"wp:term":[{"taxonomy":"product_brand","embeddable":true,"href":"https:\/\/baldumarket.lt\/lt\/wp-json\/wp\/v2\/product_brand?post=153033"},{"taxonomy":"product_cat","embeddable":true,"href":"https:\/\/baldumarket.lt\/lt\/wp-json\/wp\/v2\/product_cat?post=153033"},{"taxonomy":"product_tag","embeddable":true,"href":"https:\/\/baldumarket.lt\/lt\/wp-json\/wp\/v2\/product_tag?post=153033"}],"curies":[{"name":"wp","href":"https:\/\/api.w.org\/{rel}","templated":true}]}}