{"id":153014,"date":"2025-12-18T06:02:27","date_gmt":"2025-12-18T03:02:27","guid":{"rendered":"https:\/\/baldumarket.lt\/?post_type=product&#038;p=153014"},"modified":"2026-02-03T23:33:41","modified_gmt":"2026-02-03T20:33:41","slug":"naroznik-solano-prawostronny-z-funkcja-spania-typu-dl-i-pojemnikiem-na-posciel-gr1","status":"publish","type":"product","link":"https:\/\/baldumarket.lt\/lt\/product\/naroznik-solano-prawostronny-z-funkcja-spania-typu-dl-i-pojemnikiem-na-posciel-gr1\/","title":{"rendered":"\u201eSolano\u201c de\u0161inin\u0117 kampin\u0117 sofa su DL miegojimo funkcija ir Gr1 patalyn\u0117s d\u0117\u017ee"},"content":{"rendered":"<h5><span style=\"color: #54859b\">Apsilankykite m\u016bs\u0173 virtualioje WERSAL prek\u0117s \u017eenklo parduotuv\u0117je<\/span><\/h5>\n<p> <a href=\"https:\/\/my.matterport.com\/show\/?m=SjRhosZFbQJ\" target=\"_blank\" rel=\"noopener\"><span style=\"color: #e47025\">https:\/\/my.matterport.com\/<\/span><\/a><\/p>\n<p>\u201eSolano\u201c kampin\u0117 sofa tiekiama kair\u0117s ir de\u0161in\u0117s pus\u0117s konfig\u016bracijomis. Ji idealiai tiks svetainei, tapdama interjero akcentu. Kampin\u0117 sofa turi DL tipo miegojimo mechanizm\u0105, kurio pavir\u0161iaus plotas yra 230 \u00d7 128 cm, ir 127 x 60 x 13,5 cm dyd\u017eio patalyn\u0117s skyri\u0173. S\u0117dyn\u0117 u\u017epildyta B tipo banguotomis spyruokl\u0117mis ir N30 poliuretano putomis. Atlo\u0161as u\u017epildytas B tipo banguotomis spyruokl\u0117mis ir N30 poliuretano putomis. Nugar\u0117l\u0117 aptraukta apmu\u0161alais. Juodos medin\u0117s kojel\u0117s yra 16 cm auk\u0161\u010dio. Kampin\u0117 sofa si\u016bloma \u012fvairi\u0173 spalv\u0173. Taip pat galima \u012fsigyti \u201eSolano\u201c sof\u0105 ir puf\u0105.<\/p>","protected":false},"excerpt":{"rendered":"<p>Plotis: 260 cm<br \/>\nGylis: 167 cm<br \/>\nAuk\u0161tis: 83 cm<br \/>\nMiegamosios zonos plotis: 128 cm<br \/>\nMiegamosios dalies ilgis: 225 cm<br \/>\nAtsipalaidavimo funkcija: be atsipalaidavimo funkcijos<br \/>\nPus\u0117: De\u0161in\u0117<\/p>","protected":false},"featured_media":153086,"comment_status":"open","ping_status":"closed","template":"","meta":[],"product_brand":[],"product_cat":[9386,616,1983,4104],"product_tag":[],"class_list":{"0":"post-153014","1":"product","2":"type-product","3":"status-publish","4":"has-post-thumbnail","6":"product_cat-avangarde-wersal-upholstered-furniture","7":"product_cat-corners","8":"product_cat-corners-l","9":"product_cat-wersal","11":"first","12":"instock","13":"shipping-taxable","14":"purchasable","15":"product-type-variable","16":"wvs-archive-product-wrapper"},"_links":{"self":[{"href":"https:\/\/baldumarket.lt\/lt\/wp-json\/wp\/v2\/product\/153014","targetHints":{"allow":["GET"]}}],"collection":[{"href":"https:\/\/baldumarket.lt\/lt\/wp-json\/wp\/v2\/product"}],"about":[{"href":"https:\/\/baldumarket.lt\/lt\/wp-json\/wp\/v2\/types\/product"}],"replies":[{"embeddable":true,"href":"https:\/\/baldumarket.lt\/lt\/wp-json\/wp\/v2\/comments?post=153014"}],"wp:featuredmedia":[{"embeddable":true,"href":"https:\/\/baldumarket.lt\/lt\/wp-json\/wp\/v2\/media\/153086"}],"wp:attachment":[{"href":"https:\/\/baldumarket.lt\/lt\/wp-json\/wp\/v2\/media?parent=153014"}],"wp:term":[{"taxonomy":"product_brand","embeddable":true,"href":"https:\/\/baldumarket.lt\/lt\/wp-json\/wp\/v2\/product_brand?post=153014"},{"taxonomy":"product_cat","embeddable":true,"href":"https:\/\/baldumarket.lt\/lt\/wp-json\/wp\/v2\/product_cat?post=153014"},{"taxonomy":"product_tag","embeddable":true,"href":"https:\/\/baldumarket.lt\/lt\/wp-json\/wp\/v2\/product_tag?post=153014"}],"curies":[{"name":"wp","href":"https:\/\/api.w.org\/{rel}","templated":true}]}}