{"id":152995,"date":"2025-12-18T06:01:59","date_gmt":"2025-12-18T03:01:59","guid":{"rendered":"https:\/\/baldumarket.lt\/?post_type=product&#038;p=152995"},"modified":"2026-02-03T23:33:41","modified_gmt":"2026-02-03T20:33:41","slug":"naroznik-selva-xl-gr1-2","status":"publish","type":"product","link":"https:\/\/baldumarket.lt\/lt\/product\/naroznik-selva-xl-gr1-2\/","title":{"rendered":"Selva XL Gr1 kampin\u0117 sofa"},"content":{"rendered":"<h5><span style=\"color: #54859b\">Apsilankykite m\u016bs\u0173 virtualioje WERSAL prek\u0117s \u017eenklo parduotuv\u0117je<\/span><\/h5>\n<p> <a href=\"https:\/\/my.matterport.com\/show\/?m=SjRhosZFbQJ\" target=\"_blank\" rel=\"noopener\"><span style=\"color: #e47025\">https:\/\/my.matterport.com\/<\/span><\/a><\/p>\n<p>\u201eSelva XL\u201c kampin\u0117 sofa \u2013 tai modernus modelis su gra\u017eiomis linijomis ir dekoratyvin\u0117mis si\u016bl\u0117mis ant s\u0117dyn\u0117s, judan\u010diais porankiais ir 4 reguliuojamomis galvos atramomis. \u0160is modelis turi ve\u017eim\u0117lio tipo miegojimo funkcij\u0105, 122 \u00d7 270 cm miegam\u0105j\u012f plot\u0105 ir 212 x 87 x 16 cm patalyn\u0117s skyri\u0173. S\u0117dyn\u0117s u\u017epildas \u2013 A tipo banguotos spyruokl\u0117s, N30 poliuretano putos ir elastingas dir\u017eas. Atlo\u0161o u\u017epildas \u2013 T1818, T21 poliuretano putos ir elastingas dir\u017eas. Apmu\u0161tas atlo\u0161as. Juodos metalin\u0117s kojel\u0117s, 10 cm auk\u0161\u010dio. Kampin\u0117 sofa yra kairin\u0117s ir de\u0161inin\u0117s. \u201eSelva\u201c taip pat yra Mini ir XL versij\u0173.<\/p>","protected":false},"excerpt":{"rendered":"<p>Plotis: 339 cm<br \/>\nAuk\u0161tis: 95 cm<br \/>\nGylis: 223 cm<br \/>\nS\u0117dyn\u0117s auk\u0161tis: 45 cm<br \/>\nS\u0117dyn\u0117s gylis: 56 cm<br \/>\nSvoris: 186 kg<br \/>\nMiegamosios dalies ilgis: 270 cm<br \/>\nMiegamosios dalies plotis: 122 cm<br \/>\nPrek\u0117s b\u016bkl\u0117: i\u0161 dalies surinkta<\/p>","protected":false},"featured_media":153065,"comment_status":"open","ping_status":"closed","template":"","meta":[],"product_brand":[],"product_cat":[9386,616,1982,4104],"product_tag":[],"class_list":{"0":"post-152995","1":"product","2":"type-product","3":"status-publish","4":"has-post-thumbnail","6":"product_cat-avangarde-wersal-upholstered-furniture","7":"product_cat-corners","8":"product_cat-corners-u","9":"product_cat-wersal","11":"first","12":"instock","13":"shipping-taxable","14":"purchasable","15":"product-type-variable","16":"wvs-archive-product-wrapper"},"_links":{"self":[{"href":"https:\/\/baldumarket.lt\/lt\/wp-json\/wp\/v2\/product\/152995","targetHints":{"allow":["GET"]}}],"collection":[{"href":"https:\/\/baldumarket.lt\/lt\/wp-json\/wp\/v2\/product"}],"about":[{"href":"https:\/\/baldumarket.lt\/lt\/wp-json\/wp\/v2\/types\/product"}],"replies":[{"embeddable":true,"href":"https:\/\/baldumarket.lt\/lt\/wp-json\/wp\/v2\/comments?post=152995"}],"wp:featuredmedia":[{"embeddable":true,"href":"https:\/\/baldumarket.lt\/lt\/wp-json\/wp\/v2\/media\/153065"}],"wp:attachment":[{"href":"https:\/\/baldumarket.lt\/lt\/wp-json\/wp\/v2\/media?parent=152995"}],"wp:term":[{"taxonomy":"product_brand","embeddable":true,"href":"https:\/\/baldumarket.lt\/lt\/wp-json\/wp\/v2\/product_brand?post=152995"},{"taxonomy":"product_cat","embeddable":true,"href":"https:\/\/baldumarket.lt\/lt\/wp-json\/wp\/v2\/product_cat?post=152995"},{"taxonomy":"product_tag","embeddable":true,"href":"https:\/\/baldumarket.lt\/lt\/wp-json\/wp\/v2\/product_tag?post=152995"}],"curies":[{"name":"wp","href":"https:\/\/api.w.org\/{rel}","templated":true}]}}