{"id":152923,"date":"2025-12-18T06:00:13","date_gmt":"2025-12-18T03:00:13","guid":{"rendered":"https:\/\/baldumarket.lt\/?post_type=product&#038;p=152923"},"modified":"2026-02-03T23:33:42","modified_gmt":"2026-02-03T20:33:42","slug":"naroznik-prawostronny-tollo-xl-z-elektrycznie-wysuwanym-siedziskiem-i-pojemnikiem-na-posciel-gr1","status":"publish","type":"product","link":"https:\/\/baldumarket.lt\/lt\/product\/naroznik-prawostronny-tollo-xl-z-elektrycznie-wysuwanym-siedziskiem-i-pojemnikiem-na-posciel-gr1\/","title":{"rendered":"Tollo XL de\u0161inin\u0117 kampin\u0117 sofa su elektra i\u0161traukiama s\u0117dyne ir patalyn\u0117s d\u0117\u017ee Gr1"},"content":{"rendered":"<h5><span style=\"color: #54859b\">Apsilankykite m\u016bs\u0173 virtualioje WERSAL prek\u0117s \u017eenklo parduotuv\u0117je<\/span><\/h5>\n<p> <a href=\"https:\/\/my.matterport.com\/show\/?m=SjRhosZFbQJ\" target=\"_blank\" rel=\"noopener\"><span style=\"color: #e47025\">https:\/\/my.matterport.com\/<\/span><\/a><\/p>\n<p>Jei ie\u0161kote eleganti\u0161kos, bet erdvios kampin\u0117s sofos, \u201eTollo XL\u201c yra puikus sprendimas. \u0160i U formos kampin\u0117 sofa turi elektra i\u0161traukiam\u0105 s\u0117dyn\u0119, suteikian\u010di\u0105 papildom\u0105 126 \u00d7 324 cm miegojimo plot\u0105, ir 120 x 85 x 17 cm patalyn\u0117s d\u0117\u017e\u0119. Didel\u012f kasdienio poilsio komfort\u0105 tiesiogiai lemia A tipo zigzago spyruokli\u0173 ir labai elasting\u0173 HR 2515 bei N30 put\u0173 u\u017epildas. Tvirt\u0105 s\u0117dyn\u0119 ir atlo\u0161\u0105 pary\u0161kina gilios si\u016bl\u0117s. Atlo\u0161as u\u017epildytas V2315 poliuretano putomis ir elastine juosmens juosta. Konstrukcija turi 5 cm auk\u0161\u010dio juodas plastikines kojeles. Be to, modelis turi stumdomas atlo\u0161us ir reguliuojamas galvos atramas. \u201eTollo XL\u201c galima \u012fsigyti kair\u0117s ir de\u0161in\u0117s rank\u0173 versij\u0173, pla\u010diame spalv\u0173 gamoje. Taip pat galima \u012fsigyti kampines sofas \u201eTollo Mini\u201c ir \u201eTollo L\u201c.<\/p>","protected":false},"excerpt":{"rendered":"<p>Svoris: 253 kg<br \/>\nPlotis: 400 cm<br \/>\nGylis: 217 cm<br \/>\nAuk\u0161tis: 105 cm<br \/>\nAtsipalaidavimo funkcija: su atsipalaidavimo funkcija<br \/>\nPus\u0117: De\u0161in\u0117<\/p>","protected":false},"featured_media":152999,"comment_status":"open","ping_status":"closed","template":"","meta":[],"product_brand":[],"product_cat":[9386,616,1982,4104],"product_tag":[],"class_list":{"0":"post-152923","1":"product","2":"type-product","3":"status-publish","4":"has-post-thumbnail","6":"product_cat-avangarde-wersal-upholstered-furniture","7":"product_cat-corners","8":"product_cat-corners-u","9":"product_cat-wersal","11":"first","12":"instock","13":"shipping-taxable","14":"purchasable","15":"product-type-variable","16":"wvs-archive-product-wrapper"},"_links":{"self":[{"href":"https:\/\/baldumarket.lt\/lt\/wp-json\/wp\/v2\/product\/152923","targetHints":{"allow":["GET"]}}],"collection":[{"href":"https:\/\/baldumarket.lt\/lt\/wp-json\/wp\/v2\/product"}],"about":[{"href":"https:\/\/baldumarket.lt\/lt\/wp-json\/wp\/v2\/types\/product"}],"replies":[{"embeddable":true,"href":"https:\/\/baldumarket.lt\/lt\/wp-json\/wp\/v2\/comments?post=152923"}],"wp:featuredmedia":[{"embeddable":true,"href":"https:\/\/baldumarket.lt\/lt\/wp-json\/wp\/v2\/media\/152999"}],"wp:attachment":[{"href":"https:\/\/baldumarket.lt\/lt\/wp-json\/wp\/v2\/media?parent=152923"}],"wp:term":[{"taxonomy":"product_brand","embeddable":true,"href":"https:\/\/baldumarket.lt\/lt\/wp-json\/wp\/v2\/product_brand?post=152923"},{"taxonomy":"product_cat","embeddable":true,"href":"https:\/\/baldumarket.lt\/lt\/wp-json\/wp\/v2\/product_cat?post=152923"},{"taxonomy":"product_tag","embeddable":true,"href":"https:\/\/baldumarket.lt\/lt\/wp-json\/wp\/v2\/product_tag?post=152923"}],"curies":[{"name":"wp","href":"https:\/\/api.w.org\/{rel}","templated":true}]}}