{"id":152902,"date":"2025-12-18T05:59:44","date_gmt":"2025-12-18T02:59:44","guid":{"rendered":"https:\/\/baldumarket.lt\/?post_type=product&#038;p=152902"},"modified":"2026-02-03T23:33:43","modified_gmt":"2026-02-03T20:33:43","slug":"naroznik-prawostronny-storm-xl-z-przesuwnymi-oparciami-gr1","status":"publish","type":"product","link":"https:\/\/baldumarket.lt\/lt\/product\/naroznik-prawostronny-storm-xl-z-przesuwnymi-oparciami-gr1\/","title":{"rendered":"Storm XL de\u0161inin\u0117 kampin\u0117 sofa su stumdomomis atlo\u0161ais Gr1"},"content":{"rendered":"<h5><span style=\"color: #54859b\">Apsilankykite m\u016bs\u0173 virtualioje WERSAL prek\u0117s \u017eenklo parduotuv\u0117je<\/span><\/h5>\n<p> <a href=\"https:\/\/my.matterport.com\/show\/?m=SjRhosZFbQJ\" target=\"_blank\" rel=\"noopener\"><span style=\"color: #e47025\">https:\/\/my.matterport.com\/<\/span><\/a><\/p>\n<p>Kampin\u0117 sofa \u201eStorm\u201c yra eleganti\u0161ka ir prakti\u0161ka. Visi atlo\u0161ai stumdomi ir atlenkiami, tod\u0117l patogu atsipalaiduoti. \u0160is unikalus baldas garantuoja auk\u0161t\u0105 komfort\u0105. S\u0117dyn\u0117 u\u017epildyta A tipo banguotomis spyruokl\u0117mis ir N30 poliuretano putomis. Atlo\u0161as u\u017epildytas V2315, T21 poliuretano putomis. Juodos metalin\u0117s kojel\u0117s, 20 cm auk\u0161\u010dio. \u0160is baldas neturi miegojimo funkcijos ar patalyn\u0117s skyriaus. Galima rinktis i\u0161 kair\u0117s ir de\u0161in\u0117s rank\u0173 versij\u0173. Kolekcij\u0105 sudaro \u201eStorm Mini\u201c, L, XL ir \u201eStorm\u201c pufas.<\/p>","protected":false},"excerpt":{"rendered":"<p>Svoris: 201 kg<br \/>\nPlotis: 387 cm<br \/>\nGylis: 231 cm<br \/>\nAuk\u0161tis: 102 cm<br \/>\nAtsipalaidavimo funkcija: su atsipalaidavimo funkcija<br \/>\nPus\u0117: De\u0161in\u0117<\/p>","protected":false},"featured_media":152967,"comment_status":"open","ping_status":"closed","template":"","meta":[],"product_brand":[],"product_cat":[9386,616,1982,4104],"product_tag":[],"class_list":{"0":"post-152902","1":"product","2":"type-product","3":"status-publish","4":"has-post-thumbnail","6":"product_cat-avangarde-wersal-upholstered-furniture","7":"product_cat-corners","8":"product_cat-corners-u","9":"product_cat-wersal","11":"first","12":"instock","13":"shipping-taxable","14":"purchasable","15":"product-type-variable","16":"wvs-archive-product-wrapper"},"_links":{"self":[{"href":"https:\/\/baldumarket.lt\/lt\/wp-json\/wp\/v2\/product\/152902","targetHints":{"allow":["GET"]}}],"collection":[{"href":"https:\/\/baldumarket.lt\/lt\/wp-json\/wp\/v2\/product"}],"about":[{"href":"https:\/\/baldumarket.lt\/lt\/wp-json\/wp\/v2\/types\/product"}],"replies":[{"embeddable":true,"href":"https:\/\/baldumarket.lt\/lt\/wp-json\/wp\/v2\/comments?post=152902"}],"wp:featuredmedia":[{"embeddable":true,"href":"https:\/\/baldumarket.lt\/lt\/wp-json\/wp\/v2\/media\/152967"}],"wp:attachment":[{"href":"https:\/\/baldumarket.lt\/lt\/wp-json\/wp\/v2\/media?parent=152902"}],"wp:term":[{"taxonomy":"product_brand","embeddable":true,"href":"https:\/\/baldumarket.lt\/lt\/wp-json\/wp\/v2\/product_brand?post=152902"},{"taxonomy":"product_cat","embeddable":true,"href":"https:\/\/baldumarket.lt\/lt\/wp-json\/wp\/v2\/product_cat?post=152902"},{"taxonomy":"product_tag","embeddable":true,"href":"https:\/\/baldumarket.lt\/lt\/wp-json\/wp\/v2\/product_tag?post=152902"}],"curies":[{"name":"wp","href":"https:\/\/api.w.org\/{rel}","templated":true}]}}