{"id":152847,"date":"2025-12-18T05:58:21","date_gmt":"2025-12-18T02:58:21","guid":{"rendered":"https:\/\/baldumarket.lt\/?post_type=product&#038;p=152847"},"modified":"2026-02-03T23:33:43","modified_gmt":"2026-02-03T20:33:43","slug":"naroznik-prawostronny-montana-l-z-elektrycznie-regulowana-glebokoscia-siedziska-gr1","status":"publish","type":"product","link":"https:\/\/baldumarket.lt\/lt\/product\/naroznik-prawostronny-montana-l-z-elektrycznie-regulowana-glebokoscia-siedziska-gr1\/","title":{"rendered":"Montana L de\u0161inin\u0117 kampin\u0117 sofa su elektra reguliuojamu s\u0117dyn\u0117s gyliu Gr1"},"content":{"rendered":"<h5><span style=\"color: #54859b\">Apsilankykite m\u016bs\u0173 virtualioje WERSAL prek\u0117s \u017eenklo parduotuv\u0117je<\/span><\/h5>\n<p> <a href=\"https:\/\/my.matterport.com\/show\/?m=SjRhosZFbQJ\" target=\"_blank\" rel=\"noopener\"><span style=\"color: #e47025\">https:\/\/my.matterport.com\/<\/span><\/a><\/p>\n<p>Kampin\u0117 sofa \u201eMontana\u201c \u2013 tai modernus, ta\u010diau funkcionalus dizainas su mink\u0161tu atlo\u0161u su reguliuojamais galvos atramomis ir paprasta s\u0117dyne su dekoratyviniu dygsniavimu. \u0160is modelis pasi\u017eymi elektra i\u0161traukiama s\u0117dyne, kuri\u0105 i\u0161skleidus galima naudoti kaip patogi\u0105 miegojimo viet\u0105. S\u0117dyn\u0117 u\u017epildyta auk\u0161tos kokyb\u0117s A tipo banguotomis spyruokl\u0117mis, N30 poliuretano putomis ir elastiniu dir\u017eu. Atlo\u0161as u\u017epildytas T21 ir T1818 poliuretano putomis bei elastiniu dir\u017eu. Baldo nugara aptraukta apmu\u0161alais. Metalin\u0117s kojel\u0117s yra 15 cm auk\u0161\u010dio. Baldas neturi patalyn\u0117s skyriaus. Jis tiekiamas kairin\u0117s ir de\u0161inin\u0117s rank\u0173 versijos. Galimi Mini, L ir XL modeliai.<\/p>","protected":false},"excerpt":{"rendered":"<p>Svoris: 144 kg<br \/>\nPlotis: 308 cm<br \/>\nGylis: 221 cm<br \/>\nAuk\u0161tis: 97 cm<br \/>\nAtsipalaidavimo funkcija: su atsipalaidavimo funkcija<br \/>\nPus\u0117: De\u0161in\u0117<\/p>","protected":false},"featured_media":152906,"comment_status":"open","ping_status":"closed","template":"","meta":[],"product_brand":[],"product_cat":[9386,616,1983,4104],"product_tag":[],"class_list":{"0":"post-152847","1":"product","2":"type-product","3":"status-publish","4":"has-post-thumbnail","6":"product_cat-avangarde-wersal-upholstered-furniture","7":"product_cat-corners","8":"product_cat-corners-l","9":"product_cat-wersal","11":"first","12":"instock","13":"shipping-taxable","14":"purchasable","15":"product-type-variable","16":"wvs-archive-product-wrapper"},"_links":{"self":[{"href":"https:\/\/baldumarket.lt\/lt\/wp-json\/wp\/v2\/product\/152847","targetHints":{"allow":["GET"]}}],"collection":[{"href":"https:\/\/baldumarket.lt\/lt\/wp-json\/wp\/v2\/product"}],"about":[{"href":"https:\/\/baldumarket.lt\/lt\/wp-json\/wp\/v2\/types\/product"}],"replies":[{"embeddable":true,"href":"https:\/\/baldumarket.lt\/lt\/wp-json\/wp\/v2\/comments?post=152847"}],"wp:featuredmedia":[{"embeddable":true,"href":"https:\/\/baldumarket.lt\/lt\/wp-json\/wp\/v2\/media\/152906"}],"wp:attachment":[{"href":"https:\/\/baldumarket.lt\/lt\/wp-json\/wp\/v2\/media?parent=152847"}],"wp:term":[{"taxonomy":"product_brand","embeddable":true,"href":"https:\/\/baldumarket.lt\/lt\/wp-json\/wp\/v2\/product_brand?post=152847"},{"taxonomy":"product_cat","embeddable":true,"href":"https:\/\/baldumarket.lt\/lt\/wp-json\/wp\/v2\/product_cat?post=152847"},{"taxonomy":"product_tag","embeddable":true,"href":"https:\/\/baldumarket.lt\/lt\/wp-json\/wp\/v2\/product_tag?post=152847"}],"curies":[{"name":"wp","href":"https:\/\/api.w.org\/{rel}","templated":true}]}}