{"id":152829,"date":"2025-12-18T05:57:45","date_gmt":"2025-12-18T02:57:45","guid":{"rendered":"https:\/\/baldumarket.lt\/?post_type=product&#038;p=152829"},"modified":"2026-02-03T23:33:43","modified_gmt":"2026-02-03T20:33:43","slug":"naroznik-prawostronny-matano-z-funkcja-spania-typu-dl-i-pojemnikiem-na-posciel-gr1","status":"publish","type":"product","link":"https:\/\/baldumarket.lt\/lt\/product\/naroznik-prawostronny-matano-z-funkcja-spania-typu-dl-i-pojemnikiem-na-posciel-gr1\/","title":{"rendered":"\u201eMatano\u201c de\u0161inin\u0117 kampin\u0117 sofa su DL miegojimo funkcija ir Gr1 patalyn\u0117s d\u0117\u017ee"},"content":{"rendered":"<h5><span style=\"color: #54859b\">Apsilankykite m\u016bs\u0173 virtualioje WERSAL prek\u0117s \u017eenklo parduotuv\u0117je<\/span><\/h5>\n<p> <a href=\"https:\/\/my.matterport.com\/show\/?m=SjRhosZFbQJ\" target=\"_blank\" rel=\"noopener\"><span style=\"color: #e47025\">https:\/\/my.matterport.com\/<\/span><\/a><\/p>\n<p>Kampin\u0117 sofa \u201eMatano\u201c \u2013 tobulas baldas j\u016bs\u0173 svetainei. D\u0117l modernaus dizaino ir patogios s\u0117dyn\u0117s, kuri\u0105 u\u017etikrina vingiuot\u0173 spyruokli\u0173 u\u017epildas, nor\u0117site ant jos kuo da\u017eniau atsipalaiduoti. \u0160is modelis si\u016blomas tiek kairiarankiams, tiek de\u0161iniarankiams. Pagaminta i\u0161 auk\u0161tos kokyb\u0117s, patvari\u0173 ir atspari\u0173 med\u017eiag\u0173. S\u0117dyn\u0117s u\u017epildas \u2013 B tipo vingiuotos spyruokl\u0117s, N30 poliuretano putos. Atlo\u0161o u\u017epildas \u2013 B tipo vingiuotos spyruokl\u0117s, N30, N2130 poliuretano putos. Kampin\u0117 sofa taip pat turi miegojimo funkcij\u0105, kurios plotas yra 129 \u00d7 225 cm, tod\u0117l j\u0105 galima naudoti kaip papildom\u0105 lov\u0105 sve\u010diams. Be to, modelis turi erdv\u0173 135 x 62 x 14 cm patalyn\u0117s d\u0117\u017e\u0119. Dizain\u0105 u\u017ebaigia plonos juodos metalin\u0117s kojel\u0117s, kuri\u0173 auk\u0161tis 17 cm. D\u0117l plataus spalv\u0173 pasirinkimo kiekvienas ras sau tobul\u0105 variant\u0105. Taip pat galima \u012fsigyti ir \u201eMatano\u201c sof\u0105.<\/p>","protected":false},"excerpt":{"rendered":"<p>Svoris: 103 kg<br \/>\nPlotis: 270 cm<br \/>\nGylis: 163 cm<br \/>\nAuk\u0161tis: 89 cm<br \/>\nMiegamosios dalies plotis: 129 cm<br \/>\nMiegamosios dalies ilgis: 225 cm<br \/>\nPus\u0117: De\u0161in\u0117<\/p>","protected":false},"featured_media":152893,"comment_status":"open","ping_status":"closed","template":"","meta":[],"product_brand":[],"product_cat":[9386,616,1983,4104],"product_tag":[],"class_list":{"0":"post-152829","1":"product","2":"type-product","3":"status-publish","4":"has-post-thumbnail","6":"product_cat-avangarde-wersal-upholstered-furniture","7":"product_cat-corners","8":"product_cat-corners-l","9":"product_cat-wersal","11":"first","12":"instock","13":"shipping-taxable","14":"purchasable","15":"product-type-variable","16":"wvs-archive-product-wrapper"},"_links":{"self":[{"href":"https:\/\/baldumarket.lt\/lt\/wp-json\/wp\/v2\/product\/152829","targetHints":{"allow":["GET"]}}],"collection":[{"href":"https:\/\/baldumarket.lt\/lt\/wp-json\/wp\/v2\/product"}],"about":[{"href":"https:\/\/baldumarket.lt\/lt\/wp-json\/wp\/v2\/types\/product"}],"replies":[{"embeddable":true,"href":"https:\/\/baldumarket.lt\/lt\/wp-json\/wp\/v2\/comments?post=152829"}],"wp:featuredmedia":[{"embeddable":true,"href":"https:\/\/baldumarket.lt\/lt\/wp-json\/wp\/v2\/media\/152893"}],"wp:attachment":[{"href":"https:\/\/baldumarket.lt\/lt\/wp-json\/wp\/v2\/media?parent=152829"}],"wp:term":[{"taxonomy":"product_brand","embeddable":true,"href":"https:\/\/baldumarket.lt\/lt\/wp-json\/wp\/v2\/product_brand?post=152829"},{"taxonomy":"product_cat","embeddable":true,"href":"https:\/\/baldumarket.lt\/lt\/wp-json\/wp\/v2\/product_cat?post=152829"},{"taxonomy":"product_tag","embeddable":true,"href":"https:\/\/baldumarket.lt\/lt\/wp-json\/wp\/v2\/product_tag?post=152829"}],"curies":[{"name":"wp","href":"https:\/\/api.w.org\/{rel}","templated":true}]}}