{"id":152827,"date":"2025-12-18T05:57:43","date_gmt":"2025-12-18T02:57:43","guid":{"rendered":"https:\/\/baldumarket.lt\/?post_type=product&#038;p=152827"},"modified":"2026-02-03T23:33:43","modified_gmt":"2026-02-03T20:33:43","slug":"naroznik-prawostronny-magnetic-mini-z-elektryczna-regulacja-glebokosci-siedziska-gr1","status":"publish","type":"product","link":"https:\/\/baldumarket.lt\/lt\/product\/naroznik-prawostronny-magnetic-mini-z-elektryczna-regulacja-glebokosci-siedziska-gr1\/","title":{"rendered":"De\u0161iniojo kampo sofa Magnetic Mini su elektriniu s\u0117dyn\u0117s gylio reguliavimu Gr1"},"content":{"rendered":"<h5><span style=\"color: #54859b\">Apsilankykite m\u016bs\u0173 virtualioje WERSAL prek\u0117s \u017eenklo parduotuv\u0117je<\/span><\/h5>\n<p> <a href=\"https:\/\/my.matterport.com\/show\/?m=SjRhosZFbQJ\" target=\"_blank\" rel=\"noopener\"><span style=\"color: #e47025\">https:\/\/my.matterport.com\/<\/span><\/a><\/p>\n<p>\u201eMagnetic\u201c kolekcija \u2013 puikus pasirinkimas tiems, kurie vertina modern\u0173 dizain\u0105 ir funkcionalius sprendimus. Elektriniu b\u016bdu reguliuojamas s\u0117dyn\u0117s gylis leid\u017eia pritaikyti poils\u012f pagal individualius poreikius, u\u017etikrinant maksimal\u0173 komfort\u0105. Be to, lengvos metalin\u0117s kojel\u0117s ir subtilus dygsniavimas ant s\u0117dyn\u0117s sukuria stiling\u0105 ir ne\u012ftik\u0117tinai patog\u0173 bald\u0105. S\u0117dyn\u0117s u\u017epildas: A tipo banguotos spyruokl\u0117s, HR30040 poliuretano putos, N30 poliuretano putos. Atlo\u0161o u\u017epildas: T1818, T21 poliuretano putos. Apmu\u0161tas atlo\u0161as. 17 cm auk\u0161\u010dio kojel\u0117s. \u0160is modelis neturi miegojimo funkcijos ar patalyn\u0117s laikymo vietos; jis tiekiamas kairiarankiams ir de\u0161iniarankiams. Galima \u012fsigyti Mini, L ir XL dyd\u017ei\u0173 versijas.<\/p>","protected":false},"excerpt":{"rendered":"<p>Svoris: 159 kg<br \/>\nPlotis: 266 cm<br \/>\nGylis: 180 cm<br \/>\nAuk\u0161tis: 69 cm<br \/>\nAtsipalaidavimo funkcija: su atsipalaidavimo funkcija<br \/>\nPus\u0117: De\u0161in\u0117<\/p>","protected":false},"featured_media":152891,"comment_status":"open","ping_status":"closed","template":"","meta":[],"product_brand":[],"product_cat":[9386,616,1983,4104],"product_tag":[],"class_list":{"0":"post-152827","1":"product","2":"type-product","3":"status-publish","4":"has-post-thumbnail","6":"product_cat-avangarde-wersal-upholstered-furniture","7":"product_cat-corners","8":"product_cat-corners-l","9":"product_cat-wersal","11":"first","12":"instock","13":"shipping-taxable","14":"purchasable","15":"product-type-variable","16":"wvs-archive-product-wrapper"},"_links":{"self":[{"href":"https:\/\/baldumarket.lt\/lt\/wp-json\/wp\/v2\/product\/152827","targetHints":{"allow":["GET"]}}],"collection":[{"href":"https:\/\/baldumarket.lt\/lt\/wp-json\/wp\/v2\/product"}],"about":[{"href":"https:\/\/baldumarket.lt\/lt\/wp-json\/wp\/v2\/types\/product"}],"replies":[{"embeddable":true,"href":"https:\/\/baldumarket.lt\/lt\/wp-json\/wp\/v2\/comments?post=152827"}],"wp:featuredmedia":[{"embeddable":true,"href":"https:\/\/baldumarket.lt\/lt\/wp-json\/wp\/v2\/media\/152891"}],"wp:attachment":[{"href":"https:\/\/baldumarket.lt\/lt\/wp-json\/wp\/v2\/media?parent=152827"}],"wp:term":[{"taxonomy":"product_brand","embeddable":true,"href":"https:\/\/baldumarket.lt\/lt\/wp-json\/wp\/v2\/product_brand?post=152827"},{"taxonomy":"product_cat","embeddable":true,"href":"https:\/\/baldumarket.lt\/lt\/wp-json\/wp\/v2\/product_cat?post=152827"},{"taxonomy":"product_tag","embeddable":true,"href":"https:\/\/baldumarket.lt\/lt\/wp-json\/wp\/v2\/product_tag?post=152827"}],"curies":[{"name":"wp","href":"https:\/\/api.w.org\/{rel}","templated":true}]}}