{"id":152813,"date":"2025-12-18T05:57:19","date_gmt":"2025-12-18T02:57:19","guid":{"rendered":"https:\/\/baldumarket.lt\/?post_type=product&#038;p=152813"},"modified":"2026-02-03T23:33:44","modified_gmt":"2026-02-03T20:33:44","slug":"naroznik-prawostronny-gremio-z-elektrycznie-wysuwanym-siedziskiem-gr1","status":"publish","type":"product","link":"https:\/\/baldumarket.lt\/lt\/product\/naroznik-prawostronny-gremio-z-elektrycznie-wysuwanym-siedziskiem-gr1\/","title":{"rendered":"Gremio de\u0161inin\u0117 kampin\u0117 sofa su elektra i\u0161traukiama s\u0117dyne Gr1"},"content":{"rendered":"<h5><span style=\"color: #54859b\">Apsilankykite m\u016bs\u0173 virtualioje WERSAL prek\u0117s \u017eenklo parduotuv\u0117je<\/span><\/h5>\n<p> <a href=\"https:\/\/my.matterport.com\/show\/?m=SjRhosZFbQJ\" target=\"_blank\" rel=\"noopener\"><span style=\"color: #e47025\">https:\/\/my.matterport.com\/<\/span><\/a><\/p>\n<p>\u201eGremio\u201c kampin\u0117 sofa \u2013 i\u0161skirtinai eleganti\u0161kas ir modernus modelis. Ji pasi\u017eymi dekoratyviniu dygsniavimu s\u0117dyn\u0117je ir reguliuojamais galvos atramomis (5 dalys). Papildomas privalumas \u2013 elektra i\u0161traukiama s\u0117dyn\u0117, kuri\u0105 i\u0161skleidus galima naudoti kaip patogi\u0105 miegojimo viet\u0105. S\u0117dyn\u0117 u\u017epildyta A tipo vingiuot\u0173 spyruokli\u0173 ir N30 poliuretano put\u0173 deriniu. Atlo\u0161as u\u017epildytas T1818, T21 poliuretano putomis ir elastingu dir\u017eu. Plastikin\u0117s kojel\u0117s yra 5 cm auk\u0161\u010dio. Galima rinktis kairin\u0119 arba de\u0161inin\u0119 versijas.<\/p>","protected":false},"excerpt":{"rendered":"<p>Svoris: 144 kg<br \/>\nPlotis: 283 cm<br \/>\nGylis: 206 cm<br \/>\nAuk\u0161tis: 100 cm<br \/>\nAtsipalaidavimo funkcija: su atsipalaidavimo funkcija<br \/>\nPus\u0117: De\u0161in\u0117<\/p>","protected":false},"featured_media":152880,"comment_status":"open","ping_status":"closed","template":"","meta":[],"product_brand":[],"product_cat":[9386,616,1983,4104],"product_tag":[],"class_list":{"0":"post-152813","1":"product","2":"type-product","3":"status-publish","4":"has-post-thumbnail","6":"product_cat-avangarde-wersal-upholstered-furniture","7":"product_cat-corners","8":"product_cat-corners-l","9":"product_cat-wersal","11":"first","12":"instock","13":"shipping-taxable","14":"purchasable","15":"product-type-variable","16":"wvs-archive-product-wrapper"},"_links":{"self":[{"href":"https:\/\/baldumarket.lt\/lt\/wp-json\/wp\/v2\/product\/152813","targetHints":{"allow":["GET"]}}],"collection":[{"href":"https:\/\/baldumarket.lt\/lt\/wp-json\/wp\/v2\/product"}],"about":[{"href":"https:\/\/baldumarket.lt\/lt\/wp-json\/wp\/v2\/types\/product"}],"replies":[{"embeddable":true,"href":"https:\/\/baldumarket.lt\/lt\/wp-json\/wp\/v2\/comments?post=152813"}],"wp:featuredmedia":[{"embeddable":true,"href":"https:\/\/baldumarket.lt\/lt\/wp-json\/wp\/v2\/media\/152880"}],"wp:attachment":[{"href":"https:\/\/baldumarket.lt\/lt\/wp-json\/wp\/v2\/media?parent=152813"}],"wp:term":[{"taxonomy":"product_brand","embeddable":true,"href":"https:\/\/baldumarket.lt\/lt\/wp-json\/wp\/v2\/product_brand?post=152813"},{"taxonomy":"product_cat","embeddable":true,"href":"https:\/\/baldumarket.lt\/lt\/wp-json\/wp\/v2\/product_cat?post=152813"},{"taxonomy":"product_tag","embeddable":true,"href":"https:\/\/baldumarket.lt\/lt\/wp-json\/wp\/v2\/product_tag?post=152813"}],"curies":[{"name":"wp","href":"https:\/\/api.w.org\/{rel}","templated":true}]}}