{"id":152793,"date":"2025-12-18T05:56:50","date_gmt":"2025-12-18T02:56:50","guid":{"rendered":"https:\/\/baldumarket.lt\/?post_type=product&#038;p=152793"},"modified":"2026-02-03T23:33:44","modified_gmt":"2026-02-03T20:33:44","slug":"naroznik-prawostronny-gappa-z-elektryczna-regulacja-glebokosci-siedziska-gr1","status":"publish","type":"product","link":"https:\/\/baldumarket.lt\/lt\/product\/naroznik-prawostronny-gappa-z-elektryczna-regulacja-glebokosci-siedziska-gr1\/","title":{"rendered":"Gappa de\u0161inin\u0117 kampin\u0117 sofa su elektriniu s\u0117dyn\u0117s gylio reguliavimu Gr1"},"content":{"rendered":"<h5><span style=\"color: #54859b\">Apsilankykite m\u016bs\u0173 virtualioje WERSAL prek\u0117s \u017eenklo parduotuv\u0117je<\/span><\/h5>\n<p> <a href=\"https:\/\/my.matterport.com\/show\/?m=SjRhosZFbQJ\" target=\"_blank\" rel=\"noopener\"><span style=\"color: #e47025\">https:\/\/my.matterport.com\/<\/span><\/a><\/p>\n<p>\u0160i \u012fsp\u016bdinga \u201eGappa\u201c kampin\u0117 sofa su dekoratyviniu dygsniavimu yra 278 x 83 x 197 cm dyd\u017eio ir si\u016bloma kair\u0117s arba de\u0161in\u0117s pus\u0117s versijomis. Ji turi elektra i\u0161traukiam\u0105 s\u0117dyn\u0119, leid\u017eian\u010di\u0105 reguliuoti gyl\u012f. S\u0117dyn\u0117 u\u017epildyta A tipo banguota spyruokle ir N30 bei HR30040 poliuretano putomis. Atlo\u0161as u\u017epildytas V2315 poliuretano putomis, HR30040 putomis ir elastine juosmens juosta. Auk\u0161tos, 15 cm metalin\u0117s kojel\u0117s pary\u0161kina baldo linijas, suteikia lengvumo ir \u017eavesio. Kolekcijoje taip pat yra dviviet\u0117 ir triviet\u0117 sofa bei pufas.<\/p>","protected":false},"excerpt":{"rendered":"<p>Svoris: 118 kg<br \/>\nPlotis: 278 cm<br \/>\nGylis: 197 cm<br \/>\nAuk\u0161tis: 83 cm<br \/>\nAtsipalaidavimo funkcija: su atsipalaidavimo funkcija<br \/>\nPus\u0117: De\u0161in\u0117<\/p>","protected":false},"featured_media":152859,"comment_status":"open","ping_status":"closed","template":"","meta":[],"product_brand":[],"product_cat":[9386,616,1983,4104],"product_tag":[],"class_list":{"0":"post-152793","1":"product","2":"type-product","3":"status-publish","4":"has-post-thumbnail","6":"product_cat-avangarde-wersal-upholstered-furniture","7":"product_cat-corners","8":"product_cat-corners-l","9":"product_cat-wersal","11":"first","12":"instock","13":"shipping-taxable","14":"purchasable","15":"product-type-variable","16":"wvs-archive-product-wrapper"},"_links":{"self":[{"href":"https:\/\/baldumarket.lt\/lt\/wp-json\/wp\/v2\/product\/152793","targetHints":{"allow":["GET"]}}],"collection":[{"href":"https:\/\/baldumarket.lt\/lt\/wp-json\/wp\/v2\/product"}],"about":[{"href":"https:\/\/baldumarket.lt\/lt\/wp-json\/wp\/v2\/types\/product"}],"replies":[{"embeddable":true,"href":"https:\/\/baldumarket.lt\/lt\/wp-json\/wp\/v2\/comments?post=152793"}],"wp:featuredmedia":[{"embeddable":true,"href":"https:\/\/baldumarket.lt\/lt\/wp-json\/wp\/v2\/media\/152859"}],"wp:attachment":[{"href":"https:\/\/baldumarket.lt\/lt\/wp-json\/wp\/v2\/media?parent=152793"}],"wp:term":[{"taxonomy":"product_brand","embeddable":true,"href":"https:\/\/baldumarket.lt\/lt\/wp-json\/wp\/v2\/product_brand?post=152793"},{"taxonomy":"product_cat","embeddable":true,"href":"https:\/\/baldumarket.lt\/lt\/wp-json\/wp\/v2\/product_cat?post=152793"},{"taxonomy":"product_tag","embeddable":true,"href":"https:\/\/baldumarket.lt\/lt\/wp-json\/wp\/v2\/product_tag?post=152793"}],"curies":[{"name":"wp","href":"https:\/\/api.w.org\/{rel}","templated":true}]}}