{"id":152789,"date":"2025-12-18T05:56:47","date_gmt":"2025-12-18T02:56:47","guid":{"rendered":"https:\/\/baldumarket.lt\/?post_type=product&#038;p=152789"},"modified":"2026-02-03T23:33:44","modified_gmt":"2026-02-03T20:33:44","slug":"naroznik-prawostronny-gandi-l-corner-140-z-funkcja-spania-typu-stelaz-wloski-i-pojemnikiem-gr1","status":"publish","type":"product","link":"https:\/\/baldumarket.lt\/lt\/product\/naroznik-prawostronny-gandi-l-corner-140-z-funkcja-spania-typu-stelaz-wloski-i-pojemnikiem-gr1\/","title":{"rendered":"De\u0161iniojo kampo sofa Gandi L Corner 140 su miegam\u0105ja funkcija, itali\u0161ko tipo r\u0117mu ir Gr1 konteineriu"},"content":{"rendered":"<h5><span style=\"color: #54859b\">Apsilankykite m\u016bs\u0173 virtualioje WERSAL prek\u0117s \u017eenklo parduotuv\u0117je<\/span><\/h5>\n<p> <a href=\"https:\/\/my.matterport.com\/show\/?m=SjRhosZFbQJ\" target=\"_blank\" rel=\"noopener\"><span style=\"color: #e47025\">https:\/\/my.matterport.com\/<\/span><\/a><\/p>\n<p>\u201eGandi L Corner\u201c kampin\u0117 sofa su gra\u017eiomis vertikaliomis si\u016bl\u0117mis si\u016bloma trij\u0173 versij\u0173: 120, 140 ir 160. 120 modelio matmenys \u2013 261x99x204 cm, 140 modelio \u2013 281x99x204 cm, o 180 modelio \u2013 301x99x204 cm. S\u0117dyn\u0117s u\u017epildas \u2013 A tipo banguotos spyruokl\u0117s, N30 poliuretano putos. Atlo\u0161o u\u017epildas \u2013 N1818 poliuretano putos. Visi baldai turi miegojimo funkcij\u0105, itali\u0161k\u0105 r\u0117m\u0105 ir erdv\u0173 patalyn\u0117s d\u0117kl\u0105. Papildomi privalumai \u2013 reguliuojamos galvos atramos ir dekoratyvin\u0117s si\u016bl\u0117s ant s\u0117dyn\u0117s ir atlo\u0161o. Metalin\u0117s kojel\u0117s yra 13 cm auk\u0161\u010dio. Galima rinktis kairin\u0117s ir de\u0161inin\u0117s puses. \u010ciu\u017einys yra 14 cm auk\u0161\u010dio ir pagamintas i\u0161 putplas\u010dio.<\/p>","protected":false},"excerpt":{"rendered":"<p>Svoris: 194 kg<br \/>\nPlotis: 281 cm<br \/>\nGylis: 204 cm<br \/>\nAuk\u0161tis: 99 cm<br \/>\nMiegamosios vietos plotis: 160 cm<br \/>\nMiegamosios dalies ilgis: 200 cm<br \/>\nPus\u0117: De\u0161in\u0117<\/p>","protected":false},"featured_media":152838,"comment_status":"open","ping_status":"closed","template":"","meta":[],"product_brand":[],"product_cat":[9386,616,1983,4104],"product_tag":[],"class_list":{"0":"post-152789","1":"product","2":"type-product","3":"status-publish","4":"has-post-thumbnail","6":"product_cat-avangarde-wersal-upholstered-furniture","7":"product_cat-corners","8":"product_cat-corners-l","9":"product_cat-wersal","11":"first","12":"instock","13":"shipping-taxable","14":"purchasable","15":"product-type-variable","16":"wvs-archive-product-wrapper"},"_links":{"self":[{"href":"https:\/\/baldumarket.lt\/lt\/wp-json\/wp\/v2\/product\/152789","targetHints":{"allow":["GET"]}}],"collection":[{"href":"https:\/\/baldumarket.lt\/lt\/wp-json\/wp\/v2\/product"}],"about":[{"href":"https:\/\/baldumarket.lt\/lt\/wp-json\/wp\/v2\/types\/product"}],"replies":[{"embeddable":true,"href":"https:\/\/baldumarket.lt\/lt\/wp-json\/wp\/v2\/comments?post=152789"}],"wp:featuredmedia":[{"embeddable":true,"href":"https:\/\/baldumarket.lt\/lt\/wp-json\/wp\/v2\/media\/152838"}],"wp:attachment":[{"href":"https:\/\/baldumarket.lt\/lt\/wp-json\/wp\/v2\/media?parent=152789"}],"wp:term":[{"taxonomy":"product_brand","embeddable":true,"href":"https:\/\/baldumarket.lt\/lt\/wp-json\/wp\/v2\/product_brand?post=152789"},{"taxonomy":"product_cat","embeddable":true,"href":"https:\/\/baldumarket.lt\/lt\/wp-json\/wp\/v2\/product_cat?post=152789"},{"taxonomy":"product_tag","embeddable":true,"href":"https:\/\/baldumarket.lt\/lt\/wp-json\/wp\/v2\/product_tag?post=152789"}],"curies":[{"name":"wp","href":"https:\/\/api.w.org\/{rel}","templated":true}]}}