{"id":152732,"date":"2025-12-18T05:55:20","date_gmt":"2025-12-18T02:55:20","guid":{"rendered":"https:\/\/baldumarket.lt\/?post_type=product&#038;p=152732"},"modified":"2026-02-03T23:33:45","modified_gmt":"2026-02-03T20:33:45","slug":"naroznik-prawostronny-capitol-z-funkcja-spania-typu-dl-i-pojemnikiem-na-posciel-gr1","status":"publish","type":"product","link":"https:\/\/baldumarket.lt\/lt\/produktas\/naroznik-prawostronny-capitol-z-funkcja-spania-typu-dl-i-pojemnikiem-na-posciel-gr1\/","title":{"rendered":"De\u0161iniojo kampo sofa \u201eCapitol\u201c su miegojimo funkcija \u201eDL\u201c ir patalyn\u0117s d\u0117\u017e\u0117 \u201eGr1\u201c"},"content":{"rendered":"<h5><span style=\"color: #54859b\">Apsilankykite m\u016bs\u0173 virtualioje WERSAL prek\u0117s \u017eenklo parduotuv\u0117je<\/span><\/h5>\n<p> <a href=\"https:\/\/my.matterport.com\/show\/?m=SjRhosZFbQJ\" target=\"_blank\" rel=\"noopener\"><span style=\"color: #e47025\">https:\/\/my.matterport.com\/<\/span><\/a><\/p>\n<p>Kampin\u0117 sofa \u201eCapitol\u201c \u2013 tobulas baldas j\u016bs\u0173 svetainei. D\u0117l modernaus dizaino ir patogios s\u0117dyn\u0117s, kuri\u0105 u\u017etikrina vingiuot\u0173 spyruokli\u0173 u\u017epildas, nor\u0117site ant jos kuo da\u017eniau atsipalaiduoti. Pagaminta i\u0161 auk\u0161tos kokyb\u0117s, patvari\u0173 ir atspari\u0173 med\u017eiag\u0173, tai idealus sprendimas tiems, kurie vertina komfort\u0105 ir funkcionalum\u0105. Kampin\u0117 sofa taip pat turi DL miegojimo funkcij\u0105, kurios pavir\u0161iaus plotas yra 134 \u00d7 218 cm, tod\u0117l j\u0105 galima naudoti kaip papildom\u0105 lov\u0105 sve\u010diams. Be to, modelis turi erdv\u0173 128,5 x 63 x 13 cm patalyn\u0117s skyri\u0173. S\u0117dyn\u0117 u\u017epildyta B tipo vingiuotomis spyruokl\u0117mis ir N30 poliuretano putomis. Atlo\u0161as u\u017epildytas B tipo vingiuotomis spyruokl\u0117mis ir N2130, N30 poliuretano putomis. Dizain\u0105 u\u017ebaigia plonos, 17 cm auk\u0161\u010dio juodos kojel\u0117s. Galima \u012fsigyti \u012fvairi\u0173 spalv\u0173, tod\u0117l kiekvienas ras tobulai tinkan\u010di\u0105 savo interjerui. Kampin\u0117 sofa \u201eCapitol\u201c yra kairiosios ir de\u0161iniosios versij\u0173. Taip pat galima \u012fsigyti ir sof\u0105.<\/p>","protected":false},"excerpt":{"rendered":"<p>Svoris: 105 kg<br \/>\nPlotis: 276 cm<br \/>\nGylis: 175 cm<br \/>\nAuk\u0161tis: 89 cm<br \/>\nMiegamosios dalies plotis: 134 cm<br \/>\nMiegamosios dalies ilgis: 218 cm<br \/>\nPus\u0117: De\u0161in\u0117<\/p>","protected":false},"featured_media":152795,"comment_status":"open","ping_status":"closed","template":"","meta":[],"product_brand":[],"product_cat":[9386,616,1983,4104],"product_tag":[],"class_list":{"0":"post-152732","1":"product","2":"type-product","3":"status-publish","4":"has-post-thumbnail","6":"product_cat-avangarde-wersal-upholstered-furniture","7":"product_cat-corners","8":"product_cat-corners-l","9":"product_cat-wersal","11":"first","12":"instock","13":"shipping-taxable","14":"purchasable","15":"product-type-variable","16":"wvs-archive-product-wrapper"},"_links":{"self":[{"href":"https:\/\/baldumarket.lt\/lt\/wp-json\/wp\/v2\/product\/152732","targetHints":{"allow":["GET"]}}],"collection":[{"href":"https:\/\/baldumarket.lt\/lt\/wp-json\/wp\/v2\/product"}],"about":[{"href":"https:\/\/baldumarket.lt\/lt\/wp-json\/wp\/v2\/types\/product"}],"replies":[{"embeddable":true,"href":"https:\/\/baldumarket.lt\/lt\/wp-json\/wp\/v2\/comments?post=152732"}],"wp:featuredmedia":[{"embeddable":true,"href":"https:\/\/baldumarket.lt\/lt\/wp-json\/wp\/v2\/media\/152795"}],"wp:attachment":[{"href":"https:\/\/baldumarket.lt\/lt\/wp-json\/wp\/v2\/media?parent=152732"}],"wp:term":[{"taxonomy":"product_brand","embeddable":true,"href":"https:\/\/baldumarket.lt\/lt\/wp-json\/wp\/v2\/product_brand?post=152732"},{"taxonomy":"product_cat","embeddable":true,"href":"https:\/\/baldumarket.lt\/lt\/wp-json\/wp\/v2\/product_cat?post=152732"},{"taxonomy":"product_tag","embeddable":true,"href":"https:\/\/baldumarket.lt\/lt\/wp-json\/wp\/v2\/product_tag?post=152732"}],"curies":[{"name":"wp","href":"https:\/\/api.w.org\/{rel}","templated":true}]}}