{"id":152679,"date":"2025-12-18T05:53:52","date_gmt":"2025-12-18T02:53:52","guid":{"rendered":"https:\/\/baldumarket.lt\/?post_type=product&#038;p=152679"},"modified":"2026-02-03T23:33:46","modified_gmt":"2026-02-03T20:33:46","slug":"naroznik-plaza-l-gr1-2","status":"publish","type":"product","link":"https:\/\/baldumarket.lt\/lt\/produktas\/naroznik-plaza-l-gr1-2\/","title":{"rendered":"Kampin\u0117 aik\u0161t\u0117 L Gr1"},"content":{"rendered":"<h5><span style=\"color: #54859b\">Apsilankykite m\u016bs\u0173 virtualioje WERSAL prek\u0117s \u017eenklo parduotuv\u0117je<\/span><\/h5>\n<p> <a href=\"https:\/\/my.matterport.com\/show\/?m=SjRhosZFbQJ\" target=\"_blank\" rel=\"noopener\"><span style=\"color: #e47025\">https:\/\/my.matterport.com\/<\/span><\/a><\/p>\n<p>Kampin\u0117 sofa \u201ePlaza\u201c \u2013 tai i\u0161skirtinai ry\u0161kus modelis su gra\u017eiomis, dekoratyvin\u0117mis si\u016bl\u0117mis, kurios suteikia elegancijos ir stiliaus. Ji turi reguliuojamas galvos atramas, stumdom\u0105 atlo\u0161\u0105 ir elektra i\u0161traukiam\u0105 s\u0117dyn\u0119, kuri\u0105 galima naudoti kaip miegojimo viet\u0105. Kampin\u0117 sofa neturi \u012fprastos miegojimo funkcijos ar patalyn\u0117s laikymo vietos. S\u0117dyn\u0117 u\u017epildyta A tipo banguotomis spyruokl\u0117mis ir N30 poliuretano putomis. Atlo\u0161as u\u017epildytas T1818 poliuretano putomis ir elastine juosmens juosta. Atlo\u0161as apmu\u0161tas. Juodos metalin\u0117s kojel\u0117s yra 15 cm auk\u0161\u010dio. Galima rinktis kairin\u0119 ir de\u0161inin\u0119 versijas. \u201ePlaza\u201c sofa yra Mini, L ir XL dyd\u017ei\u0173.<\/p>","protected":false},"excerpt":{"rendered":"<p>Plotis: 300 cm<br \/>\nAuk\u0161tis: 99 cm<br \/>\nGylis: 216 cm<br \/>\nS\u0117dyn\u0117s auk\u0161tis: 44 cm<br \/>\nS\u0117dyn\u0117s gylis: 62 cm<br \/>\nSvoris: 151 kg<br \/>\nAtrama: ant koj\u0173<br \/>\nPrek\u0117s b\u016bkl\u0117: i\u0161 dalies surinkta<\/p>","protected":false},"featured_media":152717,"comment_status":"open","ping_status":"closed","template":"","meta":[],"product_brand":[],"product_cat":[9386,616,1983,4104],"product_tag":[],"class_list":{"0":"post-152679","1":"product","2":"type-product","3":"status-publish","4":"has-post-thumbnail","6":"product_cat-avangarde-wersal-upholstered-furniture","7":"product_cat-corners","8":"product_cat-corners-l","9":"product_cat-wersal","11":"first","12":"instock","13":"shipping-taxable","14":"purchasable","15":"product-type-variable","16":"wvs-archive-product-wrapper"},"_links":{"self":[{"href":"https:\/\/baldumarket.lt\/lt\/wp-json\/wp\/v2\/product\/152679","targetHints":{"allow":["GET"]}}],"collection":[{"href":"https:\/\/baldumarket.lt\/lt\/wp-json\/wp\/v2\/product"}],"about":[{"href":"https:\/\/baldumarket.lt\/lt\/wp-json\/wp\/v2\/types\/product"}],"replies":[{"embeddable":true,"href":"https:\/\/baldumarket.lt\/lt\/wp-json\/wp\/v2\/comments?post=152679"}],"wp:featuredmedia":[{"embeddable":true,"href":"https:\/\/baldumarket.lt\/lt\/wp-json\/wp\/v2\/media\/152717"}],"wp:attachment":[{"href":"https:\/\/baldumarket.lt\/lt\/wp-json\/wp\/v2\/media?parent=152679"}],"wp:term":[{"taxonomy":"product_brand","embeddable":true,"href":"https:\/\/baldumarket.lt\/lt\/wp-json\/wp\/v2\/product_brand?post=152679"},{"taxonomy":"product_cat","embeddable":true,"href":"https:\/\/baldumarket.lt\/lt\/wp-json\/wp\/v2\/product_cat?post=152679"},{"taxonomy":"product_tag","embeddable":true,"href":"https:\/\/baldumarket.lt\/lt\/wp-json\/wp\/v2\/product_tag?post=152679"}],"curies":[{"name":"wp","href":"https:\/\/api.w.org\/{rel}","templated":true}]}}