{"id":152668,"date":"2025-12-18T05:53:25","date_gmt":"2025-12-18T02:53:25","guid":{"rendered":"https:\/\/baldumarket.lt\/?post_type=product&#038;p=152668"},"modified":"2026-02-03T23:33:46","modified_gmt":"2026-02-03T20:33:46","slug":"naroznik-palladio-mini-gr1-2","status":"publish","type":"product","link":"https:\/\/baldumarket.lt\/lt\/produktas\/naroznik-palladio-mini-gr1-2\/","title":{"rendered":"Palladio Mini Gr1 kampin\u0117 sofa"},"content":{"rendered":"<h5><span style=\"color: #54859b\">Apsilankykite m\u016bs\u0173 virtualioje WERSAL prek\u0117s \u017eenklo parduotuv\u0117je<\/span><\/h5>\n<p> <a href=\"https:\/\/my.matterport.com\/show\/?m=SjRhosZFbQJ\" target=\"_blank\" rel=\"noopener\"><span style=\"color: #e47025\">https:\/\/my.matterport.com\/<\/span><\/a><\/p>\n<p>Stilinga \u201ePalladio\u201c kampin\u0117 sofa pasi\u017eymi stulbinan\u010diu dizainu, \u017eavin\u010diu gra\u017eiomis linijomis ir geometriniu, dekoratyviniu dygsniavimu. D\u0117l auk\u0161\u010diausios kokyb\u0117s, didelio elastingumo put\u0173 naudojimo \u0161i kampin\u0117 sofa kvie\u010dia patogiai s\u0117d\u0117ti arba gul\u0117ti. Patogi, plati, dygsniuota s\u0117dyn\u0117 ir ilgas pufas traukia d\u0117mes\u012f. Sofa turi reguliuojamas galvos atramas ir elektra i\u0161traukiam\u0105 s\u0117dyn\u0119. Ji neturi miegojimo funkcijos ar patalyn\u0117s skyriaus. S\u0117dyn\u0117 u\u017epildyta A tipo vingiuotomis spyruokl\u0117mis, N30 poliuretano putomis ir elastine juosmens juosta. Atlo\u0161as u\u017epildytas T1818 poliuretano putomis ir elastine juosmens juosta. Nugar\u0117l\u0117 aptraukta apmu\u0161alais. Kojel\u0117s yra 12 cm auk\u0161\u010dio ir apdailintos juodu metalu. Galima \u012fsigyti kair\u0117s ir de\u0161in\u0117s rank\u0173 versijas.<\/p>","protected":false},"excerpt":{"rendered":"<p>Svoris: 142 kg<br \/>\nPlotis: 322 cm<br \/>\nGylis: 183 cm<br \/>\nAuk\u0161tis: 99 cm<br \/>\nS\u0117dyn\u0117s gylis: 66 cm<br \/>\nS\u0117dyn\u0117s auk\u0161tis: 44 cm<br \/>\nAtrama: ant koj\u0173<br \/>\nPus\u0117: Kair\u0117<br \/>\nPorankiai: su porankiais<\/p>","protected":false},"featured_media":152707,"comment_status":"open","ping_status":"closed","template":"","meta":[],"product_brand":[],"product_cat":[9386,616,1983,4104],"product_tag":[],"class_list":{"0":"post-152668","1":"product","2":"type-product","3":"status-publish","4":"has-post-thumbnail","6":"product_cat-avangarde-wersal-upholstered-furniture","7":"product_cat-corners","8":"product_cat-corners-l","9":"product_cat-wersal","11":"first","12":"instock","13":"shipping-taxable","14":"purchasable","15":"product-type-variable","16":"wvs-archive-product-wrapper"},"_links":{"self":[{"href":"https:\/\/baldumarket.lt\/lt\/wp-json\/wp\/v2\/product\/152668","targetHints":{"allow":["GET"]}}],"collection":[{"href":"https:\/\/baldumarket.lt\/lt\/wp-json\/wp\/v2\/product"}],"about":[{"href":"https:\/\/baldumarket.lt\/lt\/wp-json\/wp\/v2\/types\/product"}],"replies":[{"embeddable":true,"href":"https:\/\/baldumarket.lt\/lt\/wp-json\/wp\/v2\/comments?post=152668"}],"wp:featuredmedia":[{"embeddable":true,"href":"https:\/\/baldumarket.lt\/lt\/wp-json\/wp\/v2\/media\/152707"}],"wp:attachment":[{"href":"https:\/\/baldumarket.lt\/lt\/wp-json\/wp\/v2\/media?parent=152668"}],"wp:term":[{"taxonomy":"product_brand","embeddable":true,"href":"https:\/\/baldumarket.lt\/lt\/wp-json\/wp\/v2\/product_brand?post=152668"},{"taxonomy":"product_cat","embeddable":true,"href":"https:\/\/baldumarket.lt\/lt\/wp-json\/wp\/v2\/product_cat?post=152668"},{"taxonomy":"product_tag","embeddable":true,"href":"https:\/\/baldumarket.lt\/lt\/wp-json\/wp\/v2\/product_tag?post=152668"}],"curies":[{"name":"wp","href":"https:\/\/api.w.org\/{rel}","templated":true}]}}