{"id":152650,"date":"2025-12-18T05:52:53","date_gmt":"2025-12-18T02:52:53","guid":{"rendered":"https:\/\/baldumarket.lt\/?post_type=product&#038;p=152650"},"modified":"2026-02-03T23:33:47","modified_gmt":"2026-02-03T20:33:47","slug":"naroznik-monte-gr1-3","status":"publish","type":"product","link":"https:\/\/baldumarket.lt\/lt\/produktas\/naroznik-monte-gr1-3\/","title":{"rendered":"Monte Gr1 kampin\u0117 sofa"},"content":{"rendered":"<h5><span style=\"color: #54859b\">Apsilankykite m\u016bs\u0173 virtualioje WERSAL prek\u0117s \u017eenklo parduotuv\u0117je<\/span><\/h5>\n<p> <a href=\"https:\/\/my.matterport.com\/show\/?m=SjRhosZFbQJ\" target=\"_blank\" rel=\"noopener\"><span style=\"color: #e47025\">https:\/\/my.matterport.com\/<\/span><\/a><\/p>\n<p>Kampin\u0117 sofa \u201eMonte\u201c \u2013 tai modernus modelis, kuriame dera avangardo prieskoniai su komforto ir prabangos poj\u016b\u010diu. Originalus dizainas su daugybe mink\u0161t\u0173 atlo\u0161o pagalv\u0117li\u0173 atrodo \u012fsp\u016bdingai ir eleganti\u0161kai. Kampin\u0117 sofa turi automatin\u0119 miegojimo funkcij\u0105 \u201eDL\u201c, miegamojo plot\u0105 \u2013 136 \u00d7 235 cm, o patalyn\u0117s skyri\u0173 \u2013 126 x 62 x 14 cm. S\u0117dyn\u0117 u\u017epildyta A tipo banguotomis spyruokl\u0117mis ir N30 poliuretano putomis, o atlo\u0161as \u2013 N2444 poliuretano putomis. Pagalv\u0117l\u0117s u\u017esegamos u\u017etrauktuku. Baldo atlo\u0161as aptrauktas mink\u0161tu apmu\u0161alu. Medin\u0117s kojel\u0117s yra 14 cm auk\u0161\u010dio. Kampin\u0117 sofa yra kairin\u0117s ir de\u0161inin\u0117s. Taip pat galima \u012fsigyti sof\u0105 \u201eMonte\u201c.<\/p>","protected":false},"excerpt":{"rendered":"<p>Svoris: 139 kg<br \/>\nPlotis: 283 cm<br \/>\nGylis: 181 cm<br \/>\nAuk\u0161tis: 90 cm<br \/>\nMiegamosios dalies plotis: 136 cm<br \/>\nMiegamosios dalies ilgis: 235 cm<br \/>\nS\u0117dyn\u0117s gylis: 54 cm<br \/>\nS\u0117dyn\u0117s auk\u0161tis: 49 cm<br \/>\nPus\u0117: De\u0161in\u0117<\/p>","protected":false},"featured_media":152688,"comment_status":"open","ping_status":"closed","template":"","meta":[],"product_brand":[],"product_cat":[9386,616,1983,4104],"product_tag":[],"class_list":{"0":"post-152650","1":"product","2":"type-product","3":"status-publish","4":"has-post-thumbnail","6":"product_cat-avangarde-wersal-upholstered-furniture","7":"product_cat-corners","8":"product_cat-corners-l","9":"product_cat-wersal","11":"first","12":"instock","13":"shipping-taxable","14":"purchasable","15":"product-type-variable","16":"wvs-archive-product-wrapper"},"_links":{"self":[{"href":"https:\/\/baldumarket.lt\/lt\/wp-json\/wp\/v2\/product\/152650","targetHints":{"allow":["GET"]}}],"collection":[{"href":"https:\/\/baldumarket.lt\/lt\/wp-json\/wp\/v2\/product"}],"about":[{"href":"https:\/\/baldumarket.lt\/lt\/wp-json\/wp\/v2\/types\/product"}],"replies":[{"embeddable":true,"href":"https:\/\/baldumarket.lt\/lt\/wp-json\/wp\/v2\/comments?post=152650"}],"wp:featuredmedia":[{"embeddable":true,"href":"https:\/\/baldumarket.lt\/lt\/wp-json\/wp\/v2\/media\/152688"}],"wp:attachment":[{"href":"https:\/\/baldumarket.lt\/lt\/wp-json\/wp\/v2\/media?parent=152650"}],"wp:term":[{"taxonomy":"product_brand","embeddable":true,"href":"https:\/\/baldumarket.lt\/lt\/wp-json\/wp\/v2\/product_brand?post=152650"},{"taxonomy":"product_cat","embeddable":true,"href":"https:\/\/baldumarket.lt\/lt\/wp-json\/wp\/v2\/product_cat?post=152650"},{"taxonomy":"product_tag","embeddable":true,"href":"https:\/\/baldumarket.lt\/lt\/wp-json\/wp\/v2\/product_tag?post=152650"}],"curies":[{"name":"wp","href":"https:\/\/api.w.org\/{rel}","templated":true}]}}