{"id":152632,"date":"2025-12-18T05:52:28","date_gmt":"2025-12-18T02:52:28","guid":{"rendered":"https:\/\/baldumarket.lt\/?post_type=product&#038;p=152632"},"modified":"2026-02-03T23:33:47","modified_gmt":"2026-02-03T20:33:47","slug":"naroznik-molina-mini-gr1-3","status":"publish","type":"product","link":"https:\/\/baldumarket.lt\/lt\/produktas\/naroznik-molina-mini-gr1-3\/","title":{"rendered":"Molina Mini Gr1 kampin\u0117 sofa"},"content":{"rendered":"<h5><span style=\"color: #54859b\">Apsilankykite m\u016bs\u0173 virtualioje WERSAL prek\u0117s \u017eenklo parduotuv\u0117je<\/span><\/h5>\n<p> <a href=\"https:\/\/my.matterport.com\/show\/?m=SjRhosZFbQJ\" target=\"_blank\" rel=\"noopener\"><span style=\"color: #e47025\">https:\/\/my.matterport.com\/<\/span><\/a><\/p>\n<p>\u201eWersal\u201c gamintojo \u201eMolina\u201c kampin\u0117s sofos pasi\u017eymi modernistine forma, tvirtumu ir gra\u017eia apdaila. Tvirta konstrukcija, stovinti ant eleganti\u0161k\u0173 chromuot\u0173 kojeli\u0173, turi galvos atramos atsipalaidavimo funkcij\u0105, leid\u017eian\u010di\u0105 reguliuoti kiekvienos atlo\u0161o auk\u0161t\u012f. Visi porankiai taip pat yra judinami, taip dar labiau padidinant komfort\u0105. Funkcionali \u201eMolina\u201c kampin\u0117 sofa i\u0161silanksto \u012f miegojimo pad\u0117t\u012f (miego \/ pasivaik\u0161\u010diojimo funkcija), o jos pufas turi daug vietos patalynei. Mini versijos konteinerio matmenys yra 180x65x16 cm, L versijos \u2013 197x83x16 cm, XL versijos \u2013 197x83x16 cm (kair\u0117je) ir 180x65x16 cm (de\u0161in\u0117je). S\u0117dyn\u0117s u\u017epildas: A tipo banguotos spyruokl\u0117s, N30 poliuretano putos ir elastingas dir\u017eas. Atlo\u0161o u\u017epildas: T1818 poliuretano putos. 10 cm auk\u0161\u010dio metalin\u0117s kojel\u0117s. Kampin\u0117 sofa tiekiama kair\u0117s ir de\u0161in\u0117s pus\u0117s versijomis. Modelis tiekiamas Mini, L ir XL versijomis.<\/p>","protected":false},"excerpt":{"rendered":"<p>Svoris: 149 kg<br \/>\nPlotis: 277 cm<br \/>\nGylis: 189 cm<br \/>\nAuk\u0161tis: 90 cm<br \/>\nMiegamosios dalies plotis: 125 cm<br \/>\nMiegamosios dalies ilgis: 210 cm<br \/>\nPus\u0117: De\u0161in\u0117<\/p>","protected":false},"featured_media":152677,"comment_status":"open","ping_status":"closed","template":"","meta":[],"product_brand":[],"product_cat":[9386,616,1983,4104],"product_tag":[],"class_list":{"0":"post-152632","1":"product","2":"type-product","3":"status-publish","4":"has-post-thumbnail","6":"product_cat-avangarde-wersal-upholstered-furniture","7":"product_cat-corners","8":"product_cat-corners-l","9":"product_cat-wersal","11":"first","12":"instock","13":"shipping-taxable","14":"purchasable","15":"product-type-variable","16":"wvs-archive-product-wrapper"},"_links":{"self":[{"href":"https:\/\/baldumarket.lt\/lt\/wp-json\/wp\/v2\/product\/152632","targetHints":{"allow":["GET"]}}],"collection":[{"href":"https:\/\/baldumarket.lt\/lt\/wp-json\/wp\/v2\/product"}],"about":[{"href":"https:\/\/baldumarket.lt\/lt\/wp-json\/wp\/v2\/types\/product"}],"replies":[{"embeddable":true,"href":"https:\/\/baldumarket.lt\/lt\/wp-json\/wp\/v2\/comments?post=152632"}],"wp:featuredmedia":[{"embeddable":true,"href":"https:\/\/baldumarket.lt\/lt\/wp-json\/wp\/v2\/media\/152677"}],"wp:attachment":[{"href":"https:\/\/baldumarket.lt\/lt\/wp-json\/wp\/v2\/media?parent=152632"}],"wp:term":[{"taxonomy":"product_brand","embeddable":true,"href":"https:\/\/baldumarket.lt\/lt\/wp-json\/wp\/v2\/product_brand?post=152632"},{"taxonomy":"product_cat","embeddable":true,"href":"https:\/\/baldumarket.lt\/lt\/wp-json\/wp\/v2\/product_cat?post=152632"},{"taxonomy":"product_tag","embeddable":true,"href":"https:\/\/baldumarket.lt\/lt\/wp-json\/wp\/v2\/product_tag?post=152632"}],"curies":[{"name":"wp","href":"https:\/\/api.w.org\/{rel}","templated":true}]}}