{"id":152591,"date":"2025-12-18T05:51:35","date_gmt":"2025-12-18T02:51:35","guid":{"rendered":"https:\/\/baldumarket.lt\/?post_type=product&#038;p=152591"},"modified":"2026-02-03T23:33:48","modified_gmt":"2026-02-03T20:33:48","slug":"naroznik-livio-gr1-2","status":"publish","type":"product","link":"https:\/\/baldumarket.lt\/lt\/product\/naroznik-livio-gr1-2\/","title":{"rendered":"Livio Gr1 kampin\u0117 sofa"},"content":{"rendered":"<h5><span style=\"color: #54859b\">Apsilankykite m\u016bs\u0173 virtualioje WERSAL prek\u0117s \u017eenklo parduotuv\u0117je<\/span><\/h5>\n<p> <a href=\"https:\/\/my.matterport.com\/show\/?m=SjRhosZFbQJ\" target=\"_blank\" rel=\"noopener\"><span style=\"color: #e47025\">https:\/\/my.matterport.com\/<\/span><\/a><\/p>\n<p>\u201eLivio\u201c modelis \u2013 tai tvarkingas ir kompakti\u0161kas poilsio baldas, kurio matmenys \u2013 249 \u00d7 74 \/ 90 \u00d7 93 cm, su prakti\u0161ka ve\u017eim\u0117lio tipo miegojimo funkcija ir patogia patalyn\u0117s d\u0117\u017ee (172 \u00d7 83 \u00d7 16 cm). Atlo\u0161as papildomai turi reguliuojamo dyd\u017eio galvos atram\u0105 (3 vnt.). S\u0117dyn\u0117 u\u017epildyta A tipo banguotomis spyruokl\u0117mis, N30 poliuretano putomis ir elastingu dir\u017eu. Atlo\u0161as u\u017epildytas T1818 poliuretano putomis. \u012edomiai atrodo original\u016bs, 10 cm auk\u0161\u010dio juodi metaliniai b\u0117geliai. \u201eLivio\u201c galima \u012fsigyti kairiarankiams ir de\u0161iniarankiams.<\/p>","protected":false},"excerpt":{"rendered":"<p>Svoris: 128 kg<br \/>\nPlotis: 249 cm<br \/>\nGylis: 184 cm<br \/>\nAuk\u0161tis: 90 cm<br \/>\nMiegamosios dalies plotis: 124 cm<br \/>\nMiegamosios dalies ilgis: 194 cm<\/p>","protected":false},"featured_media":152654,"comment_status":"open","ping_status":"closed","template":"","meta":[],"product_brand":[],"product_cat":[9386,616,1983,4104],"product_tag":[],"class_list":{"0":"post-152591","1":"product","2":"type-product","3":"status-publish","4":"has-post-thumbnail","6":"product_cat-avangarde-wersal-upholstered-furniture","7":"product_cat-corners","8":"product_cat-corners-l","9":"product_cat-wersal","11":"first","12":"instock","13":"shipping-taxable","14":"purchasable","15":"product-type-variable","16":"wvs-archive-product-wrapper"},"_links":{"self":[{"href":"https:\/\/baldumarket.lt\/lt\/wp-json\/wp\/v2\/product\/152591","targetHints":{"allow":["GET"]}}],"collection":[{"href":"https:\/\/baldumarket.lt\/lt\/wp-json\/wp\/v2\/product"}],"about":[{"href":"https:\/\/baldumarket.lt\/lt\/wp-json\/wp\/v2\/types\/product"}],"replies":[{"embeddable":true,"href":"https:\/\/baldumarket.lt\/lt\/wp-json\/wp\/v2\/comments?post=152591"}],"wp:featuredmedia":[{"embeddable":true,"href":"https:\/\/baldumarket.lt\/lt\/wp-json\/wp\/v2\/media\/152654"}],"wp:attachment":[{"href":"https:\/\/baldumarket.lt\/lt\/wp-json\/wp\/v2\/media?parent=152591"}],"wp:term":[{"taxonomy":"product_brand","embeddable":true,"href":"https:\/\/baldumarket.lt\/lt\/wp-json\/wp\/v2\/product_brand?post=152591"},{"taxonomy":"product_cat","embeddable":true,"href":"https:\/\/baldumarket.lt\/lt\/wp-json\/wp\/v2\/product_cat?post=152591"},{"taxonomy":"product_tag","embeddable":true,"href":"https:\/\/baldumarket.lt\/lt\/wp-json\/wp\/v2\/product_tag?post=152591"}],"curies":[{"name":"wp","href":"https:\/\/api.w.org\/{rel}","templated":true}]}}