{"id":152574,"date":"2025-12-18T05:51:06","date_gmt":"2025-12-18T02:51:06","guid":{"rendered":"https:\/\/baldumarket.lt\/?post_type=product&#038;p=152574"},"modified":"2026-02-03T23:33:48","modified_gmt":"2026-02-03T20:33:48","slug":"naroznik-lewostronny-typu-u-murillo-xl-z-elektrycznie-regulowana-glebokoscia-siedziska-gr1","status":"publish","type":"product","link":"https:\/\/baldumarket.lt\/lt\/product\/naroznik-lewostronny-typu-u-murillo-xl-z-elektrycznie-regulowana-glebokoscia-siedziska-gr1\/","title":{"rendered":"\u201eMurillo XL\u201c U formos kairioji kampin\u0117 sofa su elektra reguliuojamu s\u0117dyn\u0117s gyliu Gr1"},"content":{"rendered":"<h5><span style=\"color: #54859b\">Apsilankykite m\u016bs\u0173 virtualioje WERSAL prek\u0117s \u017eenklo parduotuv\u0117je<\/span><\/h5>\n<p> <a href=\"https:\/\/my.matterport.com\/show\/?m=SjRhosZFbQJ\" target=\"_blank\" rel=\"noopener\"><span style=\"color: #e47025\">https:\/\/my.matterport.com\/<\/span><\/a><\/p>\n<p>\u201eMurillo XL\u201c kampin\u0117 sofa yra U formos kampin\u0117 sofa, kurios matmenys \u2013 350 x 87 x 218 cm, ir kuri\u0105 galima \u012fsigyti kair\u0117s arba de\u0161in\u0117s pus\u0117s versij\u0173. XL modelis turi elektra reguliuojam\u0105 s\u0117dyn\u0119, kuri\u0105 i\u0161skleidus miegamoji erdv\u0117 yra 115 x 285 cm. Be to, modelis turi 6 reguliuojamas galvos atramas ir patalyn\u0117s d\u0117\u017e\u0119 pufe, kurios matmenys \u2013 204 x 90 x 17 cm. S\u0117dyn\u0117s u\u017epildas \u2013 A tipo banguotos spyruokl\u0117s, N30 poliuretano putos, elastingas dir\u017eas. Atlo\u0161o u\u017epildas \u2013 2315 poliuretano putos. 5 cm auk\u0161\u010dio plastikin\u0117s kojel\u0117s. Taip pat galimi \u201eMini\u201c ir \u201eXL\u201c modeliai.<\/p>","protected":false},"excerpt":{"rendered":"<p>Plotis: 350 cm<br \/>\nGylis: 218 cm<br \/>\nAuk\u0161tis: 100 cm<br \/>\nMiego funkcija: be miego funkcijos<br \/>\nAtsipalaidavimo funkcija: su atsipalaidavimo funkcija<br \/>\nPus\u0117: Kair\u0117<\/p>","protected":false},"featured_media":152642,"comment_status":"open","ping_status":"closed","template":"","meta":[],"product_brand":[],"product_cat":[9386,616,1982,4104],"product_tag":[],"class_list":{"0":"post-152574","1":"product","2":"type-product","3":"status-publish","4":"has-post-thumbnail","6":"product_cat-avangarde-wersal-upholstered-furniture","7":"product_cat-corners","8":"product_cat-corners-u","9":"product_cat-wersal","11":"first","12":"instock","13":"shipping-taxable","14":"purchasable","15":"product-type-variable","16":"wvs-archive-product-wrapper"},"_links":{"self":[{"href":"https:\/\/baldumarket.lt\/lt\/wp-json\/wp\/v2\/product\/152574","targetHints":{"allow":["GET"]}}],"collection":[{"href":"https:\/\/baldumarket.lt\/lt\/wp-json\/wp\/v2\/product"}],"about":[{"href":"https:\/\/baldumarket.lt\/lt\/wp-json\/wp\/v2\/types\/product"}],"replies":[{"embeddable":true,"href":"https:\/\/baldumarket.lt\/lt\/wp-json\/wp\/v2\/comments?post=152574"}],"wp:featuredmedia":[{"embeddable":true,"href":"https:\/\/baldumarket.lt\/lt\/wp-json\/wp\/v2\/media\/152642"}],"wp:attachment":[{"href":"https:\/\/baldumarket.lt\/lt\/wp-json\/wp\/v2\/media?parent=152574"}],"wp:term":[{"taxonomy":"product_brand","embeddable":true,"href":"https:\/\/baldumarket.lt\/lt\/wp-json\/wp\/v2\/product_brand?post=152574"},{"taxonomy":"product_cat","embeddable":true,"href":"https:\/\/baldumarket.lt\/lt\/wp-json\/wp\/v2\/product_cat?post=152574"},{"taxonomy":"product_tag","embeddable":true,"href":"https:\/\/baldumarket.lt\/lt\/wp-json\/wp\/v2\/product_tag?post=152574"}],"curies":[{"name":"wp","href":"https:\/\/api.w.org\/{rel}","templated":true}]}}