{"id":152556,"date":"2025-12-18T05:50:40","date_gmt":"2025-12-18T02:50:40","guid":{"rendered":"https:\/\/baldumarket.lt\/?post_type=product&#038;p=152556"},"modified":"2026-02-03T23:33:48","modified_gmt":"2026-02-03T20:33:48","slug":"naroznik-lewostronny-tollo-mini-z-elektrycznie-wysuwanym-siedziskiem-i-pojemnikiem-na-posciel-gr1","status":"publish","type":"product","link":"https:\/\/baldumarket.lt\/lt\/product\/naroznik-lewostronny-tollo-mini-z-elektrycznie-wysuwanym-siedziskiem-i-pojemnikiem-na-posciel-gr1\/","title":{"rendered":"Tollo Mini kairin\u0117 kampin\u0117 sofa su elektra i\u0161traukiama s\u0117dyne ir patalyn\u0117s d\u0117\u017ee Gr1"},"content":{"rendered":"<h5><span style=\"color: #54859b\">Apsilankykite m\u016bs\u0173 virtualioje WERSAL prek\u0117s \u017eenklo parduotuv\u0117je<\/span><\/h5>\n<p> <a href=\"https:\/\/my.matterport.com\/show\/?m=SjRhosZFbQJ\" target=\"_blank\" rel=\"noopener\"><span style=\"color: #e47025\">https:\/\/my.matterport.com\/<\/span><\/a><\/p>\n<p>Kampin\u0117 sofa \u201eTollo Mini\u201c turi elektra i\u0161traukiam\u0105 s\u0117dyn\u0119, suteikian\u010di\u0105 papildom\u0105 126 \u00d7 235 cm miegojimo plot\u0105, ir 123 x 74 x 17 cm patalyn\u0117s d\u0117\u017e\u0119. Didel\u012f kasdienio naudojimo komfort\u0105 tiesiogiai lemia A tipo zigzago spyruokl\u0117s ir labai elastingos HR N30 putos. Tvirt\u0105 s\u0117dyn\u0119 ir atlo\u0161\u0105 pary\u0161kina gilios si\u016bl\u0117s. Atlo\u0161as u\u017epildytas V2315 poliuretano putomis. Konstrukcija turi 5 cm auk\u0161\u010dio juodas plastikines kojeles. Be to, modelis turi reguliuojamas galvos atramas. \u201eTollo Mini\u201c galima \u012fsigyti kair\u0117s ir de\u0161in\u0117s rank\u0173 versij\u0173. D\u0117l plataus spalv\u0173 pasirinkimo kiekvienas ras tobulai tinkan\u010di\u0105 sof\u0105 savo interjerui. Taip pat galima \u012fsigyti kampines sofas \u201eTollo L\u201c ir \u201eTollo XL\u201c.<\/p>","protected":false},"excerpt":{"rendered":"<p>Svoris: 160 kg<br \/>\nPlotis: 283 cm<br \/>\nGylis: 172 cm<br \/>\nAuk\u0161tis: 105 cm<br \/>\nAtsipalaidavimo funkcija: su atsipalaidavimo funkcija<br \/>\nPus\u0117: Kair\u0117<\/p>","protected":false},"featured_media":152624,"comment_status":"open","ping_status":"closed","template":"","meta":[],"product_brand":[],"product_cat":[9386,616,1983,4104],"product_tag":[],"class_list":{"0":"post-152556","1":"product","2":"type-product","3":"status-publish","4":"has-post-thumbnail","6":"product_cat-avangarde-wersal-upholstered-furniture","7":"product_cat-corners","8":"product_cat-corners-l","9":"product_cat-wersal","11":"first","12":"instock","13":"shipping-taxable","14":"purchasable","15":"product-type-variable","16":"wvs-archive-product-wrapper"},"_links":{"self":[{"href":"https:\/\/baldumarket.lt\/lt\/wp-json\/wp\/v2\/product\/152556","targetHints":{"allow":["GET"]}}],"collection":[{"href":"https:\/\/baldumarket.lt\/lt\/wp-json\/wp\/v2\/product"}],"about":[{"href":"https:\/\/baldumarket.lt\/lt\/wp-json\/wp\/v2\/types\/product"}],"replies":[{"embeddable":true,"href":"https:\/\/baldumarket.lt\/lt\/wp-json\/wp\/v2\/comments?post=152556"}],"wp:featuredmedia":[{"embeddable":true,"href":"https:\/\/baldumarket.lt\/lt\/wp-json\/wp\/v2\/media\/152624"}],"wp:attachment":[{"href":"https:\/\/baldumarket.lt\/lt\/wp-json\/wp\/v2\/media?parent=152556"}],"wp:term":[{"taxonomy":"product_brand","embeddable":true,"href":"https:\/\/baldumarket.lt\/lt\/wp-json\/wp\/v2\/product_brand?post=152556"},{"taxonomy":"product_cat","embeddable":true,"href":"https:\/\/baldumarket.lt\/lt\/wp-json\/wp\/v2\/product_cat?post=152556"},{"taxonomy":"product_tag","embeddable":true,"href":"https:\/\/baldumarket.lt\/lt\/wp-json\/wp\/v2\/product_tag?post=152556"}],"curies":[{"name":"wp","href":"https:\/\/api.w.org\/{rel}","templated":true}]}}