{"id":152554,"date":"2025-12-18T05:50:38","date_gmt":"2025-12-18T02:50:38","guid":{"rendered":"https:\/\/baldumarket.lt\/?post_type=product&#038;p=152554"},"modified":"2026-02-03T23:33:48","modified_gmt":"2026-02-03T20:33:48","slug":"naroznik-lewostronny-tollo-l-z-elektrycznie-wysuwanym-siedziskiem-i-pojemnikiem-na-posciel-gr1","status":"publish","type":"product","link":"https:\/\/baldumarket.lt\/lt\/product\/naroznik-lewostronny-tollo-l-z-elektrycznie-wysuwanym-siedziskiem-i-pojemnikiem-na-posciel-gr1\/","title":{"rendered":"Tollo L kairin\u0117 kampin\u0117 sofa su elektra i\u0161traukiama s\u0117dyne ir patalyn\u0117s d\u0117\u017ee Gr1"},"content":{"rendered":"<h5><span style=\"color: #54859b\">Apsilankykite m\u016bs\u0173 virtualioje WERSAL prek\u0117s \u017eenklo parduotuv\u0117je<\/span><\/h5>\n<p> <a href=\"https:\/\/my.matterport.com\/show\/?m=SjRhosZFbQJ\" target=\"_blank\" rel=\"noopener\"><span style=\"color: #e47025\">https:\/\/my.matterport.com\/<\/span><\/a><\/p>\n<p>L formos \u201eTollo L\u201c kampin\u0117 sofa turi elektra i\u0161traukiam\u0105 s\u0117dyn\u0119, kuri suteikia papildom\u0105 126 \u00d7 227 cm miegojimo viet\u0105 ir 120 x 85 x 17 cm patalyn\u0117s d\u0117\u017e\u0119. Didel\u012f komfort\u0105 kasdienio poilsio metu u\u017etikrina A tipo zigzago spyruokli\u0173, labai elasting\u0173 HR 2515 put\u0173 ir N30 poliuretano put\u0173 u\u017epildas. Tiek s\u0117dyn\u0117, tiek atlo\u0161as dekoruoti giliomis si\u016bl\u0117mis. Atlo\u0161as u\u017epildytas V2315 poliuretano putomis ir elastingu dir\u017eu. Konstrukcija turi 5 cm auk\u0161\u010dio juodas plastikines kojeles. Be to, modelis turi stumdomas atlo\u0161us ir reguliuojamas galvos atramas. \u201eTollo L\u201c galima \u012fsigyti kair\u0117s ir de\u0161in\u0117s pus\u0117s versij\u0173, pla\u010dioje spalv\u0173 gamoje. Taip pat galima \u012fsigyti kampines sofas \u201eTollo Mini\u201c ir \u201eTollo XL\u201c.<\/p>","protected":false},"excerpt":{"rendered":"<p>Svoris: 188 kg<br \/>\nPlotis: 302 cm<br \/>\nGylis: 217 cm<br \/>\nAuk\u0161tis: 105 cm<br \/>\nAtsipalaidavimo funkcija: su atsipalaidavimo funkcija<br \/>\nPus\u0117: Kair\u0117<\/p>","protected":false},"featured_media":152616,"comment_status":"open","ping_status":"closed","template":"","meta":[],"product_brand":[],"product_cat":[9386,616,1983,4104],"product_tag":[],"class_list":{"0":"post-152554","1":"product","2":"type-product","3":"status-publish","4":"has-post-thumbnail","6":"product_cat-avangarde-wersal-upholstered-furniture","7":"product_cat-corners","8":"product_cat-corners-l","9":"product_cat-wersal","11":"first","12":"instock","13":"shipping-taxable","14":"purchasable","15":"product-type-variable","16":"wvs-archive-product-wrapper"},"_links":{"self":[{"href":"https:\/\/baldumarket.lt\/lt\/wp-json\/wp\/v2\/product\/152554","targetHints":{"allow":["GET"]}}],"collection":[{"href":"https:\/\/baldumarket.lt\/lt\/wp-json\/wp\/v2\/product"}],"about":[{"href":"https:\/\/baldumarket.lt\/lt\/wp-json\/wp\/v2\/types\/product"}],"replies":[{"embeddable":true,"href":"https:\/\/baldumarket.lt\/lt\/wp-json\/wp\/v2\/comments?post=152554"}],"wp:featuredmedia":[{"embeddable":true,"href":"https:\/\/baldumarket.lt\/lt\/wp-json\/wp\/v2\/media\/152616"}],"wp:attachment":[{"href":"https:\/\/baldumarket.lt\/lt\/wp-json\/wp\/v2\/media?parent=152554"}],"wp:term":[{"taxonomy":"product_brand","embeddable":true,"href":"https:\/\/baldumarket.lt\/lt\/wp-json\/wp\/v2\/product_brand?post=152554"},{"taxonomy":"product_cat","embeddable":true,"href":"https:\/\/baldumarket.lt\/lt\/wp-json\/wp\/v2\/product_cat?post=152554"},{"taxonomy":"product_tag","embeddable":true,"href":"https:\/\/baldumarket.lt\/lt\/wp-json\/wp\/v2\/product_tag?post=152554"}],"curies":[{"name":"wp","href":"https:\/\/api.w.org\/{rel}","templated":true}]}}