{"id":152515,"date":"2025-12-18T05:49:40","date_gmt":"2025-12-18T02:49:40","guid":{"rendered":"https:\/\/baldumarket.lt\/?post_type=product&#038;p=152515"},"modified":"2026-02-03T23:33:49","modified_gmt":"2026-02-03T20:33:49","slug":"naroznik-lewostronny-mystic-z-elektrycznie-regulowana-glebokoscia-siedziska-gr1","status":"publish","type":"product","link":"https:\/\/baldumarket.lt\/lt\/product\/naroznik-lewostronny-mystic-z-elektrycznie-regulowana-glebokoscia-siedziska-gr1\/","title":{"rendered":"\u201eMystic\u201c kair\u0117s pus\u0117s kampin\u0117 sofa su elektra reguliuojamu s\u0117dyn\u0117s gyliu Gr1"},"content":{"rendered":"<h5><span style=\"color: #54859b\">Apsilankykite m\u016bs\u0173 virtualioje WERSAL prek\u0117s \u017eenklo parduotuv\u0117je<\/span><\/h5>\n<p> <a href=\"https:\/\/my.matterport.com\/show\/?m=SjRhosZFbQJ\" target=\"_blank\" rel=\"noopener\"><span style=\"color: #e47025\">https:\/\/my.matterport.com\/<\/span><\/a><\/p>\n<p>\u201eAvangarde\u201c kolekcijos kampin\u0117 sofa \u201eMystic\u201c \u2013 tai gra\u017eus, eleganti\u0161kas ir daugiafunkcis svetain\u0117s bald\u0173 variantas. \u0160is dekoratyvin\u0117mis si\u016bl\u0117mis siuvin\u0117tas 284x90x175 cm dyd\u017eio modelis tiekiamas kair\u0117s ir de\u0161in\u0117s pus\u0117s versijomis. Jame yra reguliuojami porankiai. Kampin\u0117 sofa turi elektra i\u0161traukiam\u0105 s\u0117dyn\u0119. S\u0117dyn\u0117 u\u017epildyta A tipo banguotomis spyruokl\u0117mis, N30 poliuretano putomis ir elastiniu dir\u017eu. Atlo\u0161as u\u017epildytas T1818 poliuretano putomis ir elastiniu dir\u017eu. Nugar\u0117l\u0117 aptraukta apmu\u0161alais. Kojel\u0117s yra 15 cm auk\u0161\u010dio ir pagamintos i\u0161 metalo. Modelis yra \u012fvairi\u0173 spalv\u0173.<\/p>","protected":false},"excerpt":{"rendered":"<p>Plotis: 284 cm<br \/>\nGylis: 175 cm<br \/>\nAuk\u0161tis: 90 cm<br \/>\nMiego funkcija: be miego funkcijos<br \/>\nAtsipalaidavimo funkcija: su atsipalaidavimo funkcija<br \/>\nPus\u0117: Kair\u0117<\/p>","protected":false},"featured_media":152581,"comment_status":"open","ping_status":"closed","template":"","meta":[],"product_brand":[],"product_cat":[9386,616,1983,4104],"product_tag":[],"class_list":{"0":"post-152515","1":"product","2":"type-product","3":"status-publish","4":"has-post-thumbnail","6":"product_cat-avangarde-wersal-upholstered-furniture","7":"product_cat-corners","8":"product_cat-corners-l","9":"product_cat-wersal","11":"first","12":"instock","13":"shipping-taxable","14":"purchasable","15":"product-type-variable","16":"wvs-archive-product-wrapper"},"_links":{"self":[{"href":"https:\/\/baldumarket.lt\/lt\/wp-json\/wp\/v2\/product\/152515","targetHints":{"allow":["GET"]}}],"collection":[{"href":"https:\/\/baldumarket.lt\/lt\/wp-json\/wp\/v2\/product"}],"about":[{"href":"https:\/\/baldumarket.lt\/lt\/wp-json\/wp\/v2\/types\/product"}],"replies":[{"embeddable":true,"href":"https:\/\/baldumarket.lt\/lt\/wp-json\/wp\/v2\/comments?post=152515"}],"wp:featuredmedia":[{"embeddable":true,"href":"https:\/\/baldumarket.lt\/lt\/wp-json\/wp\/v2\/media\/152581"}],"wp:attachment":[{"href":"https:\/\/baldumarket.lt\/lt\/wp-json\/wp\/v2\/media?parent=152515"}],"wp:term":[{"taxonomy":"product_brand","embeddable":true,"href":"https:\/\/baldumarket.lt\/lt\/wp-json\/wp\/v2\/product_brand?post=152515"},{"taxonomy":"product_cat","embeddable":true,"href":"https:\/\/baldumarket.lt\/lt\/wp-json\/wp\/v2\/product_cat?post=152515"},{"taxonomy":"product_tag","embeddable":true,"href":"https:\/\/baldumarket.lt\/lt\/wp-json\/wp\/v2\/product_tag?post=152515"}],"curies":[{"name":"wp","href":"https:\/\/api.w.org\/{rel}","templated":true}]}}