{"id":152513,"date":"2025-12-18T05:49:39","date_gmt":"2025-12-18T02:49:39","guid":{"rendered":"https:\/\/baldumarket.lt\/?post_type=product&#038;p=152513"},"modified":"2026-02-03T23:33:49","modified_gmt":"2026-02-03T20:33:49","slug":"naroznik-lewostronny-murillo-mini-z-elektrycznie-regulowana-glebokoscia-siedziska-gr1","status":"publish","type":"product","link":"https:\/\/baldumarket.lt\/lt\/product\/naroznik-lewostronny-murillo-mini-z-elektrycznie-regulowana-glebokoscia-siedziska-gr1\/","title":{"rendered":"\u201eMurillo Mini\u201c kairin\u0117 kampin\u0117 sofa su elektra reguliuojamu s\u0117dyn\u0117s gyliu Gr1"},"content":{"rendered":"<h5><span style=\"color: #54859b\">Apsilankykite m\u016bs\u0173 virtualioje WERSAL prek\u0117s \u017eenklo parduotuv\u0117je<\/span><\/h5>\n<p> <a href=\"https:\/\/my.matterport.com\/show\/?m=SjRhosZFbQJ\" target=\"_blank\" rel=\"noopener\"><span style=\"color: #e47025\">https:\/\/my.matterport.com\/<\/span><\/a><\/p>\n<p>\u201eMurillo Mini\u201c kampin\u0117 sofa si\u016bloma kair\u0117s ir de\u0161in\u0117s pus\u0117s versijomis. Jos matmenys \u2013 260 x 87 x 175 cm, o s\u0117dyn\u0117s gylis reguliuojamas elektra, tod\u0117l i\u0161skleidus miegamoji erdv\u0117 yra 115 x 227 cm. Be to, kampin\u0117 sofa turi tris reguliuojamas galvos atramas ir patalyn\u0117s skyri\u0173, esant\u012f 123 x 74 x 17 cm dyd\u017eio pufe. S\u0117dyn\u0117s u\u017epildas: A tipo banguotos spyruokl\u0117s, N30 poliuretano putos ir elastin\u0117 juosmens juosta. Atlo\u0161o u\u017epildas: 2315 poliuretano putos. 5 cm auk\u0161\u010dio plastikin\u0117s kojel\u0117s. Taip pat galimi L ir XL modeliai.<\/p>","protected":false},"excerpt":{"rendered":"<p>Svoris: 150 kg<br \/>\nPlotis: 260 cm<br \/>\nGylis: 175 cm<br \/>\nAuk\u0161tis: 100 cm<br \/>\nAtsipalaidavimo funkcija: su atsipalaidavimo funkcija<br \/>\nPus\u0117: Kair\u0117<\/p>","protected":false},"featured_media":152576,"comment_status":"open","ping_status":"closed","template":"","meta":[],"product_brand":[],"product_cat":[9386,616,1983,4104],"product_tag":[],"class_list":{"0":"post-152513","1":"product","2":"type-product","3":"status-publish","4":"has-post-thumbnail","6":"product_cat-avangarde-wersal-upholstered-furniture","7":"product_cat-corners","8":"product_cat-corners-l","9":"product_cat-wersal","11":"first","12":"instock","13":"shipping-taxable","14":"purchasable","15":"product-type-variable","16":"wvs-archive-product-wrapper"},"_links":{"self":[{"href":"https:\/\/baldumarket.lt\/lt\/wp-json\/wp\/v2\/product\/152513","targetHints":{"allow":["GET"]}}],"collection":[{"href":"https:\/\/baldumarket.lt\/lt\/wp-json\/wp\/v2\/product"}],"about":[{"href":"https:\/\/baldumarket.lt\/lt\/wp-json\/wp\/v2\/types\/product"}],"replies":[{"embeddable":true,"href":"https:\/\/baldumarket.lt\/lt\/wp-json\/wp\/v2\/comments?post=152513"}],"wp:featuredmedia":[{"embeddable":true,"href":"https:\/\/baldumarket.lt\/lt\/wp-json\/wp\/v2\/media\/152576"}],"wp:attachment":[{"href":"https:\/\/baldumarket.lt\/lt\/wp-json\/wp\/v2\/media?parent=152513"}],"wp:term":[{"taxonomy":"product_brand","embeddable":true,"href":"https:\/\/baldumarket.lt\/lt\/wp-json\/wp\/v2\/product_brand?post=152513"},{"taxonomy":"product_cat","embeddable":true,"href":"https:\/\/baldumarket.lt\/lt\/wp-json\/wp\/v2\/product_cat?post=152513"},{"taxonomy":"product_tag","embeddable":true,"href":"https:\/\/baldumarket.lt\/lt\/wp-json\/wp\/v2\/product_tag?post=152513"}],"curies":[{"name":"wp","href":"https:\/\/api.w.org\/{rel}","templated":true}]}}