{"id":152364,"date":"2025-12-18T05:46:15","date_gmt":"2025-12-18T02:46:15","guid":{"rendered":"https:\/\/baldumarket.lt\/?post_type=product&#038;p=152364"},"modified":"2026-02-03T23:33:51","modified_gmt":"2026-02-03T20:33:51","slug":"naroznik-lewostronny-colombo-mini-z-funkcja-relax-i-pojemnikiem-na-posciel-gr1","status":"publish","type":"product","link":"https:\/\/baldumarket.lt\/lt\/product\/naroznik-lewostronny-colombo-mini-z-funkcja-relax-i-pojemnikiem-na-posciel-gr1\/","title":{"rendered":"Colombo Mini kairin\u0117 kampin\u0117 sofa su poilsio funkcija ir patalyn\u0117s d\u0117\u017ee Gr1"},"content":{"rendered":"<h5><span style=\"color: #54859b\">Apsilankykite m\u016bs\u0173 virtualioje WERSAL prek\u0117s \u017eenklo parduotuv\u0117je<\/span><\/h5>\n<p> <a href=\"https:\/\/my.matterport.com\/show\/?m=SjRhosZFbQJ\" target=\"_blank\" rel=\"noopener\"><span style=\"color: #e47025\">https:\/\/my.matterport.com\/<\/span><\/a><\/p>\n<p>\u201eWersal\u201c kampin\u0117 sofa \u201eColombo Mini\u201c, pasi\u017eyminti \u012fdomia forma ir i\u0161skirtin\u0117mis si\u016bl\u0117mis, puikiai papildys bet kur\u012f svetain\u0117s interjer\u0105. Ji turi elektra i\u0161traukiam\u0105 s\u0117dyn\u0119, kuri\u0105 galima lengvai paversti lova (ji i\u0161siple\u010dia iki 88 \u00d7 220 cm ploto) ir leid\u017eia patogiai atsipalaiduoti. S\u0117dyn\u0117 u\u017epildyta A tipo banguotomis spyruokl\u0117mis ir labai elastingomis poliuretano putomis HR300400 ir N30. Atlo\u0161as u\u017epildytas poliuretano putomis V2315 ir elastingu dir\u017eu. Baldas taip pat turi erdv\u0173 patalyn\u0117s d\u0117\u017e\u0119, kurios matmenys \u2013 132 x 71 x 17 cm, ir judan\u010dias galvos atramas (3 vnt.). Juodos plastikin\u0117s kojel\u0117s yra 5 cm auk\u0161\u010dio. Galima \u012fsigyti kairin\u0117s ir de\u0161inin\u0117s versij\u0173. Galima \u012fsigyti Mini, L ir XL versij\u0173.<\/p>","protected":false},"excerpt":{"rendered":"<p>Svoris: 147 kg<br \/>\nPlotis: 275 cm<br \/>\nGylis: 182 cm<br \/>\nAuk\u0161tis: 81 cm<br \/>\nAtsipalaidavimo funkcija: su atsipalaidavimo funkcija<br \/>\nPus\u0117: Kair\u0117<\/p>","protected":false},"featured_media":152437,"comment_status":"open","ping_status":"closed","template":"","meta":[],"product_brand":[],"product_cat":[9386,616,1983,4104],"product_tag":[],"class_list":{"0":"post-152364","1":"product","2":"type-product","3":"status-publish","4":"has-post-thumbnail","6":"product_cat-avangarde-wersal-upholstered-furniture","7":"product_cat-corners","8":"product_cat-corners-l","9":"product_cat-wersal","11":"first","12":"instock","13":"shipping-taxable","14":"purchasable","15":"product-type-variable","16":"wvs-archive-product-wrapper"},"_links":{"self":[{"href":"https:\/\/baldumarket.lt\/lt\/wp-json\/wp\/v2\/product\/152364","targetHints":{"allow":["GET"]}}],"collection":[{"href":"https:\/\/baldumarket.lt\/lt\/wp-json\/wp\/v2\/product"}],"about":[{"href":"https:\/\/baldumarket.lt\/lt\/wp-json\/wp\/v2\/types\/product"}],"replies":[{"embeddable":true,"href":"https:\/\/baldumarket.lt\/lt\/wp-json\/wp\/v2\/comments?post=152364"}],"wp:featuredmedia":[{"embeddable":true,"href":"https:\/\/baldumarket.lt\/lt\/wp-json\/wp\/v2\/media\/152437"}],"wp:attachment":[{"href":"https:\/\/baldumarket.lt\/lt\/wp-json\/wp\/v2\/media?parent=152364"}],"wp:term":[{"taxonomy":"product_brand","embeddable":true,"href":"https:\/\/baldumarket.lt\/lt\/wp-json\/wp\/v2\/product_brand?post=152364"},{"taxonomy":"product_cat","embeddable":true,"href":"https:\/\/baldumarket.lt\/lt\/wp-json\/wp\/v2\/product_cat?post=152364"},{"taxonomy":"product_tag","embeddable":true,"href":"https:\/\/baldumarket.lt\/lt\/wp-json\/wp\/v2\/product_tag?post=152364"}],"curies":[{"name":"wp","href":"https:\/\/api.w.org\/{rel}","templated":true}]}}