{"id":152342,"date":"2025-12-18T05:45:44","date_gmt":"2025-12-18T02:45:44","guid":{"rendered":"https:\/\/baldumarket.lt\/?post_type=product&#038;p=152342"},"modified":"2026-02-03T23:33:51","modified_gmt":"2026-02-03T20:33:51","slug":"naroznik-lewostronny-candelo-mini-80-gr1","status":"publish","type":"product","link":"https:\/\/baldumarket.lt\/lt\/product\/naroznik-lewostronny-candelo-mini-80-gr1\/","title":{"rendered":"Kairysis kampinis sofa Candelo Mini 80 Gr1"},"content":{"rendered":"<h5><span style=\"color: #54859b\">Apsilankykite m\u016bs\u0173 virtualioje WERSAL prek\u0117s \u017eenklo parduotuv\u0117je<\/span><\/h5>\n<p> <a href=\"https:\/\/my.matterport.com\/show\/?m=SjRhosZFbQJ\" target=\"_blank\" rel=\"noopener\"><span style=\"color: #e47025\">https:\/\/my.matterport.com\/<\/span><\/a><\/p>\n<p>\u201eCandelo Mini\u201c kampin\u0117 sofa si\u016bloma dviej\u0173 versij\u0173: 70 ir 80. 70 modelio matmenys yra 308x75x172 cm, s\u0117dyn\u0117s auk\u0161tis \u2013 44 cm, o gylis \u2013 72 cm, o 80 modelio matmenys \u2013 308x75x190 cm, s\u0117dyn\u0117s auk\u0161tis \u2013 44 cm, o gylis \u2013 80 cm. \u0160is modelis u\u017epildytas A tipo banguotomis spyruokl\u0117mis ir N30 poliuretano putomis (s\u0117dyn\u0117) bei T2130 ir V2315 poliuretano putomis (atlo\u0161as). Juodos kojel\u0117s yra 2,5 cm auk\u0161\u010dio. \u0160is modelis yra kairin\u0117s ir de\u0161inin\u0117s pus\u0117s. Nuotraukose parodytos pagalv\u0117l\u0117s \u012f bald\u0105 ne\u012feina.<\/p>","protected":false},"excerpt":{"rendered":"<p>Svoris: 94 kg<br \/>\nPlotis: 308 cm<br \/>\nGylis: 190 cm<br \/>\nAuk\u0161tis: 75 cm<br \/>\nAtsipalaidavimo funkcija: be atsipalaidavimo funkcijos<br \/>\nPus\u0117: Kair\u0117<\/p>","protected":false},"featured_media":152402,"comment_status":"open","ping_status":"closed","template":"","meta":[],"product_brand":[],"product_cat":[9386,616,1983,4104],"product_tag":[],"class_list":{"0":"post-152342","1":"product","2":"type-product","3":"status-publish","4":"has-post-thumbnail","6":"product_cat-avangarde-wersal-upholstered-furniture","7":"product_cat-corners","8":"product_cat-corners-l","9":"product_cat-wersal","11":"first","12":"instock","13":"shipping-taxable","14":"purchasable","15":"product-type-variable","16":"wvs-archive-product-wrapper"},"_links":{"self":[{"href":"https:\/\/baldumarket.lt\/lt\/wp-json\/wp\/v2\/product\/152342","targetHints":{"allow":["GET"]}}],"collection":[{"href":"https:\/\/baldumarket.lt\/lt\/wp-json\/wp\/v2\/product"}],"about":[{"href":"https:\/\/baldumarket.lt\/lt\/wp-json\/wp\/v2\/types\/product"}],"replies":[{"embeddable":true,"href":"https:\/\/baldumarket.lt\/lt\/wp-json\/wp\/v2\/comments?post=152342"}],"wp:featuredmedia":[{"embeddable":true,"href":"https:\/\/baldumarket.lt\/lt\/wp-json\/wp\/v2\/media\/152402"}],"wp:attachment":[{"href":"https:\/\/baldumarket.lt\/lt\/wp-json\/wp\/v2\/media?parent=152342"}],"wp:term":[{"taxonomy":"product_brand","embeddable":true,"href":"https:\/\/baldumarket.lt\/lt\/wp-json\/wp\/v2\/product_brand?post=152342"},{"taxonomy":"product_cat","embeddable":true,"href":"https:\/\/baldumarket.lt\/lt\/wp-json\/wp\/v2\/product_cat?post=152342"},{"taxonomy":"product_tag","embeddable":true,"href":"https:\/\/baldumarket.lt\/lt\/wp-json\/wp\/v2\/product_tag?post=152342"}],"curies":[{"name":"wp","href":"https:\/\/api.w.org\/{rel}","templated":true}]}}