{"id":152326,"date":"2025-12-18T05:45:19","date_gmt":"2025-12-18T02:45:19","guid":{"rendered":"https:\/\/baldumarket.lt\/?post_type=product&#038;p=152326"},"modified":"2026-02-03T23:33:52","modified_gmt":"2026-02-03T20:33:52","slug":"naroznik-lewostronny-baggio-z-elektrycznie-wysuwanym-siedziskiem-i-pojemnikiem-na-posciel-gr1","status":"publish","type":"product","link":"https:\/\/baldumarket.lt\/lt\/product\/naroznik-lewostronny-baggio-z-elektrycznie-wysuwanym-siedziskiem-i-pojemnikiem-na-posciel-gr1\/","title":{"rendered":"Baggio kairin\u0117 kampin\u0117 sofa su elektra i\u0161traukiama s\u0117dyne ir patalyn\u0117s d\u0117\u017ee Gr1"},"content":{"rendered":"<h5><span style=\"color: #54859b\">Apsilankykite m\u016bs\u0173 virtualioje WERSAL prek\u0117s \u017eenklo parduotuv\u0117je<\/span><\/h5>\n<p> <a href=\"https:\/\/my.matterport.com\/show\/?m=SjRhosZFbQJ\" target=\"_blank\" rel=\"noopener\"><span style=\"color: #e47025\">https:\/\/my.matterport.com\/<\/span><\/a><\/p>\n<p>\u201eBaggio\u201c kampin\u0117 sofa yra itin patogus ir funkcionalus modelis. I\u0161skirtiniai jos bruo\u017eai \u2013 dekoratyvinis dygsniavimas s\u0117dyn\u0117je, siauros kojel\u0117s ir reguliuojamos galvos atramos (5 dalys). Be to, modelis turi elektra i\u0161traukiam\u0105 s\u0117dyn\u0119, kuri\u0105 i\u0161skleidus galima naudoti kaip patogi\u0105 miegojimo viet\u0105, ir 185 x 105 x 13 cm patalyn\u0117s d\u0117\u017e\u0119. U\u017epildas pagamintas i\u0161 A tipo banguot\u0173 spyruokli\u0173 ir N30 poliuretano put\u0173. Atlo\u0161as u\u017epildytas T1818 poliuretano putomis ir elastingu dir\u017eu. Baldo nugara aptraukta apmu\u0161alais. Plastikini\u0173 kojeli\u0173 auk\u0161tis yra 10 cm. Galima \u012fsigyti kairiosios ir de\u0161iniosios versij\u0173.<\/p>","protected":false},"excerpt":{"rendered":"<p>Svoris: 143 kg<br \/>\nPlotis: 280 cm<br \/>\nGylis: 196 cm<br \/>\nAuk\u0161tis: 100 cm<br \/>\nAtsipalaidavimo funkcija: su atsipalaidavimo funkcija<br \/>\nPus\u0117: Kair\u0117<\/p>","protected":false},"featured_media":152391,"comment_status":"open","ping_status":"closed","template":"","meta":[],"product_brand":[],"product_cat":[9386,616,1983,4104],"product_tag":[],"class_list":{"0":"post-152326","1":"product","2":"type-product","3":"status-publish","4":"has-post-thumbnail","6":"product_cat-avangarde-wersal-upholstered-furniture","7":"product_cat-corners","8":"product_cat-corners-l","9":"product_cat-wersal","11":"first","12":"instock","13":"shipping-taxable","14":"purchasable","15":"product-type-variable","16":"wvs-archive-product-wrapper"},"_links":{"self":[{"href":"https:\/\/baldumarket.lt\/lt\/wp-json\/wp\/v2\/product\/152326","targetHints":{"allow":["GET"]}}],"collection":[{"href":"https:\/\/baldumarket.lt\/lt\/wp-json\/wp\/v2\/product"}],"about":[{"href":"https:\/\/baldumarket.lt\/lt\/wp-json\/wp\/v2\/types\/product"}],"replies":[{"embeddable":true,"href":"https:\/\/baldumarket.lt\/lt\/wp-json\/wp\/v2\/comments?post=152326"}],"wp:featuredmedia":[{"embeddable":true,"href":"https:\/\/baldumarket.lt\/lt\/wp-json\/wp\/v2\/media\/152391"}],"wp:attachment":[{"href":"https:\/\/baldumarket.lt\/lt\/wp-json\/wp\/v2\/media?parent=152326"}],"wp:term":[{"taxonomy":"product_brand","embeddable":true,"href":"https:\/\/baldumarket.lt\/lt\/wp-json\/wp\/v2\/product_brand?post=152326"},{"taxonomy":"product_cat","embeddable":true,"href":"https:\/\/baldumarket.lt\/lt\/wp-json\/wp\/v2\/product_cat?post=152326"},{"taxonomy":"product_tag","embeddable":true,"href":"https:\/\/baldumarket.lt\/lt\/wp-json\/wp\/v2\/product_tag?post=152326"}],"curies":[{"name":"wp","href":"https:\/\/api.w.org\/{rel}","templated":true}]}}