{"id":152324,"date":"2025-12-18T05:45:17","date_gmt":"2025-12-18T02:45:17","guid":{"rendered":"https:\/\/baldumarket.lt\/?post_type=product&#038;p=152324"},"modified":"2026-02-03T23:33:52","modified_gmt":"2026-02-03T20:33:52","slug":"naroznik-l-prawy-navas-gr1","status":"publish","type":"product","link":"https:\/\/baldumarket.lt\/lt\/product\/naroznik-l-prawy-navas-gr1\/","title":{"rendered":"Kairysis kampas, de\u0161inysis, Navas Gr1"},"content":{"rendered":"<h5><span style=\"color: #54859b\">Apsilankykite m\u016bs\u0173 virtualioje WERSAL prek\u0117s \u017eenklo parduotuv\u0117je<\/span><\/h5>\n<p> <a href=\"https:\/\/my.matterport.com\/show\/?m=SjRhosZFbQJ\" target=\"_blank\" rel=\"noopener\"><span style=\"color: #e47025\">https:\/\/my.matterport.com\/<\/span><\/a><\/p>\n<p>Modernumas ir patogumas viename balde<br \/>\n\u201eNavas\u201c kampin\u0117 sofa puikiai tinka tiems, kurie vertina \u0161iuolaikinio dizaino ir kasdienio funkcionalumo derin\u012f. Moderni jos forma ir kruop\u0161\u010diai pagamintos detal\u0117s traukia ak\u012f \u2013 geometrin\u0117s linijos, eleganti\u0161kos si\u016bl\u0117s ant s\u0117dyn\u0117s ir atlo\u0161o bei subtilios, nikeliu padengtos plastikin\u0117s 5 cm auk\u0161\u010dio kojel\u0117s suteikia jai lengvumo ir pabr\u0117\u017eia modern\u0173 charakter\u012f. Pagaminta i\u0161 auk\u0161tos kokyb\u0117s audinio ir medini\u0173 element\u0173, kampin\u0117 sofa yra stilinga ir patvari. Ji puikiai tinka bet kuriai svetainei ar darbo kambariui, sukurianti jauki\u0105 ir eleganti\u0161k\u0105 atmosfer\u0105.<br \/>\nGerai apgalvoti sprendimai j\u016bs\u0173 komfortui<br \/>\n\u201eNavas\u201c kampin\u0117s sofos funkcionalumas tikrai patenkins net ir reikliausi\u0173 vartotoj\u0173 l\u016bkes\u010dius. S\u0117dyn\u0117 u\u017epildyta A formos vingiuot\u0173 spyruokli\u0173, elasting\u0173 dir\u017e\u0173 ir putplas\u010dio deriniu, u\u017etikrinan\u010diu malon\u0173 mink\u0161tum\u0105 ir tinkam\u0105 k\u016bno atram\u0105. Atlo\u0161as u\u017epildytas poliuretano putomis ir apmu\u0161tu dir\u017eu, o tai dar labiau padidina komfort\u0105 net ir ilg\u0173 poilsio valand\u0173 metu. Modelis turi tris reguliuojamas galvos atramas, leid\u017eian\u010dias individualiai reguliuoti galvos atramos auk\u0161t\u012f, o tai ypa\u010d \u012fvertins tie, kurie m\u0117gsta skaityti ar \u017ei\u016br\u0117ti televizori\u0173 atsilo\u0161\u0119. Plat\u016bs porankiai suteikia patogius porankius, o atsipalaidavimo funkcija leid\u017eia visi\u0161kai atsipalaiduoti po ilgos dienos.<br \/>\nPrakti\u0161kumas ir erdv\u0117 visai \u0161eimai<br \/>\n\u0160i kampin\u0117 sofa skirta iki keturi\u0173 \u017emoni\u0173. 47 cm auk\u0161\u010dio ir 55 cm gylio s\u0117dyn\u0117 leid\u017eia patogiai s\u0117d\u0117ti tiek \u0161eimos nariams, tiek sve\u010diams. \u201eNavas\u201c sofa turi delfino miegojimo funkcij\u0105, leid\u017eian\u010di\u0105 greitai ir lengvai i\u0161lankstyti sof\u0105. Miegamoji dalis, kurios matmenys yra 115 x 191 cm, puikiai tinka tiek kasdieniam naudojimui, tiek retkar\u010diais pernakvoti. Papildoma ypatyb\u0117 \u2013 patalyn\u0117s skyrius, leid\u017eiantis tvarkingai laikyti antklodes ir pagalves, taip padidinant kampin\u0117s sofos funkcionalum\u0105 kasdien naudojant.<br \/>\nUniversalus interjero dizainas<br \/>\n\u201eNavas\u201c kampin\u0117 sofa puikiai der\u0117s prie \u012fvairi\u0173 interjero stili\u0173 \u2013 nuo modernaus iki klasikinio. D\u0117l savo formos ji puikiai dera tiek didesn\u0117se svetain\u0117se, kur gali tarnauti kaip poilsio zonos centras, tiek ma\u017eesn\u0117se erdv\u0117se, kur leid\u017eia optimaliai i\u0161naudoti erdv\u0119. D\u0117l savo universalumo ji idealiai tinka \u0161eimoms, poroms ir tiems, kurie vertina stilingus, bet prakti\u0161kus sprendimus. Subtilus \u201eNavas\u201c kampin\u0117s sofos elegancija ir funkcionalumas ne tik padidina kasdienio gyvenimo komfort\u0105, bet ir suteikia interjerui charakterio bei jaukumo.<\/p>","protected":false},"excerpt":{"rendered":"<p>Plotis: 246 cm<br \/>\nAuk\u0161tis: 86 cm<br \/>\nGylis: 175 cm<br \/>\nS\u0117dyn\u0117s auk\u0161tis: 47 cm<br \/>\nS\u0117dyn\u0117s gylis: 55 cm<br \/>\nMiegamojo pavir\u0161iaus ilgis: 115 cm<br \/>\nMiegamojo pavir\u0161iaus plotis: 191 cm<br \/>\nAtrama: ant koj\u0173<br \/>\nProdukto b\u016bkl\u0117: savaranki\u0161kas surinkimas<\/p>","protected":false},"featured_media":152377,"comment_status":"open","ping_status":"closed","template":"","meta":[],"product_brand":[],"product_cat":[9386,616,1983,4104],"product_tag":[],"class_list":{"0":"post-152324","1":"product","2":"type-product","3":"status-publish","4":"has-post-thumbnail","6":"product_cat-avangarde-wersal-upholstered-furniture","7":"product_cat-corners","8":"product_cat-corners-l","9":"product_cat-wersal","11":"first","12":"instock","13":"shipping-taxable","14":"purchasable","15":"product-type-variable","16":"wvs-archive-product-wrapper"},"_links":{"self":[{"href":"https:\/\/baldumarket.lt\/lt\/wp-json\/wp\/v2\/product\/152324","targetHints":{"allow":["GET"]}}],"collection":[{"href":"https:\/\/baldumarket.lt\/lt\/wp-json\/wp\/v2\/product"}],"about":[{"href":"https:\/\/baldumarket.lt\/lt\/wp-json\/wp\/v2\/types\/product"}],"replies":[{"embeddable":true,"href":"https:\/\/baldumarket.lt\/lt\/wp-json\/wp\/v2\/comments?post=152324"}],"wp:featuredmedia":[{"embeddable":true,"href":"https:\/\/baldumarket.lt\/lt\/wp-json\/wp\/v2\/media\/152377"}],"wp:attachment":[{"href":"https:\/\/baldumarket.lt\/lt\/wp-json\/wp\/v2\/media?parent=152324"}],"wp:term":[{"taxonomy":"product_brand","embeddable":true,"href":"https:\/\/baldumarket.lt\/lt\/wp-json\/wp\/v2\/product_brand?post=152324"},{"taxonomy":"product_cat","embeddable":true,"href":"https:\/\/baldumarket.lt\/lt\/wp-json\/wp\/v2\/product_cat?post=152324"},{"taxonomy":"product_tag","embeddable":true,"href":"https:\/\/baldumarket.lt\/lt\/wp-json\/wp\/v2\/product_tag?post=152324"}],"curies":[{"name":"wp","href":"https:\/\/api.w.org\/{rel}","templated":true}]}}