{"id":152303,"date":"2025-12-18T05:44:50","date_gmt":"2025-12-18T02:44:50","guid":{"rendered":"https:\/\/baldumarket.lt\/?post_type=product&#038;p=152303"},"modified":"2026-02-03T23:33:52","modified_gmt":"2026-02-03T20:33:52","slug":"naroznik-ilusio-xl-prawy-gr1","status":"publish","type":"product","link":"https:\/\/baldumarket.lt\/lt\/product\/naroznik-ilusio-xl-prawy-gr1\/","title":{"rendered":"Ilusio XL de\u0161ininio kampo sofa Gr1"},"content":{"rendered":"<h5><span style=\"color: #54859b\">Apsilankykite m\u016bs\u0173 virtualioje WERSAL prek\u0117s \u017eenklo parduotuv\u0117je<\/span><\/h5>\n<p> <a href=\"https:\/\/my.matterport.com\/show\/?m=SjRhosZFbQJ\" target=\"_blank\" rel=\"noopener\"><span style=\"color: #e47025\">https:\/\/my.matterport.com\/<\/span><\/a><\/p>\n<p>Patogus kasdienis poilsis<br \/>\n\u201eIlusio XL\u201c kampin\u0117 sofa puikiai tinka ie\u0161kantiems bald\u0173, kurie kasdieniam naudojimui u\u017etikrint\u0173 i\u0161skirtin\u012f komfort\u0105. D\u0117l \u012fsp\u016bding\u0173 matmen\u0173 \u2013 plo\u010dio 346 cm, gylio 205 cm ir auk\u0161\u010dio 104 cm \u2013 ji taps puikiu didel\u0117s svetain\u0117s akcentu. 90 cm gylio ir 46 cm auk\u0161\u010dio s\u0117dimoji dalis yra erdvi ir patogi, leisdama keliems \u017emon\u0117ms patogiai atsipalaiduoti vienu metu. Standartinis keturi\u0173 viet\u0173 dizainas leid\u017eia rengti \u0161eimos ir socialinius susib\u016brimus, suteikiant kiekvienam \u0161eimos nariui ir sve\u010diui pakankamai erdv\u0117s. Banguot\u0173 spyruokli\u0173 ir poliuretano put\u0173 u\u017epildas garantuoja kiekvienos s\u0117dyn\u0117s mink\u0161tum\u0105 ir elastingum\u0105, teigiamai paveikdamas komfort\u0105 valand\u0173 valandas atsipalaidavimo.<br \/>\nPrakti\u0161ki sprendimai reikliems<br \/>\n\u201eIlusio XL\u201c turi atsipalaidavimo funkcij\u0105, leid\u017eian\u010di\u0105 individualiai reguliuoti s\u0117d\u0117jimo pad\u0117t\u012f ir atram\u0105, taip \u017eenkliai padidinant komfort\u0105 ilgai \u017ei\u016brint televizori\u0173, skaitant ar kalbantis. Galvos atramos ir porankiai suteikia papildomo patogumo, u\u017etikrindami tinkam\u0105 kaklo ir pe\u010di\u0173 atram\u0105. Kampin\u0117 sofa stovi ant stiling\u0173, patvari\u0173 kojeli\u0173, kurios ne tik suteikia vizualinio lengvumo, bet ir palengvina \u0161var\u0105 po sofa. Auk\u0161tos kokyb\u0117s audinio ir medini\u0173 element\u0173 dizainas suteikia kampinei sofai eleganti\u0161k\u0105 charakter\u012f ir pabr\u0117\u017eia jos patvarum\u0105. Sofa neturi daiktad\u0117\u017e\u0117s, tod\u0117l jos siluetas yra eleganti\u0161kesnis ir pabr\u0117\u017eia modernias linijas.<br \/>\nStilius ir universalumas interjere<br \/>\n\u201eIlusio XL\u201c kampin\u0117 sofa \u017eavi moderniu, minimalistiniu dizainu, puikiai papildan\u010diu tiek erdvius, \u0161iuolaiki\u0161kus interjerus, tiek eklekti\u0161kus dizainus, derinan\u010dius \u012fvairius stilius. Paprastos, geometrin\u0117s formos ir \u0161velnios s\u0117dyn\u0117s bei atlo\u0161o linijos suteikia baldui labai eleganti\u0161k\u0105 i\u0161vaizd\u0105, neu\u017ego\u017edamos interjero, nepaisant dyd\u017eio. Ji puikiai pabr\u0117\u0161 modernaus svetain\u0117s charakter\u012f, atlikdama ir funkcional\u0173, ir dekoratyvin\u012f element\u0105. Apmu\u0161al\u0173 audinys yra malonus liesti ir lengvai valomas, tod\u0117l tai puikus pasirinkimas namams, kuriuose svarbiausia prakti\u0161kumas.<br \/>\nI\u0161d\u0117stymo parinktys j\u016bs\u0173 namuose<br \/>\n\u201eIlusio XL\u201c \u2013 puikus pasirinkimas ten, kur svarbiausias komfortas ir estetika. Ji puikiai tinka kaip kasdienio poilsio vieta visai \u0161eimai, taip pat socialiniams susib\u016brimams ir \u0161eimos \u0161vent\u0117ms. Erdvus dizainas leid\u017eia lanks\u010diai i\u0161d\u0117styti erdv\u0119 \u2013 kampin\u0119 sof\u0105 galima pastatyti prie sienos, kambario kampe arba svetain\u0117s centre, sukuriant poilsio zon\u0105, atvir\u0105 \u0161eimai ir sve\u010diams. \u0160is baldas pasitarnaus tiek kaip popietinis poilsis, tiek kaip vakarinis filmo \u017ei\u016br\u0117jimas, suteikdamas komfort\u0105 ir atram\u0105 ten, kur to labiausiai reikia. D\u0117l patvarios konstrukcijos ir apgalvot\u0173 detali\u0173 \u201eIlusio XL\u201c kampin\u0117 sofa bus ilgalaik\u0117 investicija, d\u017eiuginanti ne tik savo funkcionalumu, bet ir nesenstan\u010diu dizainu.<\/p>","protected":false},"excerpt":{"rendered":"<p>Plotis: 346 cm<br \/>\n\u016agis: 104 cm<br \/>\nGylis: 205 cm<br \/>\nS\u0117dyn\u0117s auk\u0161tis: 46 cm<br \/>\nS\u0117dyn\u0117s gylis: 90 cm<br \/>\nAtrama: ant koj\u0173<br \/>\nProdukto b\u016bkl\u0117: savaranki\u0161kas surinkimas<\/p>","protected":false},"featured_media":152366,"comment_status":"open","ping_status":"closed","template":"","meta":[],"product_brand":[],"product_cat":[9386,616,1982,4104],"product_tag":[],"class_list":{"0":"post-152303","1":"product","2":"type-product","3":"status-publish","4":"has-post-thumbnail","6":"product_cat-avangarde-wersal-upholstered-furniture","7":"product_cat-corners","8":"product_cat-corners-u","9":"product_cat-wersal","11":"first","12":"instock","13":"shipping-taxable","14":"purchasable","15":"product-type-variable","16":"wvs-archive-product-wrapper"},"_links":{"self":[{"href":"https:\/\/baldumarket.lt\/lt\/wp-json\/wp\/v2\/product\/152303","targetHints":{"allow":["GET"]}}],"collection":[{"href":"https:\/\/baldumarket.lt\/lt\/wp-json\/wp\/v2\/product"}],"about":[{"href":"https:\/\/baldumarket.lt\/lt\/wp-json\/wp\/v2\/types\/product"}],"replies":[{"embeddable":true,"href":"https:\/\/baldumarket.lt\/lt\/wp-json\/wp\/v2\/comments?post=152303"}],"wp:featuredmedia":[{"embeddable":true,"href":"https:\/\/baldumarket.lt\/lt\/wp-json\/wp\/v2\/media\/152366"}],"wp:attachment":[{"href":"https:\/\/baldumarket.lt\/lt\/wp-json\/wp\/v2\/media?parent=152303"}],"wp:term":[{"taxonomy":"product_brand","embeddable":true,"href":"https:\/\/baldumarket.lt\/lt\/wp-json\/wp\/v2\/product_brand?post=152303"},{"taxonomy":"product_cat","embeddable":true,"href":"https:\/\/baldumarket.lt\/lt\/wp-json\/wp\/v2\/product_cat?post=152303"},{"taxonomy":"product_tag","embeddable":true,"href":"https:\/\/baldumarket.lt\/lt\/wp-json\/wp\/v2\/product_tag?post=152303"}],"curies":[{"name":"wp","href":"https:\/\/api.w.org\/{rel}","templated":true}]}}