{"id":152283,"date":"2025-12-18T05:44:23","date_gmt":"2025-12-18T02:44:23","guid":{"rendered":"https:\/\/baldumarket.lt\/?post_type=product&#038;p=152283"},"modified":"2026-02-03T23:33:52","modified_gmt":"2026-02-03T20:33:52","slug":"naroznik-ilusio-l-prawy-gr1","status":"publish","type":"product","link":"https:\/\/baldumarket.lt\/lt\/product\/naroznik-ilusio-l-prawy-gr1\/","title":{"rendered":"Ilusio kampin\u0117 sofa L de\u0161in\u0117 Gr1"},"content":{"rendered":"<h5><span style=\"color: #54859b\">Apsilankykite m\u016bs\u0173 virtualioje WERSAL prek\u0117s \u017eenklo parduotuv\u0117je<\/span><\/h5>\n<p> <a href=\"https:\/\/my.matterport.com\/show\/?m=SjRhosZFbQJ\" target=\"_blank\" rel=\"noopener\"><span style=\"color: #e47025\">https:\/\/my.matterport.com\/<\/span><\/a><\/p>\n<p>Modernus komfortas ir kruop\u0161ti apdaila<br \/>\n\u201eIlusio L\u201c kampin\u0117 sofa puikiai tinka ie\u0161kantiems darnaus dizaino, kuris derint\u0173 kasdien\u012f komfort\u0105 su moderniu \u012fvaizd\u017eiu. Paprasta, geometrin\u0117 forma ir pla\u010dios, mink\u0161tos pagalv\u0117l\u0117s kvie\u010dia atsipalaiduoti. D\u0117l auk\u0161tos kokyb\u0117s audinio ir medini\u0173 konstrukcini\u0173 element\u0173 derinio kampin\u0117 sofa atrodo labai eleganti\u0161kai ir moderniai, atitinkanti naujausias interjero dizaino tendencijas. Tvirtas pagrindas ant plon\u0173 metalini\u0173 kojeli\u0173 suteikia baldui lengvumo poj\u016bt\u012f ir u\u017etikrina stabilum\u0105, be to, j\u012f lengviau valyti.<br \/>\nKasdienis funkcionalumas<br \/>\n\u201eIlusio L\u201c modelis buvo sukurtas galvojant apie kasdien\u012f komfort\u0105. S\u0117dyn\u0117s vidus u\u017epildytas vingiuotomis spyruokl\u0117mis ir poliuretano putomis, u\u017etikrinan\u010diomis komfort\u0105 tiek trumpam atsipalaidavimui, tiek ilgesniam poilsiui. Kampin\u0117 sofa apr\u016bpinta daugybe praktini\u0173 komforto element\u0173 \u2013 porankiais ir galvos atrama, kuri s\u0117dint palaiko kakl\u0105 ir galv\u0105, leisdama atsipalaiduoti po ilgos dienos. Be to, modelis si\u016blo atsipalaidavimo funkcij\u0105, leid\u017eian\u010di\u0105 dar giliau atsipalaiduoti ir pritaikyti pad\u0117t\u012f pagal individualius naudotojo poreikius. \u0160ios savyb\u0117s paver\u010dia sof\u0105 traukos centru kasdieniams \u0161eimos susib\u016brimams ar vakariniams m\u0117gstam\u0173 film\u0173 \u017ei\u016br\u0117jimui.<br \/>\nDaugiafunkcinis susitarimas<br \/>\nD\u0117l savo matmen\u0173 \u2013 248 cm plo\u010dio, 205 cm gylio ir 104 cm auk\u0161\u010dio \u2013 \u201eIlusio L\u201c kampin\u0117 sofa puikiai tinka vidutinio dyd\u017eio ir didesn\u0117ms svetain\u0117ms, nes joje telpa trys \u017emon\u0117s. Jos forma leid\u017eia efektyviai i\u0161naudoti kampin\u0119 erdv\u0119, o harmoningos bald\u0173 linijos papildo modern\u0173 ir minimalistin\u012f interjer\u0105. D\u0117l patalyn\u0117s laikymo skyriaus ar miegojimo funkcijos tr\u016bkumo kampin\u0117 sofa skirta maksimaliam komfortui dienos metu atsipalaiduoti, o jos buvimas svetain\u0117je skatina kasdienius pokalbius, susib\u016brimus ar ram\u0173 skaitym\u0105.<br \/>\nEstetika ir stilius j\u016bs\u0173 interjere<br \/>\n\u201eIlusio L\u201c \u2013 tai kampin\u0117 sofa, sukurta moderniam interjerui, kuriame svarbus ir patogumas, ir estetika. Eleganti\u0161kas audinys ir subtilios si\u016bl\u0117s ant pagalv\u0117li\u0173 suteikia rafinuotumo. Medini\u0173 element\u0173 panaudojimas baldo konstrukcijoje pabr\u0117\u017eia i\u0161skirtin\u0119 kokyb\u0119 ir ilgaam\u017ei\u0161kum\u0105. \u0160is baldas gali tapti bet kurio svetain\u0117s traukos centru, nepriklausomai nuo pasirinkto dizaino stiliaus \u2013 nuo minimalistini\u0173 erdvi\u0173 iki jaukesni\u0173, nam\u0173 interjer\u0173. \u201eIlusio L\u201c kampin\u0117 sofa \u2013 puikus pasirinkimas tiems, kurie vertina patogumo, prakti\u0161kumo ir stilingos i\u0161vaizdos derin\u012f.<\/p>","protected":false},"excerpt":{"rendered":"<p>Plotis: 248 cm<br \/>\n\u016agis: 104 cm<br \/>\nGylis: 205 cm<br \/>\nS\u0117dyn\u0117s auk\u0161tis: 46 cm<br \/>\nS\u0117dyn\u0117s gylis: 90 cm<br \/>\nPatalyn\u0117: be laikymo vietos<br \/>\nAtrama: ant koj\u0173<br \/>\nProdukto b\u016bkl\u0117: savaranki\u0161kas surinkimas<\/p>","protected":false},"featured_media":152350,"comment_status":"open","ping_status":"closed","template":"","meta":[],"product_brand":[],"product_cat":[9386,616,1983,4104],"product_tag":[],"class_list":{"0":"post-152283","1":"product","2":"type-product","3":"status-publish","4":"has-post-thumbnail","6":"product_cat-avangarde-wersal-upholstered-furniture","7":"product_cat-corners","8":"product_cat-corners-l","9":"product_cat-wersal","11":"first","12":"instock","13":"shipping-taxable","14":"purchasable","15":"product-type-variable","16":"wvs-archive-product-wrapper"},"_links":{"self":[{"href":"https:\/\/baldumarket.lt\/lt\/wp-json\/wp\/v2\/product\/152283","targetHints":{"allow":["GET"]}}],"collection":[{"href":"https:\/\/baldumarket.lt\/lt\/wp-json\/wp\/v2\/product"}],"about":[{"href":"https:\/\/baldumarket.lt\/lt\/wp-json\/wp\/v2\/types\/product"}],"replies":[{"embeddable":true,"href":"https:\/\/baldumarket.lt\/lt\/wp-json\/wp\/v2\/comments?post=152283"}],"wp:featuredmedia":[{"embeddable":true,"href":"https:\/\/baldumarket.lt\/lt\/wp-json\/wp\/v2\/media\/152350"}],"wp:attachment":[{"href":"https:\/\/baldumarket.lt\/lt\/wp-json\/wp\/v2\/media?parent=152283"}],"wp:term":[{"taxonomy":"product_brand","embeddable":true,"href":"https:\/\/baldumarket.lt\/lt\/wp-json\/wp\/v2\/product_brand?post=152283"},{"taxonomy":"product_cat","embeddable":true,"href":"https:\/\/baldumarket.lt\/lt\/wp-json\/wp\/v2\/product_cat?post=152283"},{"taxonomy":"product_tag","embeddable":true,"href":"https:\/\/baldumarket.lt\/lt\/wp-json\/wp\/v2\/product_tag?post=152283"}],"curies":[{"name":"wp","href":"https:\/\/api.w.org\/{rel}","templated":true}]}}