{"id":152228,"date":"2025-12-18T05:43:06","date_gmt":"2025-12-18T02:43:06","guid":{"rendered":"https:\/\/baldumarket.lt\/?post_type=product&#038;p=152228"},"modified":"2026-02-03T23:33:53","modified_gmt":"2026-02-03T20:33:53","slug":"naroznik-focus-l-gr1","status":"publish","type":"product","link":"https:\/\/baldumarket.lt\/lt\/product\/naroznik-focus-l-gr1\/","title":{"rendered":"Kampin\u0117 sofa Focus L Gr1"},"content":{"rendered":"<h5><span style=\"color: #54859b\">Apsilankykite m\u016bs\u0173 virtualioje WERSAL prek\u0117s \u017eenklo parduotuv\u0117je<\/span><\/h5>\n<p> <a href=\"https:\/\/my.matterport.com\/show\/?m=SjRhosZFbQJ\" target=\"_blank\" rel=\"noopener\"><span style=\"color: #e47025\">https:\/\/my.matterport.com\/<\/span><\/a><\/p>\n<p>\u201eAvangarde\u201c kolekcija \u2013 tai i\u0161skirtini\u0173 svetain\u0117s bald\u0173 serija, kuri d\u0117l savo avangardini\u0173 derini\u0173 nepakl\u016bsta konvencijoms ir pritraukia vis\u0173 moderni\u0173 tendencij\u0173 myl\u0117toj\u0173 d\u0117mes\u012f. Tai idealus pasirinkimas presti\u017ein\u0117ms erdv\u0117ms, tokioms kaip vie\u0161bu\u010diai, butai ir biurai, taip pat bet kurio \u0161iuolaikinio dizaino entuziasto svetainei. I\u0161skirtin\u0117s \u0161ios kolekcijos kampin\u0117s sofos si\u016blomos i\u0161 plataus audini\u0173 ir nat\u016bralios odos asortimento, o papildoma miegojimo funkcija suteikia baldams funkcionalumo ir gro\u017eio.<\/p>","protected":false},"excerpt":{"rendered":"<p>Svoris: 133 kg<br \/>\nPlotis: 278 cm<br \/>\nGylis: 204 cm<br \/>\nAuk\u0161tis: 98 cm<br \/>\nAtsipalaidavimo funkcija: su atsipalaidavimo funkcija<br \/>\nPus\u0117: De\u0161in\u0117<\/p>","protected":false},"featured_media":152307,"comment_status":"open","ping_status":"closed","template":"","meta":[],"product_brand":[],"product_cat":[9386,616,1983,4104],"product_tag":[],"class_list":{"0":"post-152228","1":"product","2":"type-product","3":"status-publish","4":"has-post-thumbnail","6":"product_cat-avangarde-wersal-upholstered-furniture","7":"product_cat-corners","8":"product_cat-corners-l","9":"product_cat-wersal","11":"first","12":"instock","13":"shipping-taxable","14":"purchasable","15":"product-type-variable","16":"wvs-archive-product-wrapper"},"_links":{"self":[{"href":"https:\/\/baldumarket.lt\/lt\/wp-json\/wp\/v2\/product\/152228","targetHints":{"allow":["GET"]}}],"collection":[{"href":"https:\/\/baldumarket.lt\/lt\/wp-json\/wp\/v2\/product"}],"about":[{"href":"https:\/\/baldumarket.lt\/lt\/wp-json\/wp\/v2\/types\/product"}],"replies":[{"embeddable":true,"href":"https:\/\/baldumarket.lt\/lt\/wp-json\/wp\/v2\/comments?post=152228"}],"wp:featuredmedia":[{"embeddable":true,"href":"https:\/\/baldumarket.lt\/lt\/wp-json\/wp\/v2\/media\/152307"}],"wp:attachment":[{"href":"https:\/\/baldumarket.lt\/lt\/wp-json\/wp\/v2\/media?parent=152228"}],"wp:term":[{"taxonomy":"product_brand","embeddable":true,"href":"https:\/\/baldumarket.lt\/lt\/wp-json\/wp\/v2\/product_brand?post=152228"},{"taxonomy":"product_cat","embeddable":true,"href":"https:\/\/baldumarket.lt\/lt\/wp-json\/wp\/v2\/product_cat?post=152228"},{"taxonomy":"product_tag","embeddable":true,"href":"https:\/\/baldumarket.lt\/lt\/wp-json\/wp\/v2\/product_tag?post=152228"}],"curies":[{"name":"wp","href":"https:\/\/api.w.org\/{rel}","templated":true}]}}