{"id":152188,"date":"2025-12-18T05:42:02","date_gmt":"2025-12-18T02:42:02","guid":{"rendered":"https:\/\/baldumarket.lt\/?post_type=product&#038;p=152188"},"modified":"2026-02-03T23:33:54","modified_gmt":"2026-02-03T20:33:54","slug":"naroznik-campo-l-gr1","status":"publish","type":"product","link":"https:\/\/baldumarket.lt\/lt\/product\/naroznik-campo-l-gr1\/","title":{"rendered":"Kampin\u0117 sofa Campo L Gr1"},"content":{"rendered":"<h5><span style=\"color: #54859b\">Apsilankykite m\u016bs\u0173 virtualioje WERSAL prek\u0117s \u017eenklo parduotuv\u0117je<\/span><\/h5>\n<p> <a href=\"https:\/\/my.matterport.com\/show\/?m=SjRhosZFbQJ\" target=\"_blank\" rel=\"noopener\"><span style=\"color: #e47025\">https:\/\/my.matterport.com\/<\/span><\/a><\/p>\n<p>\u201eAvangarde\u201c kolekcijos \u201eCampo\u201c modelis \u2013 \u012fdomus pasi\u016blymas tiek moderniam, tiek klasikiniam interjerui. Jis pasi\u017eymi pla\u010dia ir erdvia s\u0117dyne su dekoratyvin\u0117mis si\u016bl\u0117mis, stumdomu atlo\u0161u su reguliuojamais galvos atlo\u0161ais ir elektriniu s\u0117dyn\u0117s gylio reguliavimu vietoj \u012fprastos miegojimo funkcijos ar patalyn\u0117s laikymo. S\u0117dyn\u0117 u\u017epildyta A tipo banguotomis spyruokl\u0117mis ir N30 poliuretano putomis. Atlo\u0161as u\u017epildytas T1818 poliuretano putomis. Nugar\u0117l\u0117 aptraukta apmu\u0161alais. Juodos plastikin\u0117s kojel\u0117s yra 5 cm auk\u0161\u010dio. Kampin\u0117 sofa yra kairin\u0117s ir de\u0161inin\u0117s. Modelis yra Mini, L ir XL dyd\u017ei\u0173.<\/p>","protected":false},"excerpt":{"rendered":"<p>Svoris: 172 kg<br \/>\nPlotis: 292 cm<br \/>\nGylis: 220 cm<br \/>\nAuk\u0161tis: 101 cm<br \/>\nS\u0117dyn\u0117s gylis: 61 cm<br \/>\nS\u0117dyn\u0117s auk\u0161tis: 45 cm<br \/>\nAtrama: ant koj\u0173<br \/>\nPus\u0117: Kair\u0117<br \/>\nPorankiai: su porankiais<\/p>","protected":false},"featured_media":152250,"comment_status":"open","ping_status":"closed","template":"","meta":[],"product_brand":[],"product_cat":[9386,616,1983,4104],"product_tag":[],"class_list":{"0":"post-152188","1":"product","2":"type-product","3":"status-publish","4":"has-post-thumbnail","6":"product_cat-avangarde-wersal-upholstered-furniture","7":"product_cat-corners","8":"product_cat-corners-l","9":"product_cat-wersal","11":"first","12":"instock","13":"shipping-taxable","14":"purchasable","15":"product-type-variable","16":"wvs-archive-product-wrapper"},"_links":{"self":[{"href":"https:\/\/baldumarket.lt\/lt\/wp-json\/wp\/v2\/product\/152188","targetHints":{"allow":["GET"]}}],"collection":[{"href":"https:\/\/baldumarket.lt\/lt\/wp-json\/wp\/v2\/product"}],"about":[{"href":"https:\/\/baldumarket.lt\/lt\/wp-json\/wp\/v2\/types\/product"}],"replies":[{"embeddable":true,"href":"https:\/\/baldumarket.lt\/lt\/wp-json\/wp\/v2\/comments?post=152188"}],"wp:featuredmedia":[{"embeddable":true,"href":"https:\/\/baldumarket.lt\/lt\/wp-json\/wp\/v2\/media\/152250"}],"wp:attachment":[{"href":"https:\/\/baldumarket.lt\/lt\/wp-json\/wp\/v2\/media?parent=152188"}],"wp:term":[{"taxonomy":"product_brand","embeddable":true,"href":"https:\/\/baldumarket.lt\/lt\/wp-json\/wp\/v2\/product_brand?post=152188"},{"taxonomy":"product_cat","embeddable":true,"href":"https:\/\/baldumarket.lt\/lt\/wp-json\/wp\/v2\/product_cat?post=152188"},{"taxonomy":"product_tag","embeddable":true,"href":"https:\/\/baldumarket.lt\/lt\/wp-json\/wp\/v2\/product_tag?post=152188"}],"curies":[{"name":"wp","href":"https:\/\/api.w.org\/{rel}","templated":true}]}}