{"id":152184,"date":"2025-12-18T05:41:59","date_gmt":"2025-12-18T02:41:59","guid":{"rendered":"https:\/\/baldumarket.lt\/?post_type=product&#038;p=152184"},"modified":"2026-02-03T23:33:54","modified_gmt":"2026-02-03T20:33:54","slug":"lozko-martina-160-gr1","status":"publish","type":"product","link":"https:\/\/baldumarket.lt\/lt\/product\/lozko-martina-160-gr1\/","title":{"rendered":"Martina lova 160 Gr1"},"content":{"rendered":"<h5><span style=\"color: #54859b\">Apsilankykite m\u016bs\u0173 virtualioje WERSAL prek\u0117s \u017eenklo parduotuv\u0117je<\/span><\/h5>\n<p> <a href=\"https:\/\/my.matterport.com\/show\/?m=SjRhosZFbQJ\" target=\"_blank\" rel=\"noopener\"><span style=\"color: #e47025\">https:\/\/my.matterport.com\/<\/span><\/a><\/p>\n<p>Martina 160 mink\u0161ta lova<br \/>\nModerni dvigul\u0117 lova, kurios miegamojo plotas yra 160 x 200 cm. Apmu\u0161ta forma su i\u0161skirtiniu, auk\u0161tu galv\u016bgaliu papildo modern\u0173 stili\u0173 ir kartu suteikia patogi\u0105 viet\u0105 poilsiui bei kasdieniam naudojimui.<br \/>\nGalv\u016bgalio komfortas<br \/>\nAuk\u0161tas lovos galv\u016bgalis su i\u0161skirtin\u0117mis si\u016bl\u0117mis suteikia stabili\u0105 ir mink\u0161t\u0105 atram\u0105 s\u0117dint, skaitant ar ilsintis miegamajame.<br \/>\nFunkcin\u0117s savyb\u0117s<br \/>\nLova stovi ant plastikini\u0173 kojeli\u0173, kurios palengvina prieig\u0105 prie grind\u0173 ir padeda palaikyti tvark\u0105.<br \/>\nMatmenys ir tinkamumas<br \/>\nI\u0161oriniai matmenys: plotis 160 cm, auk\u0161tis 115 cm, gylis 214 cm; miegamosios dalies ilgis 200 cm. D\u0117l kompakti\u0161ko dyd\u017eio lova tinka standartiniams miegamiesiems, nes joje patogiai miegoti dviem asmenims.<br \/>\nPriedai<br \/>\n\u0160\u012f gamin\u012f reikia surinkti pa\u010diam. \u010ciu\u017einys \u012fskai\u010diuotas.<\/p>","protected":false},"excerpt":{"rendered":"<p>Plotis: 160 cm<br \/>\nAuk\u0161tis: 115 cm<br \/>\nMiegamosios dalies ilgis: 200 cm<br \/>\nGylis: 214 cm<br \/>\nTinka \u010diu\u017einiams, kuri\u0173 matmenys: 160 \u00d7 200 cm<\/p>","protected":false},"featured_media":152230,"comment_status":"open","ping_status":"closed","template":"","meta":[],"product_brand":[],"product_cat":[9391,505,4104],"product_tag":[],"class_list":{"0":"post-152184","1":"product","2":"type-product","3":"status-publish","4":"has-post-thumbnail","6":"product_cat-dream-wersal-upholstered-furniture","7":"product_cat-bedroom-beds","8":"product_cat-wersal","10":"first","11":"instock","12":"shipping-taxable","13":"purchasable","14":"product-type-variable","15":"wvs-archive-product-wrapper"},"_links":{"self":[{"href":"https:\/\/baldumarket.lt\/lt\/wp-json\/wp\/v2\/product\/152184","targetHints":{"allow":["GET"]}}],"collection":[{"href":"https:\/\/baldumarket.lt\/lt\/wp-json\/wp\/v2\/product"}],"about":[{"href":"https:\/\/baldumarket.lt\/lt\/wp-json\/wp\/v2\/types\/product"}],"replies":[{"embeddable":true,"href":"https:\/\/baldumarket.lt\/lt\/wp-json\/wp\/v2\/comments?post=152184"}],"wp:featuredmedia":[{"embeddable":true,"href":"https:\/\/baldumarket.lt\/lt\/wp-json\/wp\/v2\/media\/152230"}],"wp:attachment":[{"href":"https:\/\/baldumarket.lt\/lt\/wp-json\/wp\/v2\/media?parent=152184"}],"wp:term":[{"taxonomy":"product_brand","embeddable":true,"href":"https:\/\/baldumarket.lt\/lt\/wp-json\/wp\/v2\/product_brand?post=152184"},{"taxonomy":"product_cat","embeddable":true,"href":"https:\/\/baldumarket.lt\/lt\/wp-json\/wp\/v2\/product_cat?post=152184"},{"taxonomy":"product_tag","embeddable":true,"href":"https:\/\/baldumarket.lt\/lt\/wp-json\/wp\/v2\/product_tag?post=152184"}],"curies":[{"name":"wp","href":"https:\/\/api.w.org\/{rel}","templated":true}]}}