{"id":152099,"date":"2025-12-18T05:39:37","date_gmt":"2025-12-18T02:39:37","guid":{"rendered":"https:\/\/baldumarket.lt\/?post_type=product&#038;p=152099"},"modified":"2026-02-03T23:33:56","modified_gmt":"2026-02-03T20:33:56","slug":"lozko-kontynentalne-160-wave-z-elektryczna-regulacja-gr1","status":"publish","type":"product","link":"https:\/\/baldumarket.lt\/lt\/product\/lozko-kontynentalne-160-wave-z-elektryczna-regulacja-gr1\/","title":{"rendered":"160 Wave kontinentin\u0117 lova su elektriniu reguliavimu Gr1"},"content":{"rendered":"<h5><span style=\"color: #54859b\">Apsilankykite m\u016bs\u0173 virtualioje WERSAL prek\u0117s \u017eenklo parduotuv\u0117je<\/span><\/h5>\n<p> <a href=\"https:\/\/my.matterport.com\/show\/?m=SjRhosZFbQJ\" target=\"_blank\" rel=\"noopener\"><span style=\"color: #e47025\">https:\/\/my.matterport.com\/<\/span><\/a><\/p>\n<p>Modernus komfortas miegamajame<br \/>\n160 Wave kontinentin\u0117 lova su elektriniu reguliavimu \u2013 puikus sprendimas tiems, kurie vertina ne tik miego komfort\u0105, bet ir modernius kasdienio naudojimo sprendimus. 160 \u00d7 200 centimetr\u0173 dyd\u017eio modelis suteikia patogi\u0105 viet\u0105 dviem \u017emon\u0117ms atsipalaiduoti, tod\u0117l yra prakti\u0161kas pasirinkimas bet kuriam pagrindiniam miegamajam ar erdviam sve\u010di\u0173 kambariui. Apmu\u0161tas lovos pavir\u0161ius, pagamintas i\u0161 auk\u0161tos kokyb\u0117s audinio, atrodo eleganti\u0161kai ir nesenstan\u010diai, papildydamas tiek klasikin\u012f, tiek modernesn\u012f interjero dizain\u0105. Platus, mink\u0161tas galv\u016bgalis ne tik padidina komfort\u0105 skaitant vakare, bet ir sukuria jauki\u0105 atmosfer\u0105 kambaryje.<br \/>\nTechnologijos ir funkcionalumas ranka pasiekiami<br \/>\nPagrindinis \u0161io modelio privalumas \u2013 elektrinis reguliavimas, leid\u017eiantis individualiai reguliuoti \u010diu\u017einio pad\u0117t\u012f pagal esamus naudotojo poreikius. Tok\u012f sprendim\u0105 \u012fvertins tie, kurie ie\u0161ko ne tik komforto miegodami, bet ir galimyb\u0117s atsipalaiduoti s\u0117dint, pavyzd\u017eiui, \u017ei\u016brint televizori\u0173 ar dirbant ne\u0161iojamuoju kompiuteriu lovoje. Kiekvienos \u010diu\u017einio dalies kampo reguliavimas yra intuityvus, tod\u0117l kiekvienas gali lengvai susikurti savo ideali\u0105 komforto zon\u0105. Tvirta konstrukcija, paremta sta\u010diakampe forma ir paremta lieknomis, stabiliomis kojel\u0117mis, garantuoja patvarum\u0105 ir stabilum\u0105, kartu suteikdama jam lengvumo ir modernumo.<br \/>\nStilingas akcentas bet kuriame interjere<br \/>\n160 Wave kontinentin\u0117 lova pasi\u017eymi ne tik komfortu, bet ir i\u0161skirtiniu stiliumi. Eleganti\u0161ka forma ir kruop\u0161\u010diai atrinktos med\u017eiagos paver\u010dia \u0161\u012f bald\u0105 bet kurio miegamojo traukos centru. Auk\u0161tas galv\u016bgalis traukia ak\u012f ir puikiai atrodo prie lygi\u0173 sien\u0173 ar subtiliai ra\u0161tuot\u0173 tapet\u0173, suteikdamas interjerui i\u0161skirtin\u012f, ta\u010diau jauk\u0173 charakter\u012f. \u0160is modelis puikiai dera prie madingo interjero, kuriame svarbiausia yra komfortas ir vizualin\u0117 estetika, sukuriant erdv\u0119, palanki\u0105 kasdieniam poilsiui.<br \/>\nNam\u0173 naudojimo parinktys<br \/>\n160 Wave kontinentin\u0117 lova su elektriniu reguliavimu puikiai tinka ne tik miegui, bet ir kaip poilsio centras jaukiame miegamajame. Jos gerai apgalvotas dizainas leid\u017eia patogiai naudoti tiek gulimoje, tiek pusiau s\u0117dimoje pad\u0117tyje, tod\u0117l tai idealus sprendimas tiems, kurie daug laiko praleid\u017eia miegamajame \u2013 skaito knygas, \u017ei\u016bri filmus ar dirba nuotoliniu b\u016bdu. Patalynei skirto skyriaus nebuvimas sukuria ai\u0161ki\u0105 form\u0105 ir lengv\u0105, erdvi\u0105 i\u0161vaizd\u0105, tod\u0117l lova gerai atrodo net ir ma\u017eesniuose kambariuose, neu\u017egriozdindama erdv\u0117s. \u0160is baldas suteikia komforto ir patogumo kiekvien\u0105 dien\u0105, kartu sustiprindamas kruop\u0161\u010diai suprojektuoto miegamojo charakter\u012f.<\/p>","protected":false},"excerpt":{"rendered":"<p>Plotis: 168 cm<br \/>\nGylis: 215 cm<br \/>\n\u016agis: 112 cm<br \/>\nTinka \u010diu\u017einiams, kuri\u0173 matmenys: 160 \u00d7 200 cm<br \/>\nForma: sta\u010diakamp\u0117<\/p>","protected":false},"featured_media":152144,"comment_status":"open","ping_status":"closed","template":"","meta":[],"product_brand":[],"product_cat":[9391,505,514,4104],"product_tag":[],"class_list":{"0":"post-152099","1":"product","2":"type-product","3":"status-publish","4":"has-post-thumbnail","6":"product_cat-dream-wersal-upholstered-furniture","7":"product_cat-bedroom-beds","8":"product_cat-continental-beds","9":"product_cat-wersal","11":"first","12":"instock","13":"shipping-taxable","14":"purchasable","15":"product-type-variable","16":"wvs-archive-product-wrapper"},"_links":{"self":[{"href":"https:\/\/baldumarket.lt\/lt\/wp-json\/wp\/v2\/product\/152099","targetHints":{"allow":["GET"]}}],"collection":[{"href":"https:\/\/baldumarket.lt\/lt\/wp-json\/wp\/v2\/product"}],"about":[{"href":"https:\/\/baldumarket.lt\/lt\/wp-json\/wp\/v2\/types\/product"}],"replies":[{"embeddable":true,"href":"https:\/\/baldumarket.lt\/lt\/wp-json\/wp\/v2\/comments?post=152099"}],"wp:featuredmedia":[{"embeddable":true,"href":"https:\/\/baldumarket.lt\/lt\/wp-json\/wp\/v2\/media\/152144"}],"wp:attachment":[{"href":"https:\/\/baldumarket.lt\/lt\/wp-json\/wp\/v2\/media?parent=152099"}],"wp:term":[{"taxonomy":"product_brand","embeddable":true,"href":"https:\/\/baldumarket.lt\/lt\/wp-json\/wp\/v2\/product_brand?post=152099"},{"taxonomy":"product_cat","embeddable":true,"href":"https:\/\/baldumarket.lt\/lt\/wp-json\/wp\/v2\/product_cat?post=152099"},{"taxonomy":"product_tag","embeddable":true,"href":"https:\/\/baldumarket.lt\/lt\/wp-json\/wp\/v2\/product_tag?post=152099"}],"curies":[{"name":"wp","href":"https:\/\/api.w.org\/{rel}","templated":true}]}}