{"id":152097,"date":"2025-12-18T05:39:35","date_gmt":"2025-12-18T02:39:35","guid":{"rendered":"https:\/\/baldumarket.lt\/?post_type=product&#038;p=152097"},"modified":"2026-02-03T23:33:56","modified_gmt":"2026-02-03T20:33:56","slug":"lozko-kontynentalne-160-minola-gr1","status":"publish","type":"product","link":"https:\/\/baldumarket.lt\/lt\/product\/lozko-kontynentalne-160-minola-gr1\/","title":{"rendered":"Kontinentin\u0117 lova 160 Minola Gr1"},"content":{"rendered":"<h5><span style=\"color: #54859b\">Apsilankykite m\u016bs\u0173 virtualioje WERSAL prek\u0117s \u017eenklo parduotuv\u0117je<\/span><\/h5>\n<p> <a href=\"https:\/\/my.matterport.com\/show\/?m=SjRhosZFbQJ\" target=\"_blank\" rel=\"noopener\"><span style=\"color: #e47025\">https:\/\/my.matterport.com\/<\/span><\/a><\/p>\n<p>\u201eMinola\u201c kontinentin\u0117 lova pasi\u017eymi dailiu galv\u016bgaliu su vertikaliomis si\u016bl\u0117mis. Lova turi du patalyn\u0117s skyrius: 140 dyd\u017eio lovel\u0117s skyrelio matmenys yra 196 x 65 x 27 cm, 160 dyd\u017eio \u2013 196 x 75 x 27 cm, o 180 dyd\u017eio \u2013 196 x 85 x 27 cm. \u012e kain\u0105 \u012fskai\u010diuota: medinis r\u0117mas su \u201eBonnell\u201c spyruokliniu \u010diu\u017einiu ir ki\u0161enini\u0173 spyruokli\u0173 \u010diu\u017einio u\u017etiesalu. Lova yra 140, 160 ir 180 dyd\u017ei\u0173. U\u017etiesal\u0105 reikia \u012fsigyti atskirai.<\/p>","protected":false},"excerpt":{"rendered":"<p>Plotis: 179 cm<br \/>\n\u016agis: 121 cm<br \/>\nGylis: 217 cm<br \/>\nTinka \u010diu\u017einiams, kuri\u0173 matmenys: 160 \u00d7 200 cm<\/p>","protected":false},"featured_media":152141,"comment_status":"open","ping_status":"closed","template":"","meta":[],"product_brand":[],"product_cat":[9391,505,514,4104],"product_tag":[],"class_list":{"0":"post-152097","1":"product","2":"type-product","3":"status-publish","4":"has-post-thumbnail","6":"product_cat-dream-wersal-upholstered-furniture","7":"product_cat-bedroom-beds","8":"product_cat-continental-beds","9":"product_cat-wersal","11":"first","12":"instock","13":"shipping-taxable","14":"purchasable","15":"product-type-variable","16":"wvs-archive-product-wrapper"},"_links":{"self":[{"href":"https:\/\/baldumarket.lt\/lt\/wp-json\/wp\/v2\/product\/152097","targetHints":{"allow":["GET"]}}],"collection":[{"href":"https:\/\/baldumarket.lt\/lt\/wp-json\/wp\/v2\/product"}],"about":[{"href":"https:\/\/baldumarket.lt\/lt\/wp-json\/wp\/v2\/types\/product"}],"replies":[{"embeddable":true,"href":"https:\/\/baldumarket.lt\/lt\/wp-json\/wp\/v2\/comments?post=152097"}],"wp:featuredmedia":[{"embeddable":true,"href":"https:\/\/baldumarket.lt\/lt\/wp-json\/wp\/v2\/media\/152141"}],"wp:attachment":[{"href":"https:\/\/baldumarket.lt\/lt\/wp-json\/wp\/v2\/media?parent=152097"}],"wp:term":[{"taxonomy":"product_brand","embeddable":true,"href":"https:\/\/baldumarket.lt\/lt\/wp-json\/wp\/v2\/product_brand?post=152097"},{"taxonomy":"product_cat","embeddable":true,"href":"https:\/\/baldumarket.lt\/lt\/wp-json\/wp\/v2\/product_cat?post=152097"},{"taxonomy":"product_tag","embeddable":true,"href":"https:\/\/baldumarket.lt\/lt\/wp-json\/wp\/v2\/product_tag?post=152097"}],"curies":[{"name":"wp","href":"https:\/\/api.w.org\/{rel}","templated":true}]}}