{"id":152056,"date":"2025-12-18T05:38:35","date_gmt":"2025-12-18T02:38:35","guid":{"rendered":"https:\/\/baldumarket.lt\/?post_type=product&#038;p=152056"},"modified":"2026-02-03T23:33:57","modified_gmt":"2026-02-03T20:33:57","slug":"lozko-kontynentalne-160-diori-gr1","status":"publish","type":"product","link":"https:\/\/baldumarket.lt\/lt\/product\/lozko-kontynentalne-160-diori-gr1\/","title":{"rendered":"Kontinentin\u0117 lova 160 Diori Gr1"},"content":{"rendered":"<h5><span style=\"color: #54859b\">Apsilankykite m\u016bs\u0173 virtualioje WERSAL prek\u0117s \u017eenklo parduotuv\u0117je<\/span><\/h5>\n<p> <a href=\"https:\/\/my.matterport.com\/show\/?m=SjRhosZFbQJ\" target=\"_blank\" rel=\"noopener\"><span style=\"color: #e47025\">https:\/\/my.matterport.com\/<\/span><\/a><\/p>\n<p>Patogi \u201eDiori\u201c kontinentin\u0117 lova pasi\u017eymi auk\u0161tos kokyb\u0117s apdaila ir kruop\u0161\u010diu d\u0117mesiu detal\u0117ms bei apdailai. Tvirtas, patvarus \u0105\u017euolinis r\u0117mas u\u017etikrina patogius ir jaukius \u010diu\u017einius. Paprastas galv\u016bgalis turi dekoratyvin\u012f \u012fd\u0117kl\u0105, kuris puikiai dera su pasirinktu audiniu. Lovoje yra du patalyn\u0117s skyriai, kuri\u0173 kiekvieno matmenys: 140 \u2013 17x65x195 cm, 160 \u2013 17x75x195 cm ir 180 \u2013 17x85x195 cm.<\/p>","protected":false},"excerpt":{"rendered":"<p>Plotis: 174 cm<br \/>\n\u016agis: 116 cm<br \/>\nGylis: 209 cm<br \/>\nTinka \u010diu\u017einiams, kuri\u0173 matmenys: 160 \u00d7 200 cm<br \/>\nMed\u017eiaga: \u0105\u017euolo mediena, 18 cm auk\u0161\u010dio medinis r\u0117mas, 18 cm auk\u0161\u010dio \u201eBonnell\u201c spyruoklinis \u010diu\u017einys, 18 cm auk\u0161\u010dio ki\u0161enini\u0173 spyruokli\u0173 \u010diu\u017einio u\u017etiesalas, patalyn\u0117s skyriaus matmenys: 17 x 75 x 194 cm<\/p>","protected":false},"featured_media":152106,"comment_status":"open","ping_status":"closed","template":"","meta":[],"product_brand":[],"product_cat":[9391,505,514,4104],"product_tag":[],"class_list":{"0":"post-152056","1":"product","2":"type-product","3":"status-publish","4":"has-post-thumbnail","6":"product_cat-dream-wersal-upholstered-furniture","7":"product_cat-bedroom-beds","8":"product_cat-continental-beds","9":"product_cat-wersal","11":"first","12":"instock","13":"shipping-taxable","14":"purchasable","15":"product-type-variable","16":"wvs-archive-product-wrapper"},"_links":{"self":[{"href":"https:\/\/baldumarket.lt\/lt\/wp-json\/wp\/v2\/product\/152056","targetHints":{"allow":["GET"]}}],"collection":[{"href":"https:\/\/baldumarket.lt\/lt\/wp-json\/wp\/v2\/product"}],"about":[{"href":"https:\/\/baldumarket.lt\/lt\/wp-json\/wp\/v2\/types\/product"}],"replies":[{"embeddable":true,"href":"https:\/\/baldumarket.lt\/lt\/wp-json\/wp\/v2\/comments?post=152056"}],"wp:featuredmedia":[{"embeddable":true,"href":"https:\/\/baldumarket.lt\/lt\/wp-json\/wp\/v2\/media\/152106"}],"wp:attachment":[{"href":"https:\/\/baldumarket.lt\/lt\/wp-json\/wp\/v2\/media?parent=152056"}],"wp:term":[{"taxonomy":"product_brand","embeddable":true,"href":"https:\/\/baldumarket.lt\/lt\/wp-json\/wp\/v2\/product_brand?post=152056"},{"taxonomy":"product_cat","embeddable":true,"href":"https:\/\/baldumarket.lt\/lt\/wp-json\/wp\/v2\/product_cat?post=152056"},{"taxonomy":"product_tag","embeddable":true,"href":"https:\/\/baldumarket.lt\/lt\/wp-json\/wp\/v2\/product_tag?post=152056"}],"curies":[{"name":"wp","href":"https:\/\/api.w.org\/{rel}","templated":true}]}}