{"id":152040,"date":"2025-12-18T05:38:07","date_gmt":"2025-12-18T02:38:07","guid":{"rendered":"https:\/\/baldumarket.lt\/?post_type=product&#038;p=152040"},"modified":"2026-02-03T23:33:57","modified_gmt":"2026-02-03T20:33:57","slug":"lozko-kontynentalne-160-carina-gr1","status":"publish","type":"product","link":"https:\/\/baldumarket.lt\/lt\/product\/lozko-kontynentalne-160-carina-gr1\/","title":{"rendered":"Kontinentin\u0117 lova 160 Carina Gr1"},"content":{"rendered":"<h5><span style=\"color: #54859b\">Apsilankykite m\u016bs\u0173 virtualioje WERSAL prek\u0117s \u017eenklo parduotuv\u0117je<\/span><\/h5>\n<p> <a href=\"https:\/\/my.matterport.com\/show\/?m=SjRhosZFbQJ\" target=\"_blank\" rel=\"noopener\"><span style=\"color: #e47025\">https:\/\/my.matterport.com\/<\/span><\/a><\/p>\n<p>\u201eCarina\u201c kontinentin\u0117 lova su dailiu galv\u016bgaliu ir vertikaliomis si\u016bl\u0117mis. Lova turi dvi patalyn\u0117s d\u0117\u017ees: 140 dyd\u017eio \u2013 d\u0117\u017ei\u0173 i\u0161matavimai 196x65x16 cm, 160 dyd\u017eio \u2013 196x75x16 cm ir 180 dyd\u017eio \u2013 196x85x16 cm. \u012e kain\u0105 \u012fskai\u010diuota: r\u0117mas su \u201eBonnell\u201c spyruokliniu \u010diu\u017einiu ir ki\u0161enini\u0173 spyruokli\u0173 \u010diu\u017einys. Lova yra 140, 160, 180\/200 cm dyd\u017ei\u0173. Ant\u010diu\u017ein\u012f reikia \u012fsigyti atskirai.<\/p>","protected":false},"excerpt":{"rendered":"<p>Plotis: 171 cm<br \/>\nGylis: 225 cm<br \/>\n\u016agis: 112 cm<br \/>\nTinka \u010diu\u017einiams, kuri\u0173 matmenys: 160 \u00d7 200 cm<\/p>","protected":false},"featured_media":152101,"comment_status":"open","ping_status":"closed","template":"","meta":[],"product_brand":[],"product_cat":[9391,505,514,4104],"product_tag":[],"class_list":{"0":"post-152040","1":"product","2":"type-product","3":"status-publish","4":"has-post-thumbnail","6":"product_cat-dream-wersal-upholstered-furniture","7":"product_cat-bedroom-beds","8":"product_cat-continental-beds","9":"product_cat-wersal","11":"first","12":"instock","13":"shipping-taxable","14":"purchasable","15":"product-type-variable","16":"wvs-archive-product-wrapper"},"_links":{"self":[{"href":"https:\/\/baldumarket.lt\/lt\/wp-json\/wp\/v2\/product\/152040","targetHints":{"allow":["GET"]}}],"collection":[{"href":"https:\/\/baldumarket.lt\/lt\/wp-json\/wp\/v2\/product"}],"about":[{"href":"https:\/\/baldumarket.lt\/lt\/wp-json\/wp\/v2\/types\/product"}],"replies":[{"embeddable":true,"href":"https:\/\/baldumarket.lt\/lt\/wp-json\/wp\/v2\/comments?post=152040"}],"wp:featuredmedia":[{"embeddable":true,"href":"https:\/\/baldumarket.lt\/lt\/wp-json\/wp\/v2\/media\/152101"}],"wp:attachment":[{"href":"https:\/\/baldumarket.lt\/lt\/wp-json\/wp\/v2\/media?parent=152040"}],"wp:term":[{"taxonomy":"product_brand","embeddable":true,"href":"https:\/\/baldumarket.lt\/lt\/wp-json\/wp\/v2\/product_brand?post=152040"},{"taxonomy":"product_cat","embeddable":true,"href":"https:\/\/baldumarket.lt\/lt\/wp-json\/wp\/v2\/product_cat?post=152040"},{"taxonomy":"product_tag","embeddable":true,"href":"https:\/\/baldumarket.lt\/lt\/wp-json\/wp\/v2\/product_tag?post=152040"}],"curies":[{"name":"wp","href":"https:\/\/api.w.org\/{rel}","templated":true}]}}