{"id":152038,"date":"2025-12-18T05:38:05","date_gmt":"2025-12-18T02:38:05","guid":{"rendered":"https:\/\/baldumarket.lt\/?post_type=product&#038;p=152038"},"modified":"2026-02-03T23:33:57","modified_gmt":"2026-02-03T20:33:57","slug":"lozko-kontynentalne-160-amber-z-pojemnikiem-gr1","status":"publish","type":"product","link":"https:\/\/baldumarket.lt\/lt\/product\/lozko-kontynentalne-160-amber-z-pojemnikiem-gr1\/","title":{"rendered":"Kontinentin\u0117 lova 160 Amber su daiktad\u0117\u017ee Gr1"},"content":{"rendered":"<h5><span style=\"color: #54859b\">Apsilankykite m\u016bs\u0173 virtualioje WERSAL prek\u0117s \u017eenklo parduotuv\u0117je<\/span><\/h5>\n<p> <a href=\"https:\/\/my.matterport.com\/show\/?m=SjRhosZFbQJ\" target=\"_blank\" rel=\"noopener\"><span style=\"color: #e47025\">https:\/\/my.matterport.com\/<\/span><\/a><\/p>\n<p>\u201eBox Springs\u201c kolekcijos \u201eAmber\u201c lova \u2013 tai paprastos formos kontinentin\u0117 lova, kuri puikiai tiks net ir reikliausioje erdv\u0117je.<br \/>\nBe jokios abejon\u0117s, did\u017eiausias jo privalumas yra du erdv\u016bs patalyn\u0117s skyriai ir patog\u016bs \u010diu\u017einiai, u\u017etikrinantys patog\u0173 mieg\u0105 ir tinkam\u0105 v\u0117dinim\u0105.<\/p>","protected":false},"excerpt":{"rendered":"<p>Plotis: 185 cm<br \/>\nGylis: 213 cm<br \/>\nAuk\u0161tis: 130 cm<br \/>\nTinka \u010diu\u017einiams, kuri\u0173 matmenys: 160 \u00d7 200 cm<\/p>","protected":false},"featured_media":152090,"comment_status":"open","ping_status":"closed","template":"","meta":[],"product_brand":[],"product_cat":[9391,505,514,4104],"product_tag":[],"class_list":{"0":"post-152038","1":"product","2":"type-product","3":"status-publish","4":"has-post-thumbnail","6":"product_cat-dream-wersal-upholstered-furniture","7":"product_cat-bedroom-beds","8":"product_cat-continental-beds","9":"product_cat-wersal","11":"first","12":"instock","13":"shipping-taxable","14":"purchasable","15":"product-type-variable","16":"wvs-archive-product-wrapper"},"_links":{"self":[{"href":"https:\/\/baldumarket.lt\/lt\/wp-json\/wp\/v2\/product\/152038","targetHints":{"allow":["GET"]}}],"collection":[{"href":"https:\/\/baldumarket.lt\/lt\/wp-json\/wp\/v2\/product"}],"about":[{"href":"https:\/\/baldumarket.lt\/lt\/wp-json\/wp\/v2\/types\/product"}],"replies":[{"embeddable":true,"href":"https:\/\/baldumarket.lt\/lt\/wp-json\/wp\/v2\/comments?post=152038"}],"wp:featuredmedia":[{"embeddable":true,"href":"https:\/\/baldumarket.lt\/lt\/wp-json\/wp\/v2\/media\/152090"}],"wp:attachment":[{"href":"https:\/\/baldumarket.lt\/lt\/wp-json\/wp\/v2\/media?parent=152038"}],"wp:term":[{"taxonomy":"product_brand","embeddable":true,"href":"https:\/\/baldumarket.lt\/lt\/wp-json\/wp\/v2\/product_brand?post=152038"},{"taxonomy":"product_cat","embeddable":true,"href":"https:\/\/baldumarket.lt\/lt\/wp-json\/wp\/v2\/product_cat?post=152038"},{"taxonomy":"product_tag","embeddable":true,"href":"https:\/\/baldumarket.lt\/lt\/wp-json\/wp\/v2\/product_tag?post=152038"}],"curies":[{"name":"wp","href":"https:\/\/api.w.org\/{rel}","templated":true}]}}