{"id":152036,"date":"2025-12-18T05:38:04","date_gmt":"2025-12-18T02:38:04","guid":{"rendered":"https:\/\/baldumarket.lt\/?post_type=product&#038;p=152036"},"modified":"2026-02-03T23:33:58","modified_gmt":"2026-02-03T20:33:58","slug":"lozko-kontynentalne-160-adel-gr1","status":"publish","type":"product","link":"https:\/\/baldumarket.lt\/lt\/product\/lozko-kontynentalne-160-adel-gr1\/","title":{"rendered":"Kontinentin\u0117 lova 160 Adel Gr1"},"content":{"rendered":"<h5><span style=\"color: #54859b\">Apsilankykite m\u016bs\u0173 virtualioje WERSAL prek\u0117s \u017eenklo parduotuv\u0117je<\/span><\/h5>\n<p> <a href=\"https:\/\/my.matterport.com\/show\/?m=SjRhosZFbQJ\" target=\"_blank\" rel=\"noopener\"><span style=\"color: #e47025\">https:\/\/my.matterport.com\/<\/span><\/a><\/p>\n<p>Stilinga \u201eAdel\u201c lova pasi\u017eymi klasikiniu, nesenstan\u010diu dizainu.<br \/>\nAuk\u0161tas galv\u016bgalis aptrauktas dygsniuotu audiniu, puikiai pabr\u0117\u017eian\u010diu audinio tekst\u016br\u0105 ir mink\u0161tum\u0105. Lovoje \u012frengta kruop\u0161\u010diai pritaikyt\u0173 \u010diu\u017eini\u0173 sistema, u\u017etikrinanti patog\u0173 mieg\u0105 ir tinkam\u0105 v\u0117dinim\u0105.<br \/>\nAuk\u0161tos metalin\u0117s kojel\u0117s ir eleganti\u0161kas apmu\u0161alas u\u017ebaigia i\u0161vaizd\u0105.<\/p>","protected":false},"excerpt":{"rendered":"<p>Plotis: 167 cm<br \/>\nGylis: 214 cm<br \/>\n\u016agis: 109 cm<br \/>\nTinka \u010diu\u017einiams, kuri\u0173 matmenys: 160 \u00d7 200 cm<br \/>\nForma: sta\u010diakamp\u0117<\/p>","protected":false},"featured_media":152083,"comment_status":"open","ping_status":"closed","template":"","meta":[],"product_brand":[],"product_cat":[9391,505,514,4104],"product_tag":[],"class_list":{"0":"post-152036","1":"product","2":"type-product","3":"status-publish","4":"has-post-thumbnail","6":"product_cat-dream-wersal-upholstered-furniture","7":"product_cat-bedroom-beds","8":"product_cat-continental-beds","9":"product_cat-wersal","11":"first","12":"instock","13":"shipping-taxable","14":"purchasable","15":"product-type-variable","16":"wvs-archive-product-wrapper"},"_links":{"self":[{"href":"https:\/\/baldumarket.lt\/lt\/wp-json\/wp\/v2\/product\/152036","targetHints":{"allow":["GET"]}}],"collection":[{"href":"https:\/\/baldumarket.lt\/lt\/wp-json\/wp\/v2\/product"}],"about":[{"href":"https:\/\/baldumarket.lt\/lt\/wp-json\/wp\/v2\/types\/product"}],"replies":[{"embeddable":true,"href":"https:\/\/baldumarket.lt\/lt\/wp-json\/wp\/v2\/comments?post=152036"}],"wp:featuredmedia":[{"embeddable":true,"href":"https:\/\/baldumarket.lt\/lt\/wp-json\/wp\/v2\/media\/152083"}],"wp:attachment":[{"href":"https:\/\/baldumarket.lt\/lt\/wp-json\/wp\/v2\/media?parent=152036"}],"wp:term":[{"taxonomy":"product_brand","embeddable":true,"href":"https:\/\/baldumarket.lt\/lt\/wp-json\/wp\/v2\/product_brand?post=152036"},{"taxonomy":"product_cat","embeddable":true,"href":"https:\/\/baldumarket.lt\/lt\/wp-json\/wp\/v2\/product_cat?post=152036"},{"taxonomy":"product_tag","embeddable":true,"href":"https:\/\/baldumarket.lt\/lt\/wp-json\/wp\/v2\/product_tag?post=152036"}],"curies":[{"name":"wp","href":"https:\/\/api.w.org\/{rel}","templated":true}]}}