{"id":152016,"date":"2025-12-18T05:37:32","date_gmt":"2025-12-18T02:37:32","guid":{"rendered":"https:\/\/baldumarket.lt\/?post_type=product&#038;p=152016"},"modified":"2026-02-03T23:33:58","modified_gmt":"2026-02-03T20:33:58","slug":"lozko-kontynentalne-140-rita-gr1","status":"publish","type":"product","link":"https:\/\/baldumarket.lt\/lt\/product\/lozko-kontynentalne-140-rita-gr1\/","title":{"rendered":"Kontinentin\u0117 lova 140 Rita Gr1"},"content":{"rendered":"<h5><span style=\"color: #54859b\">Apsilankykite m\u016bs\u0173 virtualioje WERSAL prek\u0117s \u017eenklo parduotuv\u0117je<\/span><\/h5>\n<p> <a href=\"https:\/\/my.matterport.com\/show\/?m=SjRhosZFbQJ\" target=\"_blank\" rel=\"noopener\"><span style=\"color: #e47025\">https:\/\/my.matterport.com\/<\/span><\/a><\/p>\n<p>Mink\u0161ta, kontinentinio stiliaus lova \u201eRita\u201c pasi\u017eymi i\u0161skirtiniu, eleganti\u0161ku galv\u016bgaliu su si\u016bl\u0117mis ir moderniu dizainu. \u0160is modelis turi erdvi\u0105 patalyn\u0117s d\u0117\u017e\u0119. \u012e kain\u0105 \u012fskai\u010diuota: lovos r\u0117mas su dviem ki\u0161enin\u0117mis ir \u201eBonnell\u201c spyruokl\u0117mis. Lova yra \u0161i\u0173 dyd\u017ei\u0173: 100, 120 ir 140. Kietumas \u2013 H2. U\u017evalkal\u0105 reikia \u012fsigyti atskirai.<\/p>","protected":false},"excerpt":{"rendered":"<p>Plotis: 156 cm<br \/>\nGylis: 212 cm<br \/>\n\u016agis: 108 cm<br \/>\nTinka \u010diu\u017einiams, kuri\u0173 matmenys: 140 \u00d7 200 cm<\/p>","protected":false},"featured_media":152065,"comment_status":"open","ping_status":"closed","template":"","meta":[],"product_brand":[],"product_cat":[9391,505,514,4104],"product_tag":[],"class_list":{"0":"post-152016","1":"product","2":"type-product","3":"status-publish","4":"has-post-thumbnail","6":"product_cat-dream-wersal-upholstered-furniture","7":"product_cat-bedroom-beds","8":"product_cat-continental-beds","9":"product_cat-wersal","11":"first","12":"instock","13":"shipping-taxable","14":"purchasable","15":"product-type-variable","16":"wvs-archive-product-wrapper"},"_links":{"self":[{"href":"https:\/\/baldumarket.lt\/lt\/wp-json\/wp\/v2\/product\/152016","targetHints":{"allow":["GET"]}}],"collection":[{"href":"https:\/\/baldumarket.lt\/lt\/wp-json\/wp\/v2\/product"}],"about":[{"href":"https:\/\/baldumarket.lt\/lt\/wp-json\/wp\/v2\/types\/product"}],"replies":[{"embeddable":true,"href":"https:\/\/baldumarket.lt\/lt\/wp-json\/wp\/v2\/comments?post=152016"}],"wp:featuredmedia":[{"embeddable":true,"href":"https:\/\/baldumarket.lt\/lt\/wp-json\/wp\/v2\/media\/152065"}],"wp:attachment":[{"href":"https:\/\/baldumarket.lt\/lt\/wp-json\/wp\/v2\/media?parent=152016"}],"wp:term":[{"taxonomy":"product_brand","embeddable":true,"href":"https:\/\/baldumarket.lt\/lt\/wp-json\/wp\/v2\/product_brand?post=152016"},{"taxonomy":"product_cat","embeddable":true,"href":"https:\/\/baldumarket.lt\/lt\/wp-json\/wp\/v2\/product_cat?post=152016"},{"taxonomy":"product_tag","embeddable":true,"href":"https:\/\/baldumarket.lt\/lt\/wp-json\/wp\/v2\/product_tag?post=152016"}],"curies":[{"name":"wp","href":"https:\/\/api.w.org\/{rel}","templated":true}]}}