{"id":151915,"date":"2025-12-18T05:35:03","date_gmt":"2025-12-18T02:35:03","guid":{"rendered":"https:\/\/baldumarket.lt\/?post_type=product&#038;p=151915"},"modified":"2026-02-03T23:34:00","modified_gmt":"2026-02-03T20:34:00","slug":"lozko-kontynentalne-100-nepo-z-pojemnikiem-gr1","status":"publish","type":"product","link":"https:\/\/baldumarket.lt\/lt\/product\/lozko-kontynentalne-100-nepo-z-pojemnikiem-gr1\/","title":{"rendered":"100 Nepo kontinentin\u0117 lova su Gr1 konteineriu"},"content":{"rendered":"<h5><span style=\"color: #54859b\">Apsilankykite m\u016bs\u0173 virtualioje WERSAL prek\u0117s \u017eenklo parduotuv\u0117je<\/span><\/h5>\n<p> <a href=\"https:\/\/my.matterport.com\/show\/?m=SjRhosZFbQJ\" target=\"_blank\" rel=\"noopener\"><span style=\"color: #e47025\">https:\/\/my.matterport.com\/<\/span><\/a><\/p>\n<p>\u201eNepo\u201c lova \u2013 tai unikalus baldas, kuris suteiks Jums komforto. Pagaminta i\u0161 auk\u0161\u010diausios kokyb\u0117s med\u017eiag\u0173, ji yra patvari ir tvirta. Lova turi vertikaliai dygsniuot\u0105, kont\u016bruot\u0105 galv\u016bgal\u012f, kad b\u016bt\u0173 dar patogiau. D\u0117l to ji puikiai tinka tiems, kurie vertina komfort\u0105 ir stili\u0173. Minimalistinis dizainas puikiai dera prie bet kokio interjero. D\u0117l savo patvarumo ir tvirtumo ji tarnaus Jums ilgus metus. Rinkit\u0117s \u201eNepo\u201c lov\u0105 ir m\u0117gaukit\u0117s patogiu nakties miegu bei gra\u017eia i\u0161vaizda!<\/p>","protected":false},"excerpt":{"rendered":"<p>Plotis: 106 cm<br \/>\nGylis: 209 cm<br \/>\nAuk\u0161tis: 105 cm<br \/>\nTinka \u010diu\u017einiams, kuri\u0173 matmenys: 100 \u00d7 200 cm<br \/>\nForma: pusapval\u0117<\/p>","protected":false},"featured_media":151968,"comment_status":"open","ping_status":"closed","template":"","meta":[],"product_brand":[],"product_cat":[9391,505,514,4104],"product_tag":[],"class_list":{"0":"post-151915","1":"product","2":"type-product","3":"status-publish","4":"has-post-thumbnail","6":"product_cat-dream-wersal-upholstered-furniture","7":"product_cat-bedroom-beds","8":"product_cat-continental-beds","9":"product_cat-wersal","11":"first","12":"instock","13":"shipping-taxable","14":"purchasable","15":"product-type-variable","16":"wvs-archive-product-wrapper"},"_links":{"self":[{"href":"https:\/\/baldumarket.lt\/lt\/wp-json\/wp\/v2\/product\/151915","targetHints":{"allow":["GET"]}}],"collection":[{"href":"https:\/\/baldumarket.lt\/lt\/wp-json\/wp\/v2\/product"}],"about":[{"href":"https:\/\/baldumarket.lt\/lt\/wp-json\/wp\/v2\/types\/product"}],"replies":[{"embeddable":true,"href":"https:\/\/baldumarket.lt\/lt\/wp-json\/wp\/v2\/comments?post=151915"}],"wp:featuredmedia":[{"embeddable":true,"href":"https:\/\/baldumarket.lt\/lt\/wp-json\/wp\/v2\/media\/151968"}],"wp:attachment":[{"href":"https:\/\/baldumarket.lt\/lt\/wp-json\/wp\/v2\/media?parent=151915"}],"wp:term":[{"taxonomy":"product_brand","embeddable":true,"href":"https:\/\/baldumarket.lt\/lt\/wp-json\/wp\/v2\/product_brand?post=151915"},{"taxonomy":"product_cat","embeddable":true,"href":"https:\/\/baldumarket.lt\/lt\/wp-json\/wp\/v2\/product_cat?post=151915"},{"taxonomy":"product_tag","embeddable":true,"href":"https:\/\/baldumarket.lt\/lt\/wp-json\/wp\/v2\/product_tag?post=151915"}],"curies":[{"name":"wp","href":"https:\/\/api.w.org\/{rel}","templated":true}]}}