{"id":151792,"date":"2025-12-18T05:32:03","date_gmt":"2025-12-18T02:32:03","guid":{"rendered":"https:\/\/baldumarket.lt\/?post_type=product&#038;p=151792"},"modified":"2026-02-03T23:34:04","modified_gmt":"2026-02-03T20:34:04","slug":"lozko-140-selene-gr1","status":"publish","type":"product","link":"https:\/\/baldumarket.lt\/lt\/product\/lozko-140-selene-gr1\/","title":{"rendered":"Lova 140 Selene Gr1"},"content":{"rendered":"<h5><span style=\"color: #54859b\">Apsilankykite m\u016bs\u0173 virtualioje WERSAL prek\u0117s \u017eenklo parduotuv\u0117je<\/span><\/h5>\n<p> <a href=\"https:\/\/my.matterport.com\/show\/?m=SjRhosZFbQJ\" target=\"_blank\" rel=\"noopener\"><span style=\"color: #e47025\">https:\/\/my.matterport.com\/<\/span><\/a><\/p>\n<p>\u201eSelene\u201c apmu\u0161ta lova su 106 cm galv\u016bgaliu ir vertikaliomis si\u016bl\u0117mis, dalijan\u010diomis galv\u016bgal\u012f \u012f dvi lygias dalis. \u012e kain\u0105 \u012fskai\u010diuotas baldo korpusas. \u010ciu\u017ein\u012f reikia \u012fsigyti atskirai. Lova yra 140, 160 ir 180 cm dyd\u017ei\u0173.<\/p>","protected":false},"excerpt":{"rendered":"<p>Plotis: 142 cm<br \/>\nGylis: 213 cm<br \/>\n\u016agis: 106 cm<br \/>\nTinka \u010diu\u017einiui, kurio matmenys: 140 \u00d7 200 cm<\/p>","protected":false},"featured_media":151845,"comment_status":"open","ping_status":"closed","template":"","meta":[],"product_brand":[],"product_cat":[9391,505,4104],"product_tag":[],"class_list":{"0":"post-151792","1":"product","2":"type-product","3":"status-publish","4":"has-post-thumbnail","6":"product_cat-dream-wersal-upholstered-furniture","7":"product_cat-bedroom-beds","8":"product_cat-wersal","10":"first","11":"instock","12":"shipping-taxable","13":"purchasable","14":"product-type-variable","15":"wvs-archive-product-wrapper"},"_links":{"self":[{"href":"https:\/\/baldumarket.lt\/lt\/wp-json\/wp\/v2\/product\/151792","targetHints":{"allow":["GET"]}}],"collection":[{"href":"https:\/\/baldumarket.lt\/lt\/wp-json\/wp\/v2\/product"}],"about":[{"href":"https:\/\/baldumarket.lt\/lt\/wp-json\/wp\/v2\/types\/product"}],"replies":[{"embeddable":true,"href":"https:\/\/baldumarket.lt\/lt\/wp-json\/wp\/v2\/comments?post=151792"}],"wp:featuredmedia":[{"embeddable":true,"href":"https:\/\/baldumarket.lt\/lt\/wp-json\/wp\/v2\/media\/151845"}],"wp:attachment":[{"href":"https:\/\/baldumarket.lt\/lt\/wp-json\/wp\/v2\/media?parent=151792"}],"wp:term":[{"taxonomy":"product_brand","embeddable":true,"href":"https:\/\/baldumarket.lt\/lt\/wp-json\/wp\/v2\/product_brand?post=151792"},{"taxonomy":"product_cat","embeddable":true,"href":"https:\/\/baldumarket.lt\/lt\/wp-json\/wp\/v2\/product_cat?post=151792"},{"taxonomy":"product_tag","embeddable":true,"href":"https:\/\/baldumarket.lt\/lt\/wp-json\/wp\/v2\/product_tag?post=151792"}],"curies":[{"name":"wp","href":"https:\/\/api.w.org\/{rel}","templated":true}]}}