{"id":151756,"date":"2025-12-18T05:31:04","date_gmt":"2025-12-18T02:31:04","guid":{"rendered":"https:\/\/baldumarket.lt\/?post_type=product&#038;p=151756"},"modified":"2026-02-03T23:34:05","modified_gmt":"2026-02-03T20:34:05","slug":"fotel-z-regulowanym-oparciem-xavi-gr1","status":"publish","type":"product","link":"https:\/\/baldumarket.lt\/lt\/product\/fotel-z-regulowanym-oparciem-xavi-gr1\/","title":{"rendered":"Xavi Gr1 fotelis su reguliuojamu atlo\u0161u"},"content":{"rendered":"<h5><span style=\"color: #54859b\">Apsilankykite m\u016bs\u0173 virtualioje WERSAL prek\u0117s \u017eenklo parduotuv\u0117je<\/span><\/h5>\n<p> <a href=\"https:\/\/my.matterport.com\/show\/?m=SjRhosZFbQJ\" target=\"_blank\" rel=\"noopener\"><span style=\"color: #e47025\">https:\/\/my.matterport.com\/<\/span><\/a><\/p>\n<p>\u201eXavi 1\u201c fotelis \u2013 modernus ir stilingas pasirinkimas, skirtas kasdieniam poilsiui ir funkcionalumui. Jo plotis \u2013 79 cm, auk\u0161tis \u2013 105 cm, o gylis \u2013 reguliuojamas nuo 88 iki 158 cm. S\u0117dyn\u0117 yra 50 cm auk\u0161\u010dio ir u\u017epildyta vingiuotomis spyruokl\u0117mis, o atlo\u0161as pamink\u0161tintas poliuretano putomis, u\u017etikrinan\u010diomis patogi\u0105 atram\u0105 ir komfort\u0105 naudojimo metu. Visas baldas stovi ant juod\u0173 metalini\u0173 kojeli\u0173. \u0160is modelis turi atsipalaidavimo funkcij\u0105 su reguliuojamu atlo\u0161u ir porankiu, leid\u017eian\u010diu individualiai reguliuoti pad\u0117t\u012f. Be to, fotelis turi rankinio atlo\u0161o reguliavimo funkcij\u0105. \u201eXavi 3\u201c fotel\u012f su visi\u0161kai apmu\u0161tu atlo\u0161u galima pastatyti prie sienos arba kambario centre. Tai eleganti\u0161kas, ta\u010diau funkcionalus dizainas, puikiai tiksiantis modernioje svetain\u0117je ir u\u017etikrinantis kasdien\u012f komfort\u0105. Taip pat galima \u012fsigyti versij\u0105 su reguliuojamu atlo\u0161u.<\/p>","protected":false},"excerpt":{"rendered":"<p>Plotis: 79 cm<br \/>\nAuk\u0161tis: 105 cm<br \/>\nGylis: 88 cm<br \/>\nAtrama: ant koj\u0173<br \/>\nProdukto b\u016bkl\u0117: savaranki\u0161kas surinkimas<\/p>","protected":false},"featured_media":151812,"comment_status":"open","ping_status":"closed","template":"","meta":[],"product_brand":[],"product_cat":[9395,634,4104],"product_tag":[],"class_list":{"0":"post-151756","1":"product","2":"type-product","3":"status-publish","4":"has-post-thumbnail","6":"product_cat-upholstered-furniture-accessories-wersal","7":"product_cat-armchairs","8":"product_cat-wersal","10":"first","11":"instock","12":"shipping-taxable","13":"purchasable","14":"product-type-variable","15":"wvs-archive-product-wrapper"},"_links":{"self":[{"href":"https:\/\/baldumarket.lt\/lt\/wp-json\/wp\/v2\/product\/151756","targetHints":{"allow":["GET"]}}],"collection":[{"href":"https:\/\/baldumarket.lt\/lt\/wp-json\/wp\/v2\/product"}],"about":[{"href":"https:\/\/baldumarket.lt\/lt\/wp-json\/wp\/v2\/types\/product"}],"replies":[{"embeddable":true,"href":"https:\/\/baldumarket.lt\/lt\/wp-json\/wp\/v2\/comments?post=151756"}],"wp:featuredmedia":[{"embeddable":true,"href":"https:\/\/baldumarket.lt\/lt\/wp-json\/wp\/v2\/media\/151812"}],"wp:attachment":[{"href":"https:\/\/baldumarket.lt\/lt\/wp-json\/wp\/v2\/media?parent=151756"}],"wp:term":[{"taxonomy":"product_brand","embeddable":true,"href":"https:\/\/baldumarket.lt\/lt\/wp-json\/wp\/v2\/product_brand?post=151756"},{"taxonomy":"product_cat","embeddable":true,"href":"https:\/\/baldumarket.lt\/lt\/wp-json\/wp\/v2\/product_cat?post=151756"},{"taxonomy":"product_tag","embeddable":true,"href":"https:\/\/baldumarket.lt\/lt\/wp-json\/wp\/v2\/product_tag?post=151756"}],"curies":[{"name":"wp","href":"https:\/\/api.w.org\/{rel}","templated":true}]}}