{"id":151740,"date":"2025-12-18T05:30:36","date_gmt":"2025-12-18T02:30:36","guid":{"rendered":"https:\/\/baldumarket.lt\/?post_type=product&#038;p=151740"},"modified":"2026-02-03T23:34:05","modified_gmt":"2026-02-03T20:34:05","slug":"fotel-tiga-gr1","status":"publish","type":"product","link":"https:\/\/baldumarket.lt\/lt\/product\/fotel-tiga-gr1\/","title":{"rendered":"Tiga Gr1 fotelis"},"content":{"rendered":"<h5><span style=\"color: #54859b\">Apsilankykite m\u016bs\u0173 virtualioje WERSAL prek\u0117s \u017eenklo parduotuv\u0117je<\/span><\/h5>\n<p> <a href=\"https:\/\/my.matterport.com\/show\/?m=SjRhosZFbQJ\" target=\"_blank\" rel=\"noopener\"><span style=\"color: #e47025\">https:\/\/my.matterport.com\/<\/span><\/a><\/p>\n<p>Tiga fotelis<br \/>\n\u0160is fotelis pasi\u017eymi i\u0161skirtine, kubine forma su pary\u0161kintais porankiais, skirtu kasdieniam poilsiui. Jis bus patogi vieta skaityti ar atsipalaiduoti svetain\u0117je, biure ar poilsio zonoje, kur reikalinga tvirta ir stabili s\u0117dyn\u0117.<br \/>\nS\u0117dyn\u0117s patogumas ir funkcionalumas<br \/>\n79 cm (be nugaros pagalv\u0117l\u0117s) ir 57 cm (su nugaros pagalv\u0117le) s\u0117dyn\u0117s gylis leid\u017eia patogiai atsilo\u0161ti, o 44 cm auk\u0161tis \u2013 lengvai s\u0117d\u0117ti ir stov\u0117ti. Banguot\u0173 spyruokli\u0173, poliuretano put\u0173 ir apmu\u0161al\u0173 dir\u017eeli\u0173 u\u017epildas suteikia lanks\u010di\u0105 atram\u0105 ir ilgaam\u017ei\u0161kum\u0105, tod\u0117l k\u0117d\u0117 i\u0161lieka patogi net ir da\u017enai naudojant. Nuotraukoje parodytos nugaros ir \u0161onin\u0117s pagalv\u0117l\u0117s leid\u017eia pritaikyti atlo\u0161\u0105 pagal individualius poreikius.<br \/>\nKonstrukcija ir detal\u0117s<br \/>\nTvirta konstrukcija, paremta mediniais elementais, lenta ir fanera, garantuoja konstrukcijos stabilum\u0105. Fotelis turi porankius ir pakoj\u012f, tod\u0117l lengva pasiekti grindis ir palaikyti tvark\u0105 erdv\u0117je. Dekoratyvin\u0117s si\u016bl\u0117s sutvarko pavir\u0161i\u0173 ir pabr\u0117\u017eia modern\u0173 dizaino charakter\u012f.<br \/>\nB\u016bkl\u0117 ir naudojimas<br \/>\nProduktas pristatomas i\u0161 dalies surinktas, tod\u0117l sutrump\u0117ja paruo\u0161imo laikas ir supaprast\u0117ja bald\u0173 i\u0161d\u0117stymas kambaryje.<br \/>\nMatmenys<br \/>\nPlotis: 115 cm, auk\u0161tis: 87 cm, gylis: 103 cm. S\u0117dyn\u0117: auk\u0161tis: 44 cm, gylis: 79 arba 57 cm.<\/p>","protected":false},"excerpt":{"rendered":"<p>Plotis: 115 cm<br \/>\nAuk\u0161tis: 87 cm<br \/>\nGylis: 103 cm<br \/>\nS\u0117dyn\u0117s auk\u0161tis: 44 cm<br \/>\nS\u0117dyn\u0117s gylis: 79 cm<\/p>","protected":false},"featured_media":151804,"comment_status":"open","ping_status":"closed","template":"","meta":[],"product_brand":[],"product_cat":[9395,634,4104],"product_tag":[],"class_list":{"0":"post-151740","1":"product","2":"type-product","3":"status-publish","4":"has-post-thumbnail","6":"product_cat-upholstered-furniture-accessories-wersal","7":"product_cat-armchairs","8":"product_cat-wersal","10":"first","11":"instock","12":"shipping-taxable","13":"purchasable","14":"product-type-variable","15":"wvs-archive-product-wrapper"},"_links":{"self":[{"href":"https:\/\/baldumarket.lt\/lt\/wp-json\/wp\/v2\/product\/151740","targetHints":{"allow":["GET"]}}],"collection":[{"href":"https:\/\/baldumarket.lt\/lt\/wp-json\/wp\/v2\/product"}],"about":[{"href":"https:\/\/baldumarket.lt\/lt\/wp-json\/wp\/v2\/types\/product"}],"replies":[{"embeddable":true,"href":"https:\/\/baldumarket.lt\/lt\/wp-json\/wp\/v2\/comments?post=151740"}],"wp:featuredmedia":[{"embeddable":true,"href":"https:\/\/baldumarket.lt\/lt\/wp-json\/wp\/v2\/media\/151804"}],"wp:attachment":[{"href":"https:\/\/baldumarket.lt\/lt\/wp-json\/wp\/v2\/media?parent=151740"}],"wp:term":[{"taxonomy":"product_brand","embeddable":true,"href":"https:\/\/baldumarket.lt\/lt\/wp-json\/wp\/v2\/product_brand?post=151740"},{"taxonomy":"product_cat","embeddable":true,"href":"https:\/\/baldumarket.lt\/lt\/wp-json\/wp\/v2\/product_cat?post=151740"},{"taxonomy":"product_tag","embeddable":true,"href":"https:\/\/baldumarket.lt\/lt\/wp-json\/wp\/v2\/product_tag?post=151740"}],"curies":[{"name":"wp","href":"https:\/\/api.w.org\/{rel}","templated":true}]}}