{"id":151736,"date":"2025-12-18T05:30:33","date_gmt":"2025-12-18T02:30:33","guid":{"rendered":"https:\/\/baldumarket.lt\/?post_type=product&#038;p=151736"},"modified":"2026-02-03T23:34:05","modified_gmt":"2026-02-03T20:34:05","slug":"fotel-sato-120-gr1","status":"publish","type":"product","link":"https:\/\/baldumarket.lt\/lt\/product\/fotel-sato-120-gr1\/","title":{"rendered":"Sato 120 Gr1 fotelis"},"content":{"rendered":"<h5><span style=\"color: #54859b\">Apsilankykite m\u016bs\u0173 virtualioje WERSAL prek\u0117s \u017eenklo parduotuv\u0117je<\/span><\/h5>\n<p> <a href=\"https:\/\/my.matterport.com\/show\/?m=SjRhosZFbQJ\" target=\"_blank\" rel=\"noopener\"><span style=\"color: #e47025\">https:\/\/my.matterport.com\/<\/span><\/a><\/p>\n<p>Modernus komfortas kasdieniam gyvenimui<br \/>\n\u201eSato 120\u201c kr\u0117slas \u2013 tai dizainas, kuris prad\u017eiugins kiekvien\u0105 komforto ir \u0161iuolaiki\u0161ko dizaino m\u0117g\u0117j\u0105. Unikalus jo siluetas traukia ak\u012f skland\u017eiomis, \u0161velniai i\u0161lenktomis linijomis, sukurian\u010diomis harmoning\u0105 visum\u0105. Kr\u0117slo plati s\u0117dyn\u0117 \u2013 \u012fsp\u016bdingo 120 cm plo\u010dio ir 168 cm gylio, tod\u0117l jis idealiai tinka poilsiui vienam arba dviese. Kr\u0117slo auk\u0161tis yra 35 cm, tod\u0117l jame patogu s\u0117d\u0117ti, o \u017eemas profilis suteikia jam modernumo ir puikiai tinka \u012fvairios paskirties erdv\u0117se. Papildomas privalumas \u2013 galvos atrama ir dvi ma\u017eos pagalv\u0117l\u0117s, leid\u017eian\u010dios kr\u0117sl\u0105 pritaikyti pagal savo poreikius.<br \/>\nRafinuotas dizainas ir apgalvotos detal\u0117s<br \/>\n\u201eSato 120\u201c fotelio unikalum\u0105 pabr\u0117\u017eia kruop\u0161\u010diai apgalvotas dizainas ir panaudotos med\u017eiagos. S\u0117dyn\u0117 u\u017epildyta A tipo vingiuotomis spyruokl\u0117mis ir poliuretano putomis, u\u017etikrinan\u010diomis optimal\u0173 komfort\u0105 ir pakankam\u0105 elastingum\u0105. Atlo\u0161as, pagamintas i\u0161 elasting\u0173 dir\u017eeli\u0173 ir poliuretano put\u0173, suteikia puiki\u0105 nugaros atram\u0105 ir u\u017etikrina komfort\u0105 net ir ilgai atsipalaiduojant. Baldas stovi ant diskreti\u0161k\u0173, 1,5 cm auk\u0161\u010dio plastikini\u0173 kojeli\u0173, kurios u\u017etikrina stabilum\u0105, ta\u010diau i\u0161lieka prakti\u0161kai nematomos, pabr\u0117\u017eiant dizaino lengvum\u0105 ir modernum\u0105. Visas baldas aptrauktas auk\u0161tos kokyb\u0117s audiniu, kuris patogiai priglunda prie k\u016bno ir u\u017etikrina patvarum\u0105 intensyviam naudojimui daugel\u012f met\u0173.<br \/>\nStilius ir paskirtis bet kokiam interjerui<br \/>\n\u201eSato 120\u201c fotelis yra ne tik funkcionalus baldas, bet ir dizainerio k\u016brinys, puikiai papildantis bet kokio interjero charakter\u012f. Minimalistin\u0117, ta\u010diau ry\u0161ki forma puikiai tiks erdviose svetain\u0117se, moderniuose miegamuosiuose ir poilsio kambariuose. Jis taip pat puikiai tiks poilsio zonai biure, nam\u0173 bibliotekoje ar eleganti\u0161kame sve\u010di\u0173 kambaryje. D\u0117l poranki\u0173 tr\u016bkumo \u0161is modelis suteikia didel\u0119 jud\u0117jimo laisv\u0119, o plati s\u0117dyn\u0117 leid\u017eia patogiai \u012fsitaisyti ir visi\u0161kai atsipalaiduoti. Tai puikus pasirinkimas tiems, kurie vertina netradicinius sprendimus, kurie derina komfort\u0105 su i\u0161skirtiniu stiliumi.<br \/>\nNam\u0173 naudojimo parinktys<br \/>\n\u201eSato 120\u201c kr\u0117slas stebina savo funkcionalumu ir universalumu. Tai puiki vieta popiet\u0117s miegui, m\u0117gstamos knygos skaitymui ar net ramiam poilsiui su muzika ar m\u0117gstamo filmo \u017ei\u016br\u0117jimui. Jo dizainas leid\u017eia tiek pab\u016bti vienatv\u0117je, tiek pab\u016bti su artimaisiais. Jis paruo\u0161tas naudoti i\u0161 karto po surinkimo, nereikalauja jokio papildomo surinkimo, tod\u0117l gal\u0117site i\u0161 karto m\u0117gautis jo unikaliomis savyb\u0117mis. \u201eSato 120\u201c kr\u0117slas kiekvien\u0105 namuose praleist\u0105 akimirk\u0105 pavers dar patogesne ir stilingesne.<\/p>","protected":false},"excerpt":{"rendered":"<p>Plotis: 118 cm<br \/>\nGylis: 168 cm<br \/>\nAuk\u0161tis: 80 cm<br \/>\nPorankiai: be poranki\u0173<br \/>\nApmu\u0161alai: apmu\u0161ti<\/p>","protected":false},"featured_media":151796,"comment_status":"open","ping_status":"closed","template":"","meta":[],"product_brand":[],"product_cat":[9395,634,4104],"product_tag":[],"class_list":{"0":"post-151736","1":"product","2":"type-product","3":"status-publish","4":"has-post-thumbnail","6":"product_cat-upholstered-furniture-accessories-wersal","7":"product_cat-armchairs","8":"product_cat-wersal","10":"first","11":"instock","12":"shipping-taxable","13":"purchasable","14":"product-type-variable","15":"wvs-archive-product-wrapper"},"_links":{"self":[{"href":"https:\/\/baldumarket.lt\/lt\/wp-json\/wp\/v2\/product\/151736","targetHints":{"allow":["GET"]}}],"collection":[{"href":"https:\/\/baldumarket.lt\/lt\/wp-json\/wp\/v2\/product"}],"about":[{"href":"https:\/\/baldumarket.lt\/lt\/wp-json\/wp\/v2\/types\/product"}],"replies":[{"embeddable":true,"href":"https:\/\/baldumarket.lt\/lt\/wp-json\/wp\/v2\/comments?post=151736"}],"wp:featuredmedia":[{"embeddable":true,"href":"https:\/\/baldumarket.lt\/lt\/wp-json\/wp\/v2\/media\/151796"}],"wp:attachment":[{"href":"https:\/\/baldumarket.lt\/lt\/wp-json\/wp\/v2\/media?parent=151736"}],"wp:term":[{"taxonomy":"product_brand","embeddable":true,"href":"https:\/\/baldumarket.lt\/lt\/wp-json\/wp\/v2\/product_brand?post=151736"},{"taxonomy":"product_cat","embeddable":true,"href":"https:\/\/baldumarket.lt\/lt\/wp-json\/wp\/v2\/product_cat?post=151736"},{"taxonomy":"product_tag","embeddable":true,"href":"https:\/\/baldumarket.lt\/lt\/wp-json\/wp\/v2\/product_tag?post=151736"}],"curies":[{"name":"wp","href":"https:\/\/api.w.org\/{rel}","templated":true}]}}