{"id":151731,"date":"2025-12-18T05:30:10","date_gmt":"2025-12-18T02:30:10","guid":{"rendered":"https:\/\/baldumarket.lt\/?post_type=product&#038;p=151731"},"modified":"2026-02-03T23:34:05","modified_gmt":"2026-02-03T20:34:05","slug":"lozko-kontynentalne-hudson-140x200-gr1","status":"publish","type":"product","link":"https:\/\/baldumarket.lt\/lt\/product\/lozko-kontynentalne-hudson-140x200-gr1\/","title":{"rendered":"Hudson kontinentin\u0117 lova 140&#215;200 Gr1"},"content":{"rendered":"<h5><span style=\"color: #54859b\">Apsilankykite m\u016bs\u0173 virtualioje WERSAL prek\u0117s \u017eenklo parduotuv\u0117je<\/span><\/h5>\n<p> <a href=\"https:\/\/my.matterport.com\/show\/?m=SjRhosZFbQJ\" target=\"_blank\" rel=\"noopener\"><span style=\"color: #e47025\">https:\/\/my.matterport.com\/<\/span><\/a><\/p>\n<p>\u201eHudson\u201c kontinentin\u0117 lova, kurios matmenys 140 \u00d7 200 cm, puikiai tinka tiems,<br \/>\nIe\u0161kote patogaus, bet kompakti\u0161kesnio miegamojo sprendimo? Patvari konstrukcija u\u017etikrina ilgaam\u017ei\u0161kum\u0105 ir stabilum\u0105, o dygsniuotas galv\u016bgalis suteikia elegancijos. Naudotos auk\u0161tos kokyb\u0117s med\u017eiagos kartu su turima spalv\u0173 palete leid\u017eia jums<br \/>\nsukurkite asmenin\u0119 poilsio erdv\u0119. Nepaisant ma\u017eesnio dyd\u017eio<br \/>\ndyd\u017eio, lova i\u0161laiko visas funkcijas, \u012fskaitant patogum\u0105<br \/>\nsand\u0117liavimas. \u012e \u0161io modelio kain\u0105 ne\u012feina vir\u0161utinis dangtis.<br \/>\nMatmenys:<\/p>","protected":false},"excerpt":{"rendered":"<p>Plotis: 160 cm<br \/>\nAuk\u0161tis: 130 cm<br \/>\nGylis: 220 cm<br \/>\nMiegamasis plotas: 140 \u00d7 200 cm<\/p>","protected":false},"featured_media":151785,"comment_status":"open","ping_status":"closed","template":"","meta":[],"product_brand":[],"product_cat":[9391,505,1970,514,4104],"product_tag":[],"class_list":{"0":"post-151731","1":"product","2":"type-product","3":"status-publish","4":"has-post-thumbnail","6":"product_cat-dream-wersal-upholstered-furniture","7":"product_cat-bedroom-beds","8":"product_cat-beds-140x200","9":"product_cat-continental-beds","10":"product_cat-wersal","12":"first","13":"instock","14":"shipping-taxable","15":"purchasable","16":"product-type-variable","17":"wvs-archive-product-wrapper"},"_links":{"self":[{"href":"https:\/\/baldumarket.lt\/lt\/wp-json\/wp\/v2\/product\/151731","targetHints":{"allow":["GET"]}}],"collection":[{"href":"https:\/\/baldumarket.lt\/lt\/wp-json\/wp\/v2\/product"}],"about":[{"href":"https:\/\/baldumarket.lt\/lt\/wp-json\/wp\/v2\/types\/product"}],"replies":[{"embeddable":true,"href":"https:\/\/baldumarket.lt\/lt\/wp-json\/wp\/v2\/comments?post=151731"}],"wp:featuredmedia":[{"embeddable":true,"href":"https:\/\/baldumarket.lt\/lt\/wp-json\/wp\/v2\/media\/151785"}],"wp:attachment":[{"href":"https:\/\/baldumarket.lt\/lt\/wp-json\/wp\/v2\/media?parent=151731"}],"wp:term":[{"taxonomy":"product_brand","embeddable":true,"href":"https:\/\/baldumarket.lt\/lt\/wp-json\/wp\/v2\/product_brand?post=151731"},{"taxonomy":"product_cat","embeddable":true,"href":"https:\/\/baldumarket.lt\/lt\/wp-json\/wp\/v2\/product_cat?post=151731"},{"taxonomy":"product_tag","embeddable":true,"href":"https:\/\/baldumarket.lt\/lt\/wp-json\/wp\/v2\/product_tag?post=151731"}],"curies":[{"name":"wp","href":"https:\/\/api.w.org\/{rel}","templated":true}]}}