{"id":151713,"date":"2025-12-18T05:29:39","date_gmt":"2025-12-18T02:29:39","guid":{"rendered":"https:\/\/baldumarket.lt\/?post_type=product&#038;p=151713"},"modified":"2026-02-03T23:34:05","modified_gmt":"2026-02-03T20:34:05","slug":"lozko-kontynentalne-hudson-180x200-gr1","status":"publish","type":"product","link":"https:\/\/baldumarket.lt\/lt\/product\/lozko-kontynentalne-hudson-180x200-gr1\/","title":{"rendered":"Hudson kontinentin\u0117 lova 180&#215;200 Gr1"},"content":{"rendered":"<h5><span style=\"color: #54859b\">Apsilankykite m\u016bs\u0173 virtualioje WERSAL prek\u0117s \u017eenklo parduotuv\u0117je<\/span><\/h5>\n<p> <a href=\"https:\/\/my.matterport.com\/show\/?m=SjRhosZFbQJ\" target=\"_blank\" rel=\"noopener\"><span style=\"color: #e47025\">https:\/\/my.matterport.com\/<\/span><\/a><\/p>\n<p>Eleganti\u0161ka ir funkcionali kontinentin\u0117 \u201eHudson\u201c lova, kurios matmenys \u2013 180 \u00d7 200 cm, yra komforto ir stiliaus vir\u0161\u016bn\u0117. Erdv\u016bs, spyruokliniai \u010diu\u017einiai u\u017etikrina neprilygstam\u0105 miego komfort\u0105. Giliai dygsniuotas, auk\u0161tas galv\u016bgalis ne tik atrodo \u012fsp\u016bdingai, bet ir suteikia patogi\u0105 atram\u0105 skaitant vakare. Lovos pagrindas yra apdailintas subtiliomis si\u016bl\u0117mis, suteikian\u010diomis modernumo. Galimas platus med\u017eiag\u0173 ir spalv\u0173 pasirinkimas, kad gal\u0117tum\u0117te pritaikyti i\u0161vaizd\u0105 pagal savo individualius pageidavimus. \u012e \u0161io modelio kain\u0105 ne\u012fskai\u010diuotas vir\u0161utinis u\u017evalkalas.<br \/>\nMatmenys:<\/p>","protected":false},"excerpt":{"rendered":"<p>Plotis: 200 cm<br \/>\nAuk\u0161tis: 130 cm<br \/>\nGylis: 220 cm<br \/>\nMiegamoji erdv\u0117: 180 \u00d7 200 cm<\/p>","protected":false},"featured_media":151767,"comment_status":"open","ping_status":"closed","template":"","meta":[],"product_brand":[],"product_cat":[9391,505,1972,514,4104],"product_tag":[],"class_list":{"0":"post-151713","1":"product","2":"type-product","3":"status-publish","4":"has-post-thumbnail","6":"product_cat-dream-wersal-upholstered-furniture","7":"product_cat-bedroom-beds","8":"product_cat-beds-180x200","9":"product_cat-continental-beds","10":"product_cat-wersal","12":"first","13":"instock","14":"shipping-taxable","15":"purchasable","16":"product-type-variable","17":"wvs-archive-product-wrapper"},"_links":{"self":[{"href":"https:\/\/baldumarket.lt\/lt\/wp-json\/wp\/v2\/product\/151713","targetHints":{"allow":["GET"]}}],"collection":[{"href":"https:\/\/baldumarket.lt\/lt\/wp-json\/wp\/v2\/product"}],"about":[{"href":"https:\/\/baldumarket.lt\/lt\/wp-json\/wp\/v2\/types\/product"}],"replies":[{"embeddable":true,"href":"https:\/\/baldumarket.lt\/lt\/wp-json\/wp\/v2\/comments?post=151713"}],"wp:featuredmedia":[{"embeddable":true,"href":"https:\/\/baldumarket.lt\/lt\/wp-json\/wp\/v2\/media\/151767"}],"wp:attachment":[{"href":"https:\/\/baldumarket.lt\/lt\/wp-json\/wp\/v2\/media?parent=151713"}],"wp:term":[{"taxonomy":"product_brand","embeddable":true,"href":"https:\/\/baldumarket.lt\/lt\/wp-json\/wp\/v2\/product_brand?post=151713"},{"taxonomy":"product_cat","embeddable":true,"href":"https:\/\/baldumarket.lt\/lt\/wp-json\/wp\/v2\/product_cat?post=151713"},{"taxonomy":"product_tag","embeddable":true,"href":"https:\/\/baldumarket.lt\/lt\/wp-json\/wp\/v2\/product_tag?post=151713"}],"curies":[{"name":"wp","href":"https:\/\/api.w.org\/{rel}","templated":true}]}}