{"id":151711,"date":"2025-12-18T05:29:38","date_gmt":"2025-12-18T02:29:38","guid":{"rendered":"https:\/\/baldumarket.lt\/?post_type=product&#038;p=151711"},"modified":"2026-02-03T23:34:05","modified_gmt":"2026-02-03T20:34:05","slug":"lozko-kontynentalne-lucio-140x200-gr1","status":"publish","type":"product","link":"https:\/\/baldumarket.lt\/lt\/product\/lozko-kontynentalne-lucio-140x200-gr1\/","title":{"rendered":"Kontinentin\u0117 lova Lucio 140&#215;200 Gr1"},"content":{"rendered":"<h5><span style=\"color: #54859b\">Apsilankykite m\u016bs\u0173 virtualioje WERSAL prek\u0117s \u017eenklo parduotuv\u0117je<\/span><\/h5>\n<p> <a href=\"https:\/\/my.matterport.com\/show\/?m=SjRhosZFbQJ\" target=\"_blank\" rel=\"noopener\"><span style=\"color: #e47025\">https:\/\/my.matterport.com\/<\/span><\/a><\/p>\n<p>Puikus sprendimas ma\u017eesn\u0117ms erdv\u0117ms \u2013 140 \u00d7 200 cm dyd\u017eio kontinentin\u0117 lova \u201eLucio\u201c i\u0161laiko visas didesni\u0173 lov\u0173 savybes, derindama funkcionalum\u0105 ir elegancij\u0105. Kompakti\u0161kas dydis nekenkia miego komfortui, o platus audini\u0173 ir spalv\u0173 pasirinkimas leid\u017eia pritaikyti lov\u0105 prie bet kokio interjero. Matmenys:<\/p>","protected":false},"excerpt":{"rendered":"<p>Plotis: 160 cm<br \/>\n\u016agis: 121 cm<br \/>\nGylis: 215 cm<br \/>\nMiegamasis plotas: 140 \u00d7 200 cm<\/p>","protected":false},"featured_media":151760,"comment_status":"open","ping_status":"closed","template":"","meta":[],"product_brand":[],"product_cat":[9391,505,1970,514,4104],"product_tag":[],"class_list":{"0":"post-151711","1":"product","2":"type-product","3":"status-publish","4":"has-post-thumbnail","6":"product_cat-dream-wersal-upholstered-furniture","7":"product_cat-bedroom-beds","8":"product_cat-beds-140x200","9":"product_cat-continental-beds","10":"product_cat-wersal","12":"first","13":"instock","14":"shipping-taxable","15":"purchasable","16":"product-type-variable","17":"wvs-archive-product-wrapper"},"_links":{"self":[{"href":"https:\/\/baldumarket.lt\/lt\/wp-json\/wp\/v2\/product\/151711","targetHints":{"allow":["GET"]}}],"collection":[{"href":"https:\/\/baldumarket.lt\/lt\/wp-json\/wp\/v2\/product"}],"about":[{"href":"https:\/\/baldumarket.lt\/lt\/wp-json\/wp\/v2\/types\/product"}],"replies":[{"embeddable":true,"href":"https:\/\/baldumarket.lt\/lt\/wp-json\/wp\/v2\/comments?post=151711"}],"wp:featuredmedia":[{"embeddable":true,"href":"https:\/\/baldumarket.lt\/lt\/wp-json\/wp\/v2\/media\/151760"}],"wp:attachment":[{"href":"https:\/\/baldumarket.lt\/lt\/wp-json\/wp\/v2\/media?parent=151711"}],"wp:term":[{"taxonomy":"product_brand","embeddable":true,"href":"https:\/\/baldumarket.lt\/lt\/wp-json\/wp\/v2\/product_brand?post=151711"},{"taxonomy":"product_cat","embeddable":true,"href":"https:\/\/baldumarket.lt\/lt\/wp-json\/wp\/v2\/product_cat?post=151711"},{"taxonomy":"product_tag","embeddable":true,"href":"https:\/\/baldumarket.lt\/lt\/wp-json\/wp\/v2\/product_tag?post=151711"}],"curies":[{"name":"wp","href":"https:\/\/api.w.org\/{rel}","templated":true}]}}